{"id":3716,"date":"2026-03-19T13:17:25","date_gmt":"2026-03-19T12:17:25","guid":{"rendered":"https:\/\/idealstone.sk\/szinmintak\/termesko\/travertin\/"},"modified":"2026-03-25T16:03:26","modified_gmt":"2026-03-25T15:03:26","slug":"travertin","status":"publish","type":"page","link":"https:\/\/idealstone.sk\/hu\/szinmintak\/termesko\/travertin\/","title":{"rendered":"Travertin"},"content":{"rendered":"\t\t<div data-elementor-type=\"wp-page\" data-elementor-id=\"3716\" class=\"elementor elementor-3716 elementor-3196\" data-elementor-post-type=\"page\">\n\t\t\t\t<div class=\"elementor-element elementor-element-1be49b0 e-flex e-con-boxed e-con e-parent\" data-id=\"1be49b0\" data-element_type=\"container\" data-e-type=\"container\">\n\t\t\t\t\t<div class=\"e-con-inner\">\n\t\t\t\t<div class=\"elementor-element elementor-element-99ea5ec uael-img-grid__column-2 uael-img-grid-tablet__column-3 uael-img-grid-mobile__column-2 uael-ins-normal uael-img-caption-valign-bottom elementor-widget elementor-widget-uael-image-gallery\" data-id=\"99ea5ec\" data-element_type=\"widget\" data-e-type=\"widget\" data-settings=\"{&quot;column_gap&quot;:{&quot;unit&quot;:&quot;px&quot;,&quot;size&quot;:0,&quot;sizes&quot;:[]},&quot;column_gap_laptop&quot;:{&quot;unit&quot;:&quot;px&quot;,&quot;size&quot;:0,&quot;sizes&quot;:[]},&quot;row_gap&quot;:{&quot;unit&quot;:&quot;px&quot;,&quot;size&quot;:0,&quot;sizes&quot;:[]},&quot;gallery_columns&quot;:&quot;2&quot;,&quot;gallery_columns_tablet&quot;:&quot;3&quot;,&quot;gallery_columns_mobile&quot;:&quot;2&quot;,&quot;lightbox_margin_bottom&quot;:{&quot;unit&quot;:&quot;px&quot;,&quot;size&quot;:&quot;&quot;,&quot;sizes&quot;:[]},&quot;lightbox_margin_bottom_laptop&quot;:{&quot;unit&quot;:&quot;px&quot;,&quot;size&quot;:&quot;&quot;,&quot;sizes&quot;:[]},&quot;lightbox_margin_bottom_tablet&quot;:{&quot;unit&quot;:&quot;px&quot;,&quot;size&quot;:&quot;&quot;,&quot;sizes&quot;:[]},&quot;lightbox_margin_bottom_mobile&quot;:{&quot;unit&quot;:&quot;px&quot;,&quot;size&quot;:&quot;&quot;,&quot;sizes&quot;:[]},&quot;column_gap_tablet&quot;:{&quot;unit&quot;:&quot;px&quot;,&quot;size&quot;:&quot;&quot;,&quot;sizes&quot;:[]},&quot;column_gap_mobile&quot;:{&quot;unit&quot;:&quot;px&quot;,&quot;size&quot;:&quot;&quot;,&quot;sizes&quot;:[]},&quot;row_gap_laptop&quot;:{&quot;unit&quot;:&quot;px&quot;,&quot;size&quot;:&quot;&quot;,&quot;sizes&quot;:[]},&quot;row_gap_tablet&quot;:{&quot;unit&quot;:&quot;px&quot;,&quot;size&quot;:&quot;&quot;,&quot;sizes&quot;:[]},&quot;row_gap_mobile&quot;:{&quot;unit&quot;:&quot;px&quot;,&quot;size&quot;:&quot;&quot;,&quot;sizes&quot;:[]},&quot;images_valign&quot;:&quot;flex-start&quot;,&quot;caption_padding&quot;:{&quot;unit&quot;:&quot;px&quot;,&quot;top&quot;:&quot;&quot;,&quot;right&quot;:&quot;&quot;,&quot;bottom&quot;:&quot;&quot;,&quot;left&quot;:&quot;&quot;,&quot;isLinked&quot;:true},&quot;caption_padding_laptop&quot;:{&quot;unit&quot;:&quot;px&quot;,&quot;top&quot;:&quot;&quot;,&quot;right&quot;:&quot;&quot;,&quot;bottom&quot;:&quot;&quot;,&quot;left&quot;:&quot;&quot;,&quot;isLinked&quot;:true},&quot;caption_padding_tablet&quot;:{&quot;unit&quot;:&quot;px&quot;,&quot;top&quot;:&quot;&quot;,&quot;right&quot;:&quot;&quot;,&quot;bottom&quot;:&quot;&quot;,&quot;left&quot;:&quot;&quot;,&quot;isLinked&quot;:true},&quot;caption_padding_mobile&quot;:{&quot;unit&quot;:&quot;px&quot;,&quot;top&quot;:&quot;&quot;,&quot;right&quot;:&quot;&quot;,&quot;bottom&quot;:&quot;&quot;,&quot;left&quot;:&quot;&quot;,&quot;isLinked&quot;:true}}\" data-widget_type=\"uael-image-gallery.default\">\n\t\t\t\t<div class=\"elementor-widget-container\">\n\t\t\t\t\t<div class=\"uael-gallery-parent uael-caption-on-image uael-gallery-unjustified\"><div class=\"uael-img-gallery-wrap uael-img-grid-wrap uael-img-grid-masonry-wrap uael-image-lightbox-wrap\" data-filter-default=\"All\" data-lightbox_actions=\"[&quot;close&quot;]\" data-lightbox-gallery-loop=\"\"><div class=\"uael-grid-item  uael-img-gallery-item-1\"><div class=\"uael-grid-item-content\"><a class=\"uael-grid-img uael-grid-gallery-img uael-ins-hover elementor-clickable\" data-fancybox=\"uael-gallery\" data-caption=\"\" href=\"https:\/\/idealstone.sk\/wp-content\/uploads\/2026\/03\/TRAVERTINO-Classico-dierkovany.jpg\" data-elementor-open-lightbox=\"no\"><div class=\"uael-grid-img-thumbnail uael-ins-target\"><img fetchpriority=\"high\" decoding=\"async\" width=\"768\" height=\"318\" src=\"https:\/\/idealstone.sk\/wp-content\/uploads\/2026\/03\/TRAVERTINO-Classico-dierkovany-768x318.jpg\" class=\"attachment-medium_large size-medium_large wp-image-3852\" alt=\"\" srcset=\"https:\/\/idealstone.sk\/wp-content\/uploads\/2026\/03\/TRAVERTINO-Classico-dierkovany-768x318.jpg 768w, https:\/\/idealstone.sk\/wp-content\/uploads\/2026\/03\/TRAVERTINO-Classico-dierkovany-300x124.jpg 300w, https:\/\/idealstone.sk\/wp-content\/uploads\/2026\/03\/TRAVERTINO-Classico-dierkovany-1024x423.jpg 1024w, https:\/\/idealstone.sk\/wp-content\/uploads\/2026\/03\/TRAVERTINO-Classico-dierkovany-1536x635.jpg 1536w, https:\/\/idealstone.sk\/wp-content\/uploads\/2026\/03\/TRAVERTINO-Classico-dierkovany.jpg 1500w\" sizes=\"(max-width: 768px) 100vw, 768px\" \/><\/div><div class=\"uael-grid-img-overlay\"><\/div><\/a><\/div><\/div><div class=\"uael-grid-item  uael-img-gallery-item-2\"><div class=\"uael-grid-item-content\"><a class=\"uael-grid-img uael-grid-gallery-img uael-ins-hover elementor-clickable\" data-fancybox=\"uael-gallery\" data-caption=\"\" href=\"https:\/\/idealstone.sk\/wp-content\/uploads\/2026\/03\/TRAVERTINO-CLASSICO-spachtlovany.jpg\" data-elementor-open-lightbox=\"no\"><div class=\"uael-grid-img-thumbnail uael-ins-target\"><img decoding=\"async\" width=\"768\" height=\"318\" src=\"https:\/\/idealstone.sk\/wp-content\/uploads\/2026\/03\/TRAVERTINO-CLASSICO-spachtlovany-768x318.jpg\" class=\"attachment-medium_large size-medium_large wp-image-3854\" alt=\"\" srcset=\"https:\/\/idealstone.sk\/wp-content\/uploads\/2026\/03\/TRAVERTINO-CLASSICO-spachtlovany-768x318.jpg 768w, https:\/\/idealstone.sk\/wp-content\/uploads\/2026\/03\/TRAVERTINO-CLASSICO-spachtlovany-300x124.jpg 300w, https:\/\/idealstone.sk\/wp-content\/uploads\/2026\/03\/TRAVERTINO-CLASSICO-spachtlovany-1024x423.jpg 1024w, https:\/\/idealstone.sk\/wp-content\/uploads\/2026\/03\/TRAVERTINO-CLASSICO-spachtlovany-1536x635.jpg 1536w, https:\/\/idealstone.sk\/wp-content\/uploads\/2026\/03\/TRAVERTINO-CLASSICO-spachtlovany.jpg 1500w\" sizes=\"auto, (max-width: 768px) 100vw, 768px\" loading=\"lazy\" \/><\/div><div class=\"uael-grid-img-overlay\"><\/div><\/a><\/div><\/div><\/div><\/div>\t\t\t\t<\/div>\n\t\t\t\t<\/div>\n\t\t\t\t\t<\/div>\n\t\t\t\t<\/div>\n\t\t\t\t<\/div>\n\t\t","protected":false},"excerpt":{"rendered":"","protected":false},"author":6,"featured_media":0,"parent":213,"menu_order":0,"comment_status":"closed","ping_status":"closed","template":"","meta":{"footnotes":""},"class_list":["post-3716","page","type-page","status-publish","hentry"],"yoast_head":"<!-- This site is optimized with the Yoast SEO plugin v27.3 - https:\/\/yoast.com\/product\/yoast-seo-wordpress\/ -->\n<title>Travertin - IdealStone<\/title>\n<meta name=\"robots\" content=\"index, follow, max-snippet:-1, max-image-preview:large, max-video-preview:-1\" \/>\n<link rel=\"canonical\" href=\"https:\/\/idealstone.sk\/hu\/szinmintak\/termesko\/travertin\/\" \/>\n<meta property=\"og:locale\" content=\"hu_HU\" \/>\n<meta property=\"og:type\" content=\"article\" \/>\n<meta property=\"og:title\" content=\"Travertin - IdealStone\" \/>\n<meta property=\"og:url\" content=\"https:\/\/idealstone.sk\/hu\/szinmintak\/termesko\/travertin\/\" \/>\n<meta property=\"og:site_name\" content=\"IdealStone\" \/>\n<meta property=\"article:modified_time\" content=\"2026-03-25T15:03:26+00:00\" \/>\n<meta property=\"og:image\" content=\"https:\/\/idealstone.sk\/wp-content\/uploads\/2026\/03\/TRAVERTINO-Classico-dierkovany.jpg\" \/>\n\t<meta property=\"og:image:width\" content=\"1500\" \/>\n\t<meta property=\"og:image:height\" content=\"620\" \/>\n\t<meta property=\"og:image:type\" content=\"image\/jpeg\" \/>\n<script type=\"application\/ld+json\" class=\"yoast-schema-graph\">{\"@context\":\"https:\\\/\\\/schema.org\",\"@graph\":[{\"@type\":\"WebPage\",\"@id\":\"https:\\\/\\\/idealstone.sk\\\/hu\\\/szinmintak\\\/termesko\\\/travertin\\\/\",\"url\":\"https:\\\/\\\/idealstone.sk\\\/hu\\\/szinmintak\\\/termesko\\\/travertin\\\/\",\"name\":\"Travertin - IdealStone\",\"isPartOf\":{\"@id\":\"https:\\\/\\\/idealstone.sk\\\/hu\\\/#website\"},\"primaryImageOfPage\":{\"@id\":\"https:\\\/\\\/idealstone.sk\\\/hu\\\/szinmintak\\\/termesko\\\/travertin\\\/#primaryimage\"},\"image\":{\"@id\":\"https:\\\/\\\/idealstone.sk\\\/hu\\\/szinmintak\\\/termesko\\\/travertin\\\/#primaryimage\"},\"thumbnailUrl\":\"https:\\\/\\\/idealstone.sk\\\/wp-content\\\/uploads\\\/2026\\\/03\\\/TRAVERTINO-Classico-dierkovany-768x318.jpg\",\"datePublished\":\"2026-03-19T12:17:25+00:00\",\"dateModified\":\"2026-03-25T15:03:26+00:00\",\"breadcrumb\":{\"@id\":\"https:\\\/\\\/idealstone.sk\\\/hu\\\/szinmintak\\\/termesko\\\/travertin\\\/#breadcrumb\"},\"inLanguage\":\"hu\",\"potentialAction\":[{\"@type\":\"ReadAction\",\"target\":[\"https:\\\/\\\/idealstone.sk\\\/hu\\\/szinmintak\\\/termesko\\\/travertin\\\/\"]}]},{\"@type\":\"ImageObject\",\"inLanguage\":\"hu\",\"@id\":\"https:\\\/\\\/idealstone.sk\\\/hu\\\/szinmintak\\\/termesko\\\/travertin\\\/#primaryimage\",\"url\":\"https:\\\/\\\/idealstone.sk\\\/wp-content\\\/uploads\\\/2026\\\/03\\\/TRAVERTINO-Classico-dierkovany-768x318.jpg\",\"contentUrl\":\"https:\\\/\\\/idealstone.sk\\\/wp-content\\\/uploads\\\/2026\\\/03\\\/TRAVERTINO-Classico-dierkovany-768x318.jpg\"},{\"@type\":\"BreadcrumbList\",\"@id\":\"https:\\\/\\\/idealstone.sk\\\/hu\\\/szinmintak\\\/termesko\\\/travertin\\\/#breadcrumb\",\"itemListElement\":[{\"@type\":\"ListItem\",\"position\":1,\"name\":\"Kezd\u0151lap\",\"item\":\"https:\\\/\\\/idealstone.sk\\\/hu\\\/\"},{\"@type\":\"ListItem\",\"position\":2,\"name\":\"Sz\u00ednmint\u00e1k\",\"item\":\"https:\\\/\\\/idealstone.sk\\\/hu\\\/materialy\\\/\"},{\"@type\":\"ListItem\",\"position\":3,\"name\":\"Term\u00e9sk\u0151\",\"item\":\"https:\\\/\\\/idealstone.sk\\\/hu\\\/materialy\\\/prirodny-kamen\\\/\"},{\"@type\":\"ListItem\",\"position\":4,\"name\":\"Travertin\"}]},{\"@type\":\"WebSite\",\"@id\":\"https:\\\/\\\/idealstone.sk\\\/hu\\\/#website\",\"url\":\"https:\\\/\\\/idealstone.sk\\\/hu\\\/\",\"name\":\"IdealStone\",\"description\":\"Kamen\u00e1rstvo \u2013 v\u00fdroba, predaj a mont\u00e1\u017e v\u00fdrobkov z granitu, mramoru a umel\u00e9ho kame\u0148a\",\"publisher\":{\"@id\":\"https:\\\/\\\/idealstone.sk\\\/hu\\\/#organization\"},\"potentialAction\":[{\"@type\":\"SearchAction\",\"target\":{\"@type\":\"EntryPoint\",\"urlTemplate\":\"https:\\\/\\\/idealstone.sk\\\/hu\\\/?s={search_term_string}\"},\"query-input\":{\"@type\":\"PropertyValueSpecification\",\"valueRequired\":true,\"valueName\":\"search_term_string\"}}],\"inLanguage\":\"hu\"},{\"@type\":\"Organization\",\"@id\":\"https:\\\/\\\/idealstone.sk\\\/hu\\\/#organization\",\"name\":\"IdealStone\",\"url\":\"https:\\\/\\\/idealstone.sk\\\/hu\\\/\",\"logo\":{\"@type\":\"ImageObject\",\"inLanguage\":\"hu\",\"@id\":\"https:\\\/\\\/idealstone.sk\\\/hu\\\/#\\\/schema\\\/logo\\\/image\\\/\",\"url\":\"https:\\\/\\\/idealstone.sk\\\/wp-content\\\/uploads\\\/2026\\\/03\\\/Logo-1.png\",\"contentUrl\":\"https:\\\/\\\/idealstone.sk\\\/wp-content\\\/uploads\\\/2026\\\/03\\\/Logo-1.png\",\"width\":1603,\"height\":228,\"caption\":\"IdealStone\"},\"image\":{\"@id\":\"https:\\\/\\\/idealstone.sk\\\/hu\\\/#\\\/schema\\\/logo\\\/image\\\/\"}}]}<\/script>\n<!-- \/ Yoast SEO plugin. -->","yoast_head_json":{"title":"Travertin - IdealStone","robots":{"index":"index","follow":"follow","max-snippet":"max-snippet:-1","max-image-preview":"max-image-preview:large","max-video-preview":"max-video-preview:-1"},"canonical":"https:\/\/idealstone.sk\/hu\/szinmintak\/termesko\/travertin\/","og_locale":"hu_HU","og_type":"article","og_title":"Travertin - IdealStone","og_url":"https:\/\/idealstone.sk\/hu\/szinmintak\/termesko\/travertin\/","og_site_name":"IdealStone","article_modified_time":"2026-03-25T15:03:26+00:00","og_image":[{"width":1500,"height":620,"url":"https:\/\/idealstone.sk\/wp-content\/uploads\/2026\/03\/TRAVERTINO-Classico-dierkovany.jpg","type":"image\/jpeg"}],"schema":{"@context":"https:\/\/schema.org","@graph":[{"@type":"WebPage","@id":"https:\/\/idealstone.sk\/hu\/szinmintak\/termesko\/travertin\/","url":"https:\/\/idealstone.sk\/hu\/szinmintak\/termesko\/travertin\/","name":"Travertin - IdealStone","isPartOf":{"@id":"https:\/\/idealstone.sk\/hu\/#website"},"primaryImageOfPage":{"@id":"https:\/\/idealstone.sk\/hu\/szinmintak\/termesko\/travertin\/#primaryimage"},"image":{"@id":"https:\/\/idealstone.sk\/hu\/szinmintak\/termesko\/travertin\/#primaryimage"},"thumbnailUrl":"https:\/\/idealstone.sk\/wp-content\/uploads\/2026\/03\/TRAVERTINO-Classico-dierkovany-768x318.jpg","datePublished":"2026-03-19T12:17:25+00:00","dateModified":"2026-03-25T15:03:26+00:00","breadcrumb":{"@id":"https:\/\/idealstone.sk\/hu\/szinmintak\/termesko\/travertin\/#breadcrumb"},"inLanguage":"hu","potentialAction":[{"@type":"ReadAction","target":["https:\/\/idealstone.sk\/hu\/szinmintak\/termesko\/travertin\/"]}]},{"@type":"ImageObject","inLanguage":"hu","@id":"https:\/\/idealstone.sk\/hu\/szinmintak\/termesko\/travertin\/#primaryimage","url":"https:\/\/idealstone.sk\/wp-content\/uploads\/2026\/03\/TRAVERTINO-Classico-dierkovany-768x318.jpg","contentUrl":"https:\/\/idealstone.sk\/wp-content\/uploads\/2026\/03\/TRAVERTINO-Classico-dierkovany-768x318.jpg"},{"@type":"BreadcrumbList","@id":"https:\/\/idealstone.sk\/hu\/szinmintak\/termesko\/travertin\/#breadcrumb","itemListElement":[{"@type":"ListItem","position":1,"name":"Kezd\u0151lap","item":"https:\/\/idealstone.sk\/hu\/"},{"@type":"ListItem","position":2,"name":"Sz\u00ednmint\u00e1k","item":"https:\/\/idealstone.sk\/hu\/materialy\/"},{"@type":"ListItem","position":3,"name":"Term\u00e9sk\u0151","item":"https:\/\/idealstone.sk\/hu\/materialy\/prirodny-kamen\/"},{"@type":"ListItem","position":4,"name":"Travertin"}]},{"@type":"WebSite","@id":"https:\/\/idealstone.sk\/hu\/#website","url":"https:\/\/idealstone.sk\/hu\/","name":"IdealStone","description":"Kamen\u00e1rstvo \u2013 v\u00fdroba, predaj a mont\u00e1\u017e v\u00fdrobkov z granitu, mramoru a umel\u00e9ho kame\u0148a","publisher":{"@id":"https:\/\/idealstone.sk\/hu\/#organization"},"potentialAction":[{"@type":"SearchAction","target":{"@type":"EntryPoint","urlTemplate":"https:\/\/idealstone.sk\/hu\/?s={search_term_string}"},"query-input":{"@type":"PropertyValueSpecification","valueRequired":true,"valueName":"search_term_string"}}],"inLanguage":"hu"},{"@type":"Organization","@id":"https:\/\/idealstone.sk\/hu\/#organization","name":"IdealStone","url":"https:\/\/idealstone.sk\/hu\/","logo":{"@type":"ImageObject","inLanguage":"hu","@id":"https:\/\/idealstone.sk\/hu\/#\/schema\/logo\/image\/","url":"https:\/\/idealstone.sk\/wp-content\/uploads\/2026\/03\/Logo-1.png","contentUrl":"https:\/\/idealstone.sk\/wp-content\/uploads\/2026\/03\/Logo-1.png","width":1603,"height":228,"caption":"IdealStone"},"image":{"@id":"https:\/\/idealstone.sk\/hu\/#\/schema\/logo\/image\/"}}]}},"_links":{"self":[{"href":"https:\/\/idealstone.sk\/hu\/wp-json\/wp\/v2\/pages\/3716","targetHints":{"allow":["GET"]}}],"collection":[{"href":"https:\/\/idealstone.sk\/hu\/wp-json\/wp\/v2\/pages"}],"about":[{"href":"https:\/\/idealstone.sk\/hu\/wp-json\/wp\/v2\/types\/page"}],"author":[{"embeddable":true,"href":"https:\/\/idealstone.sk\/hu\/wp-json\/wp\/v2\/users\/6"}],"replies":[{"embeddable":true,"href":"https:\/\/idealstone.sk\/hu\/wp-json\/wp\/v2\/comments?post=3716"}],"version-history":[{"count":2,"href":"https:\/\/idealstone.sk\/hu\/wp-json\/wp\/v2\/pages\/3716\/revisions"}],"predecessor-version":[{"id":3859,"href":"https:\/\/idealstone.sk\/hu\/wp-json\/wp\/v2\/pages\/3716\/revisions\/3859"}],"up":[{"embeddable":true,"href":"https:\/\/idealstone.sk\/hu\/wp-json\/wp\/v2\/pages\/213"}],"wp:attachment":[{"href":"https:\/\/idealstone.sk\/hu\/wp-json\/wp\/v2\/media?parent=3716"}],"curies":[{"name":"wp","href":"https:\/\/api.w.org\/{rel}","templated":true}]}}