{"id":2728,"date":"2026-03-10T20:19:42","date_gmt":"2026-03-10T19:19:42","guid":{"rendered":"https:\/\/idealstone.sk\/cegunk\/"},"modified":"2026-03-10T22:55:44","modified_gmt":"2026-03-10T21:55:44","slug":"cegunk","status":"publish","type":"page","link":"https:\/\/idealstone.sk\/hu\/cegunk\/","title":{"rendered":"C\u00e9g\u00fcnk"},"content":{"rendered":"\t\t<div data-elementor-type=\"wp-page\" data-elementor-id=\"2728\" class=\"elementor elementor-2728 elementor-2715\" data-elementor-post-type=\"page\">\n\t\t\t\t<div class=\"elementor-element elementor-element-11a527d0 e-flex e-con-boxed e-con e-parent\" data-id=\"11a527d0\" data-element_type=\"container\" data-e-type=\"container\" data-settings=\"{&quot;background_background&quot;:&quot;classic&quot;}\">\n\t\t\t\t\t<div class=\"e-con-inner\">\n\t\t<div class=\"elementor-element elementor-element-3e6e011f e-con-full e-flex e-con e-child\" data-id=\"3e6e011f\" data-element_type=\"container\" data-e-type=\"container\">\n\t\t\t\t<div class=\"elementor-element elementor-element-4352afeb elementor-widget elementor-widget-heading\" data-id=\"4352afeb\" data-element_type=\"widget\" data-e-type=\"widget\" data-widget_type=\"heading.default\">\n\t\t\t\t\t<h1 class=\"elementor-heading-title elementor-size-default\">ideal STONE<\/h1>\t\t\t\t<\/div>\n\t\t\t\t<\/div>\n\t\t\t\t\t<\/div>\n\t\t\t\t<\/div>\n\t\t<div class=\"elementor-element elementor-element-2afd0f34 e-flex e-con-boxed e-con e-parent\" data-id=\"2afd0f34\" data-element_type=\"container\" data-e-type=\"container\">\n\t\t\t\t\t<div class=\"e-con-inner\">\n\t\t<div class=\"elementor-element elementor-element-2e530fd5 e-con-full e-flex e-con e-child\" data-id=\"2e530fd5\" data-element_type=\"container\" data-e-type=\"container\">\n\t\t\t\t<div class=\"elementor-element elementor-element-3b82d4d elementor-widget elementor-widget-counter\" data-id=\"3b82d4d\" data-element_type=\"widget\" data-e-type=\"widget\" data-widget_type=\"counter.default\">\n\t\t\t\t\t\t\t<div class=\"elementor-counter\">\n\t\t\t<div class=\"elementor-counter-title\">Projekt<\/div>\t\t\t<div class=\"elementor-counter-number-wrapper\">\n\t\t\t\t<span class=\"elementor-counter-number-prefix\"><\/span>\n\t\t\t\t<span class=\"elementor-counter-number\" data-duration=\"2000\" data-to-value=\"6352\" data-from-value=\"0\" data-delimiter=\" \">0<\/span>\n\t\t\t\t<span class=\"elementor-counter-number-suffix\"><\/span>\n\t\t\t<\/div>\n\t\t<\/div>\n\t\t\t\t\t\t<\/div>\n\t\t\t\t<div class=\"elementor-element elementor-element-6a6ea8ce elementor-widget elementor-widget-counter\" data-id=\"6a6ea8ce\" data-element_type=\"widget\" data-e-type=\"widget\" data-widget_type=\"counter.default\">\n\t\t\t\t\t\t\t<div class=\"elementor-counter\">\n\t\t\t<div class=\"elementor-counter-title\">\u00dcgyf\u00e9l<\/div>\t\t\t<div class=\"elementor-counter-number-wrapper\">\n\t\t\t\t<span class=\"elementor-counter-number-prefix\"><\/span>\n\t\t\t\t<span class=\"elementor-counter-number\" data-duration=\"2000\" data-to-value=\"4567\" data-from-value=\"0\" data-delimiter=\" \">0<\/span>\n\t\t\t\t<span class=\"elementor-counter-number-suffix\"><\/span>\n\t\t\t<\/div>\n\t\t<\/div>\n\t\t\t\t\t\t<\/div>\n\t\t\t\t<\/div>\n\t\t<div class=\"elementor-element elementor-element-3ffb63b7 e-con-full e-flex e-con e-child\" data-id=\"3ffb63b7\" data-element_type=\"container\" data-e-type=\"container\">\n\t\t\t\t<div class=\"elementor-element elementor-element-14acbaa elementor-widget elementor-widget-counter\" data-id=\"14acbaa\" data-element_type=\"widget\" data-e-type=\"widget\" data-widget_type=\"counter.default\">\n\t\t\t\t\t\t\t<div class=\"elementor-counter\">\n\t\t\t<div class=\"elementor-counter-title\">\u00c9ve a piacon<\/div>\t\t\t<div class=\"elementor-counter-number-wrapper\">\n\t\t\t\t<span class=\"elementor-counter-number-prefix\"><\/span>\n\t\t\t\t<span class=\"elementor-counter-number\" data-duration=\"2000\" data-to-value=\"0\" data-from-value=\"0\" data-delimiter=\" \">0<\/span>\n\t\t\t\t<span class=\"elementor-counter-number-suffix\"><\/span>\n\t\t\t<\/div>\n\t\t<\/div>\n\t\t\t\t\t\t<\/div>\n\t\t\t\t<div class=\"elementor-element elementor-element-7750503b elementor-widget elementor-widget-counter\" data-id=\"7750503b\" data-element_type=\"widget\" data-e-type=\"widget\" data-widget_type=\"counter.default\">\n\t\t\t\t\t\t\t<div class=\"elementor-counter\">\n\t\t\t<div class=\"elementor-counter-title\">AWARDS WON<\/div>\t\t\t<div class=\"elementor-counter-number-wrapper\">\n\t\t\t\t<span class=\"elementor-counter-number-prefix\"><\/span>\n\t\t\t\t<span class=\"elementor-counter-number\" data-duration=\"2000\" data-to-value=\"18\" data-from-value=\"0\" data-delimiter=\",\">0<\/span>\n\t\t\t\t<span class=\"elementor-counter-number-suffix\"><\/span>\n\t\t\t<\/div>\n\t\t<\/div>\n\t\t\t\t\t\t<\/div>\n\t\t\t\t<\/div>\n\t\t<div class=\"elementor-element elementor-element-5a19c58e e-con-full e-flex e-con e-child\" data-id=\"5a19c58e\" data-element_type=\"container\" data-e-type=\"container\">\n\t\t\t\t<div class=\"elementor-element elementor-element-445380d1 elementor-widget elementor-widget-text-editor\" data-id=\"445380d1\" data-element_type=\"widget\" data-e-type=\"widget\" data-widget_type=\"text-editor.default\">\n\t\t\t\t\t\t\t\t\t<p><strong>Ideal STONE k\u0151farag\u00f3<\/strong>\u00a0egy fiatal, dinamikusan fejl\u0151d\u0151 c\u00e9g, amely tev\u00e9kenys\u00e9gi k\u00f6r\u00e9be tartoznak a k\u00e9sz s\u00edrk\u0151 k\u00e9sz\u00edtm\u00e9nyek \u00e9s egy\u00e9b k\u0151farag\u00e1s szolg\u00e1ltat\u00e1sok.<\/p><p>Els\u0151 oszt\u00e1ly\u00fa min\u0151s\u00e9get k\u00e9pvisel\u00fcnk, pontos kivitelez\u00e9st, megb\u00edzhat\u00f3 hozz\u00e1\u00e1ll\u00e1st \u00e9s a legkedvez\u0151bb \u00e1rakat.<\/p><p><strong>A s\u00edrk\u0151<\/strong>\u00a0a megeml\u00e9kez\u00e9s k\u00e9zzelfoghat\u00f3 jelk\u00e9pe, ez\u00e9rt kiv\u00e1laszt\u00e1s\u00e1ra k\u00fcl\u00f6n\u00f6s gondot ford\u00edtunk. Mindannyian olyan s\u00edreml\u00e9ket szeretn\u00e9nk k\u00e9sz\u00edttetni, amely \u00e9vtizedekig m\u00e9lt\u00f3k\u00e9ppen \u0151rzi szeretteink eml\u00e9k\u00e9t. Seg\u00edt\u00fcnk abban, hogy m\u00e9lt\u00f3 eml\u00e9ket \u00e1ll\u00edthasson elhunyt hozz\u00e1tartoz\u00f3ja sz\u00e1m\u00e1ra.\u00a0 A\u00a0s\u00edrk\u00f6vek k\u00e9sz\u00edt\u00e9s\u00e9t teljes k\u00f6r\u0171 \u00fcgyint\u00e9z\u00e9ssel, kivitelez\u00e9ssel a\u00a0beton talapzatt\u00f3l a\u00a0s\u00edrk\u0151 elhelyez\u00e9s\u00e9ig v\u00e1llaljuk.<\/p>\t\t\t\t\t\t\t\t<\/div>\n\t\t\t\t<\/div>\n\t\t\t\t\t<\/div>\n\t\t\t\t<\/div>\n\t\t<div class=\"elementor-element elementor-element-1ef744c e-flex e-con-boxed e-con e-parent\" data-id=\"1ef744c\" data-element_type=\"container\" data-e-type=\"container\" data-settings=\"{&quot;background_background&quot;:&quot;classic&quot;}\">\n\t\t\t\t\t<div class=\"e-con-inner\">\n\t\t<div class=\"elementor-element elementor-element-a8f1506 e-con-full e-flex e-con e-child\" data-id=\"a8f1506\" data-element_type=\"container\" data-e-type=\"container\">\n\t\t\t\t<div class=\"elementor-element elementor-element-3ae550f elementor-widget elementor-widget-image\" data-id=\"3ae550f\" data-element_type=\"widget\" data-e-type=\"widget\" data-widget_type=\"image.default\">\n\t\t\t\t\t\t\t\t\t\t\t\t\t\t\t<img fetchpriority=\"high\" decoding=\"async\" width=\"800\" height=\"452\" src=\"https:\/\/idealstone.sk\/wp-content\/uploads\/2015\/03\/ideal-STONE-budova-predajne.-1024x578.jpg\" class=\"attachment-large size-large wp-image-4043\" alt=\"\" srcset=\"https:\/\/idealstone.sk\/wp-content\/uploads\/2015\/03\/ideal-STONE-budova-predajne.-1024x578.jpg 1024w, https:\/\/idealstone.sk\/wp-content\/uploads\/2015\/03\/ideal-STONE-budova-predajne.-300x169.jpg 300w\" sizes=\"(max-width: 800px) 100vw, 800px\" \/>\t\t\t\t\t\t\t\t\t\t\t\t\t\t\t<\/div>\n\t\t\t\t<div class=\"elementor-element elementor-element-bab4c09 elementor-widget elementor-widget-html\" data-id=\"bab4c09\" data-element_type=\"widget\" data-e-type=\"widget\" data-widget_type=\"html.default\">\n\t\t\t\t\t<iframe src=\"https:\/\/www.google.com\/maps\/embed?pb=!1m18!1m12!1m3!1d2681.862490228593!2d18.126215076729164!3d47.76321057714925!2m3!1f0!2f0!3f0!3m2!1i1024!2i768!4f13.1!3m3!1m2!1s0x476bad519e8438eb%3A0xba3ed38763e5f8a0!2sKamen%C3%A1rstvo%20Ideal%20STONE!5e0!3m2!1ssk!2ssk!4v1773179155297!5m2!1ssk!2ssk\" width=\"600\" height=\"450\" style=\"border:0;\" allowfullscreen=\"\" loading=\"lazy\" referrerpolicy=\"no-referrer-when-downgrade\"><\/iframe>\t\t\t\t<\/div>\n\t\t\t\t<\/div>\n\t\t<div class=\"elementor-element elementor-element-c0c62b3 e-con-full e-flex e-con e-child\" data-id=\"c0c62b3\" data-element_type=\"container\" data-e-type=\"container\">\n\t\t\t\t<div class=\"elementor-element elementor-element-0197e97 elementor-widget elementor-widget-text-editor\" data-id=\"0197e97\" data-element_type=\"widget\" data-e-type=\"widget\" data-widget_type=\"text-editor.default\">\n\t\t\t\t\t\t\t\t\t<p>Emellett<strong>\u00a0belt\u00e9ri \u00e9s k\u00fclt\u00e9ri \u00e9p\u00edt\u00e9szettel is foglalkozunk<\/strong>, mint kandall\u00f3k burkol\u00e1sa, konyhai munkalapok, p\u00e1rk\u00e1nyok, j\u00e1r\u00f3lapok.<\/p><p>Annak \u00e9rdek\u00e9ben, hogy \u00fcgyfeleink ig\u00e9nyeit kiel\u00e9g\u00edts\u00fck, minden \u00fcgyf\u00e9lnek egyedi, teljes k\u00f6r\u0171 megold\u00e1st ny\u00fajtunk, hogy legpontosabban megk\u00f6zel\u00edts\u00fck a\u00a0meg\u00e1lmodott \u00f6tlet\u00e9t a temet\u0151i \u00e9p\u00edt\u00e9szetben, valamint \u00e9p\u00fcletek kivitelez\u00e9s\u00e9n\u00e9l. F\u00fcggetlen\u00fcl att\u00f3l, hogy egy kis eleganci\u00e1t szeretne adni az\u00a0otthon\u00e1nak vagy sz\u00e9p\u00edteni a k\u00fclter\u00e9t, seg\u00edt\u00fcnk megval\u00f3s\u00edtani \u00f6tleteit.\u00a0<em>\u00a0<\/em><\/p><p>A magas sz\u00ednvonal lehet\u0151v\u00e9 teszi, hogy hossz\u00fa t\u00e1v\u00fa garanci\u00e1t ny\u00fajtsunk az \u00e1ltalunk elk\u00e9sz\u00edtet munk\u00e1kra. A k\u00edn\u00e1latunkban csak Szlov\u00e1ki\u00e1ban gy\u00e1rtott \u00e1ru tal\u00e1lhat\u00f3 \u2013 nem dolgozunk k\u00ednai behozatallal.<\/p><p>Ingyenesen \u00e1raj\u00e1nlatot k\u00e9sz\u00edt\u00fcnk \u00d6nnek, melyet \u00f6ssze tud hasonl\u00edtani m\u00e1s \u00e1raj\u00e1nlatokkal.<\/p><p>Munk\u00e1inkat Szlov\u00e1ki\u00e1ban \u00e9s k\u00fclf\u00f6ld\u00f6n is kivitelezz\u00fck.<\/p><p>Tov\u00e1bbi inform\u00e1ci\u00f3k\u00e9rt kattintson az <a title=\"Kapcsolat\" href=\"http:\/\/idealstone.sk\/hu\/elerhetoseg\/\">El\u00e9rhet\u0151s\u00e9geinkre<\/a>.<\/p><p>\u00a0<\/p><p><strong>K\u00f6sz\u00f6nj\u00fck a bizalm\u00e1t.<\/strong><\/p><p>Dole\u017e\u00e1lek\u00a0Zsuzsanna<\/p><p>c\u00e9gtudajdonos<\/p>\t\t\t\t\t\t\t\t<\/div>\n\t\t\t\t<\/div>\n\t\t\t\t\t<\/div>\n\t\t\t\t<\/div>\n\t\t\t\t<\/div>\n\t\t","protected":false},"excerpt":{"rendered":"<p>ideal STONE Projekt 0 \u00dcgyf\u00e9l 0 \u00c9ve a piacon 0 AWARDS WON 0 Ideal STONE k\u0151farag\u00f3\u00a0egy fiatal, dinamikusan fejl\u0151d\u0151 c\u00e9g, amely tev\u00e9kenys\u00e9gi k\u00f6r\u00e9be tartoznak a k\u00e9sz s\u00edrk\u0151 k\u00e9sz\u00edtm\u00e9nyek \u00e9s egy\u00e9b k\u0151farag\u00e1s szolg\u00e1ltat\u00e1sok. Els\u0151 oszt\u00e1ly\u00fa min\u0151s\u00e9get k\u00e9pvisel\u00fcnk, pontos kivitelez\u00e9st, megb\u00edzhat\u00f3 hozz\u00e1\u00e1ll\u00e1st \u00e9s a legkedvez\u0151bb \u00e1rakat. A s\u00edrk\u0151\u00a0a megeml\u00e9kez\u00e9s k\u00e9zzelfoghat\u00f3 jelk\u00e9pe, ez\u00e9rt kiv\u00e1laszt\u00e1s\u00e1ra k\u00fcl\u00f6n\u00f6s gondot ford\u00edtunk. Mindannyian [&hellip;]<\/p>\n","protected":false},"author":6,"featured_media":0,"parent":0,"menu_order":0,"comment_status":"closed","ping_status":"closed","template":"elementor_header_footer","meta":{"footnotes":""},"class_list":["post-2728","page","type-page","status-publish","hentry"],"yoast_head":"<!-- This site is optimized with the Yoast SEO plugin v27.3 - https:\/\/yoast.com\/product\/yoast-seo-wordpress\/ -->\n<title>C\u00e9g\u00fcnk - IdealStone<\/title>\n<meta name=\"robots\" content=\"index, follow, max-snippet:-1, max-image-preview:large, max-video-preview:-1\" \/>\n<link rel=\"canonical\" href=\"https:\/\/idealstone.sk\/hu\/cegunk\/\" \/>\n<meta property=\"og:locale\" content=\"hu_HU\" \/>\n<meta property=\"og:type\" content=\"article\" \/>\n<meta property=\"og:title\" content=\"C\u00e9g\u00fcnk - IdealStone\" \/>\n<meta property=\"og:description\" content=\"ideal STONE Projekt 0 \u00dcgyf\u00e9l 0 \u00c9ve a piacon 0 AWARDS WON 0 Ideal STONE k\u0151farag\u00f3\u00a0egy fiatal, dinamikusan fejl\u0151d\u0151 c\u00e9g, amely tev\u00e9kenys\u00e9gi k\u00f6r\u00e9be tartoznak a k\u00e9sz s\u00edrk\u0151 k\u00e9sz\u00edtm\u00e9nyek \u00e9s egy\u00e9b k\u0151farag\u00e1s szolg\u00e1ltat\u00e1sok. Els\u0151 oszt\u00e1ly\u00fa min\u0151s\u00e9get k\u00e9pvisel\u00fcnk, pontos kivitelez\u00e9st, megb\u00edzhat\u00f3 hozz\u00e1\u00e1ll\u00e1st \u00e9s a legkedvez\u0151bb \u00e1rakat. A s\u00edrk\u0151\u00a0a megeml\u00e9kez\u00e9s k\u00e9zzelfoghat\u00f3 jelk\u00e9pe, ez\u00e9rt kiv\u00e1laszt\u00e1s\u00e1ra k\u00fcl\u00f6n\u00f6s gondot ford\u00edtunk. Mindannyian [&hellip;]\" \/>\n<meta property=\"og:url\" content=\"https:\/\/idealstone.sk\/hu\/cegunk\/\" \/>\n<meta property=\"og:site_name\" content=\"IdealStone\" \/>\n<meta property=\"article:modified_time\" content=\"2026-03-10T21:55:44+00:00\" \/>\n<meta property=\"og:image\" content=\"https:\/\/idealstone.sk\/wp-content\/uploads\/2015\/03\/ideal-STONE-budova-predajne..jpg\" \/>\n\t<meta property=\"og:image:width\" content=\"1500\" \/>\n\t<meta property=\"og:image:height\" content=\"847\" \/>\n\t<meta property=\"og:image:type\" content=\"image\/jpeg\" \/>\n<meta name=\"twitter:label1\" content=\"Becs\u00fclt olvas\u00e1si id\u0151\" \/>\n\t<meta name=\"twitter:data1\" content=\"2 perc\" \/>\n<script type=\"application\/ld+json\" class=\"yoast-schema-graph\">{\"@context\":\"https:\\\/\\\/schema.org\",\"@graph\":[{\"@type\":\"WebPage\",\"@id\":\"https:\\\/\\\/idealstone.sk\\\/hu\\\/cegunk\\\/\",\"url\":\"https:\\\/\\\/idealstone.sk\\\/hu\\\/cegunk\\\/\",\"name\":\"C\u00e9g\u00fcnk - IdealStone\",\"isPartOf\":{\"@id\":\"https:\\\/\\\/idealstone.sk\\\/hu\\\/#website\"},\"primaryImageOfPage\":{\"@id\":\"https:\\\/\\\/idealstone.sk\\\/hu\\\/cegunk\\\/#primaryimage\"},\"image\":{\"@id\":\"https:\\\/\\\/idealstone.sk\\\/hu\\\/cegunk\\\/#primaryimage\"},\"thumbnailUrl\":\"https:\\\/\\\/idealstone.sk\\\/wp-content\\\/uploads\\\/2015\\\/03\\\/ideal-STONE-budova-predajne.-1024x578.jpg\",\"datePublished\":\"2026-03-10T19:19:42+00:00\",\"dateModified\":\"2026-03-10T21:55:44+00:00\",\"breadcrumb\":{\"@id\":\"https:\\\/\\\/idealstone.sk\\\/hu\\\/cegunk\\\/#breadcrumb\"},\"inLanguage\":\"hu\",\"potentialAction\":[{\"@type\":\"ReadAction\",\"target\":[\"https:\\\/\\\/idealstone.sk\\\/hu\\\/cegunk\\\/\"]}]},{\"@type\":\"ImageObject\",\"inLanguage\":\"hu\",\"@id\":\"https:\\\/\\\/idealstone.sk\\\/hu\\\/cegunk\\\/#primaryimage\",\"url\":\"https:\\\/\\\/idealstone.sk\\\/wp-content\\\/uploads\\\/2015\\\/03\\\/ideal-STONE-budova-predajne.-1024x578.jpg\",\"contentUrl\":\"https:\\\/\\\/idealstone.sk\\\/wp-content\\\/uploads\\\/2015\\\/03\\\/ideal-STONE-budova-predajne.-1024x578.jpg\"},{\"@type\":\"BreadcrumbList\",\"@id\":\"https:\\\/\\\/idealstone.sk\\\/hu\\\/cegunk\\\/#breadcrumb\",\"itemListElement\":[{\"@type\":\"ListItem\",\"position\":1,\"name\":\"Kezd\u0151lap\",\"item\":\"https:\\\/\\\/idealstone.sk\\\/hu\\\/\"},{\"@type\":\"ListItem\",\"position\":2,\"name\":\"C\u00e9g\u00fcnk\"}]},{\"@type\":\"WebSite\",\"@id\":\"https:\\\/\\\/idealstone.sk\\\/hu\\\/#website\",\"url\":\"https:\\\/\\\/idealstone.sk\\\/hu\\\/\",\"name\":\"IdealStone\",\"description\":\"Kamen\u00e1rstvo \u2013 v\u00fdroba, predaj a mont\u00e1\u017e v\u00fdrobkov z granitu, mramoru a umel\u00e9ho kame\u0148a\",\"publisher\":{\"@id\":\"https:\\\/\\\/idealstone.sk\\\/hu\\\/#organization\"},\"potentialAction\":[{\"@type\":\"SearchAction\",\"target\":{\"@type\":\"EntryPoint\",\"urlTemplate\":\"https:\\\/\\\/idealstone.sk\\\/hu\\\/?s={search_term_string}\"},\"query-input\":{\"@type\":\"PropertyValueSpecification\",\"valueRequired\":true,\"valueName\":\"search_term_string\"}}],\"inLanguage\":\"hu\"},{\"@type\":\"Organization\",\"@id\":\"https:\\\/\\\/idealstone.sk\\\/hu\\\/#organization\",\"name\":\"IdealStone\",\"url\":\"https:\\\/\\\/idealstone.sk\\\/hu\\\/\",\"logo\":{\"@type\":\"ImageObject\",\"inLanguage\":\"hu\",\"@id\":\"https:\\\/\\\/idealstone.sk\\\/hu\\\/#\\\/schema\\\/logo\\\/image\\\/\",\"url\":\"https:\\\/\\\/idealstone.sk\\\/wp-content\\\/uploads\\\/2026\\\/03\\\/Logo-1.png\",\"contentUrl\":\"https:\\\/\\\/idealstone.sk\\\/wp-content\\\/uploads\\\/2026\\\/03\\\/Logo-1.png\",\"width\":1603,\"height\":228,\"caption\":\"IdealStone\"},\"image\":{\"@id\":\"https:\\\/\\\/idealstone.sk\\\/hu\\\/#\\\/schema\\\/logo\\\/image\\\/\"}}]}<\/script>\n<!-- \/ Yoast SEO plugin. -->","yoast_head_json":{"title":"C\u00e9g\u00fcnk - IdealStone","robots":{"index":"index","follow":"follow","max-snippet":"max-snippet:-1","max-image-preview":"max-image-preview:large","max-video-preview":"max-video-preview:-1"},"canonical":"https:\/\/idealstone.sk\/hu\/cegunk\/","og_locale":"hu_HU","og_type":"article","og_title":"C\u00e9g\u00fcnk - IdealStone","og_description":"ideal STONE Projekt 0 \u00dcgyf\u00e9l 0 \u00c9ve a piacon 0 AWARDS WON 0 Ideal STONE k\u0151farag\u00f3\u00a0egy fiatal, dinamikusan fejl\u0151d\u0151 c\u00e9g, amely tev\u00e9kenys\u00e9gi k\u00f6r\u00e9be tartoznak a k\u00e9sz s\u00edrk\u0151 k\u00e9sz\u00edtm\u00e9nyek \u00e9s egy\u00e9b k\u0151farag\u00e1s szolg\u00e1ltat\u00e1sok. Els\u0151 oszt\u00e1ly\u00fa min\u0151s\u00e9get k\u00e9pvisel\u00fcnk, pontos kivitelez\u00e9st, megb\u00edzhat\u00f3 hozz\u00e1\u00e1ll\u00e1st \u00e9s a legkedvez\u0151bb \u00e1rakat. A s\u00edrk\u0151\u00a0a megeml\u00e9kez\u00e9s k\u00e9zzelfoghat\u00f3 jelk\u00e9pe, ez\u00e9rt kiv\u00e1laszt\u00e1s\u00e1ra k\u00fcl\u00f6n\u00f6s gondot ford\u00edtunk. Mindannyian [&hellip;]","og_url":"https:\/\/idealstone.sk\/hu\/cegunk\/","og_site_name":"IdealStone","article_modified_time":"2026-03-10T21:55:44+00:00","og_image":[{"width":1500,"height":847,"url":"https:\/\/idealstone.sk\/wp-content\/uploads\/2015\/03\/ideal-STONE-budova-predajne..jpg","type":"image\/jpeg"}],"twitter_misc":{"Becs\u00fclt olvas\u00e1si id\u0151":"2 perc"},"schema":{"@context":"https:\/\/schema.org","@graph":[{"@type":"WebPage","@id":"https:\/\/idealstone.sk\/hu\/cegunk\/","url":"https:\/\/idealstone.sk\/hu\/cegunk\/","name":"C\u00e9g\u00fcnk - IdealStone","isPartOf":{"@id":"https:\/\/idealstone.sk\/hu\/#website"},"primaryImageOfPage":{"@id":"https:\/\/idealstone.sk\/hu\/cegunk\/#primaryimage"},"image":{"@id":"https:\/\/idealstone.sk\/hu\/cegunk\/#primaryimage"},"thumbnailUrl":"https:\/\/idealstone.sk\/wp-content\/uploads\/2015\/03\/ideal-STONE-budova-predajne.-1024x578.jpg","datePublished":"2026-03-10T19:19:42+00:00","dateModified":"2026-03-10T21:55:44+00:00","breadcrumb":{"@id":"https:\/\/idealstone.sk\/hu\/cegunk\/#breadcrumb"},"inLanguage":"hu","potentialAction":[{"@type":"ReadAction","target":["https:\/\/idealstone.sk\/hu\/cegunk\/"]}]},{"@type":"ImageObject","inLanguage":"hu","@id":"https:\/\/idealstone.sk\/hu\/cegunk\/#primaryimage","url":"https:\/\/idealstone.sk\/wp-content\/uploads\/2015\/03\/ideal-STONE-budova-predajne.-1024x578.jpg","contentUrl":"https:\/\/idealstone.sk\/wp-content\/uploads\/2015\/03\/ideal-STONE-budova-predajne.-1024x578.jpg"},{"@type":"BreadcrumbList","@id":"https:\/\/idealstone.sk\/hu\/cegunk\/#breadcrumb","itemListElement":[{"@type":"ListItem","position":1,"name":"Kezd\u0151lap","item":"https:\/\/idealstone.sk\/hu\/"},{"@type":"ListItem","position":2,"name":"C\u00e9g\u00fcnk"}]},{"@type":"WebSite","@id":"https:\/\/idealstone.sk\/hu\/#website","url":"https:\/\/idealstone.sk\/hu\/","name":"IdealStone","description":"Kamen\u00e1rstvo \u2013 v\u00fdroba, predaj a mont\u00e1\u017e v\u00fdrobkov z granitu, mramoru a umel\u00e9ho kame\u0148a","publisher":{"@id":"https:\/\/idealstone.sk\/hu\/#organization"},"potentialAction":[{"@type":"SearchAction","target":{"@type":"EntryPoint","urlTemplate":"https:\/\/idealstone.sk\/hu\/?s={search_term_string}"},"query-input":{"@type":"PropertyValueSpecification","valueRequired":true,"valueName":"search_term_string"}}],"inLanguage":"hu"},{"@type":"Organization","@id":"https:\/\/idealstone.sk\/hu\/#organization","name":"IdealStone","url":"https:\/\/idealstone.sk\/hu\/","logo":{"@type":"ImageObject","inLanguage":"hu","@id":"https:\/\/idealstone.sk\/hu\/#\/schema\/logo\/image\/","url":"https:\/\/idealstone.sk\/wp-content\/uploads\/2026\/03\/Logo-1.png","contentUrl":"https:\/\/idealstone.sk\/wp-content\/uploads\/2026\/03\/Logo-1.png","width":1603,"height":228,"caption":"IdealStone"},"image":{"@id":"https:\/\/idealstone.sk\/hu\/#\/schema\/logo\/image\/"}}]}},"_links":{"self":[{"href":"https:\/\/idealstone.sk\/hu\/wp-json\/wp\/v2\/pages\/2728","targetHints":{"allow":["GET"]}}],"collection":[{"href":"https:\/\/idealstone.sk\/hu\/wp-json\/wp\/v2\/pages"}],"about":[{"href":"https:\/\/idealstone.sk\/hu\/wp-json\/wp\/v2\/types\/page"}],"author":[{"embeddable":true,"href":"https:\/\/idealstone.sk\/hu\/wp-json\/wp\/v2\/users\/6"}],"replies":[{"embeddable":true,"href":"https:\/\/idealstone.sk\/hu\/wp-json\/wp\/v2\/comments?post=2728"}],"version-history":[{"count":4,"href":"https:\/\/idealstone.sk\/hu\/wp-json\/wp\/v2\/pages\/2728\/revisions"}],"predecessor-version":[{"id":2732,"href":"https:\/\/idealstone.sk\/hu\/wp-json\/wp\/v2\/pages\/2728\/revisions\/2732"}],"wp:attachment":[{"href":"https:\/\/idealstone.sk\/hu\/wp-json\/wp\/v2\/media?parent=2728"}],"curies":[{"name":"wp","href":"https:\/\/api.w.org\/{rel}","templated":true}]}}