{"id":235,"date":"2015-03-02T12:37:52","date_gmt":"2015-03-02T11:37:52","guid":{"rendered":"http:\/\/idealstone.sk\/?page_id=235"},"modified":"2026-03-18T23:12:46","modified_gmt":"2026-03-18T22:12:46","slug":"dupla-siremlekek","status":"publish","type":"page","link":"https:\/\/idealstone.sk\/hu\/temetoi-munkak\/dupla-siremlekek\/","title":{"rendered":"Dupla s\u00edreml\u00e9kek"},"content":{"rendered":"\t\t<div data-elementor-type=\"wp-page\" data-elementor-id=\"235\" class=\"elementor elementor-235 elementor-82\" data-elementor-post-type=\"page\">\n\t\t\t\t<div class=\"elementor-element elementor-element-5af131a e-flex e-con-boxed e-con e-parent\" data-id=\"5af131a\" data-element_type=\"container\" data-e-type=\"container\">\n\t\t\t\t\t<div class=\"e-con-inner\">\n\t\t\t\t<div class=\"elementor-element elementor-element-a04860c uael-img-grid__column-4 uael-img-grid-tablet__column-3 uael-img-grid-mobile__column-2 uael-ins-normal elementor-widget elementor-widget-uael-image-gallery\" data-id=\"a04860c\" data-element_type=\"widget\" data-e-type=\"widget\" data-settings=\"{&quot;gallery_columns&quot;:&quot;4&quot;,&quot;gallery_columns_tablet&quot;:&quot;3&quot;,&quot;gallery_columns_mobile&quot;:&quot;2&quot;,&quot;column_gap&quot;:{&quot;unit&quot;:&quot;px&quot;,&quot;size&quot;:20,&quot;sizes&quot;:[]},&quot;column_gap_laptop&quot;:{&quot;unit&quot;:&quot;px&quot;,&quot;size&quot;:&quot;&quot;,&quot;sizes&quot;:[]},&quot;column_gap_tablet&quot;:{&quot;unit&quot;:&quot;px&quot;,&quot;size&quot;:&quot;&quot;,&quot;sizes&quot;:[]},&quot;column_gap_mobile&quot;:{&quot;unit&quot;:&quot;px&quot;,&quot;size&quot;:&quot;&quot;,&quot;sizes&quot;:[]},&quot;row_gap&quot;:{&quot;unit&quot;:&quot;px&quot;,&quot;size&quot;:20,&quot;sizes&quot;:[]},&quot;row_gap_laptop&quot;:{&quot;unit&quot;:&quot;px&quot;,&quot;size&quot;:&quot;&quot;,&quot;sizes&quot;:[]},&quot;row_gap_tablet&quot;:{&quot;unit&quot;:&quot;px&quot;,&quot;size&quot;:&quot;&quot;,&quot;sizes&quot;:[]},&quot;row_gap_mobile&quot;:{&quot;unit&quot;:&quot;px&quot;,&quot;size&quot;:&quot;&quot;,&quot;sizes&quot;:[]}}\" data-widget_type=\"uael-image-gallery.default\">\n\t\t\t\t<div class=\"elementor-widget-container\">\n\t\t\t\t\t<div class=\"uael-gallery-parent uael-caption- uael-gallery-unjustified\"><div class=\"uael-img-gallery-wrap uael-img-masonry-wrap uael-img-grid-masonry-wrap uael-masonry uael-image-lightbox-wrap\" data-filter-default=\"All\" data-lightbox_actions=\"[&quot;close&quot;]\" data-lightbox-gallery-loop=\"\"><div class=\"uael-grid-item  uael-img-gallery-item-1\"><div class=\"uael-grid-item-content\"><a class=\"uael-grid-img uael-grid-gallery-img uael-ins-hover elementor-clickable\" data-fancybox=\"uael-gallery\" href=\"https:\/\/idealstone.sk\/wp-content\/uploads\/2015\/03\/JDH2010-006-Roso-Vanga1.jpg\" data-elementor-open-lightbox=\"no\"><div class=\"uael-grid-img-thumbnail uael-ins-target\"><img fetchpriority=\"high\" decoding=\"async\" width=\"300\" height=\"225\" src=\"https:\/\/idealstone.sk\/wp-content\/uploads\/2015\/03\/JDH2010-006-Roso-Vanga1-300x225.jpg\" class=\"attachment-medium size-medium wp-image-1437\" alt=\"\" srcset=\"https:\/\/idealstone.sk\/wp-content\/uploads\/2015\/03\/JDH2010-006-Roso-Vanga1-300x225.jpg 300w, https:\/\/idealstone.sk\/wp-content\/uploads\/2015\/03\/JDH2010-006-Roso-Vanga1.jpg 800w\" sizes=\"(max-width: 300px) 100vw, 300px\" \/><\/div><div class=\"uael-grid-img-overlay\"><\/div><\/a><\/div><\/div><div class=\"uael-grid-item  uael-img-gallery-item-2\"><div class=\"uael-grid-item-content\"><a class=\"uael-grid-img uael-grid-gallery-img uael-ins-hover elementor-clickable\" data-fancybox=\"uael-gallery\" href=\"https:\/\/idealstone.sk\/wp-content\/uploads\/2015\/03\/JDH2010-005-Icon-Brown1.jpg\" data-elementor-open-lightbox=\"no\"><div class=\"uael-grid-img-thumbnail uael-ins-target\"><img decoding=\"async\" width=\"300\" height=\"225\" src=\"https:\/\/idealstone.sk\/wp-content\/uploads\/2015\/03\/JDH2010-005-Icon-Brown1-300x225.jpg\" class=\"attachment-medium size-medium wp-image-1436\" alt=\"\" srcset=\"https:\/\/idealstone.sk\/wp-content\/uploads\/2015\/03\/JDH2010-005-Icon-Brown1-300x225.jpg 300w, https:\/\/idealstone.sk\/wp-content\/uploads\/2015\/03\/JDH2010-005-Icon-Brown1.jpg 800w\" sizes=\"auto, (max-width: 300px) 100vw, 300px\" loading=\"lazy\" \/><\/div><div class=\"uael-grid-img-overlay\"><\/div><\/a><\/div><\/div><div class=\"uael-grid-item  uael-img-gallery-item-3\"><div class=\"uael-grid-item-content\"><a class=\"uael-grid-img uael-grid-gallery-img uael-ins-hover elementor-clickable\" data-fancybox=\"uael-gallery\" href=\"https:\/\/idealstone.sk\/wp-content\/uploads\/2015\/03\/JDH2010-004-Cat-Eyes1.jpg\" data-elementor-open-lightbox=\"no\"><div class=\"uael-grid-img-thumbnail uael-ins-target\"><img decoding=\"async\" width=\"300\" height=\"225\" src=\"https:\/\/idealstone.sk\/wp-content\/uploads\/2015\/03\/JDH2010-004-Cat-Eyes1-300x225.jpg\" class=\"attachment-medium size-medium wp-image-1435\" alt=\"\" srcset=\"https:\/\/idealstone.sk\/wp-content\/uploads\/2015\/03\/JDH2010-004-Cat-Eyes1-300x225.jpg 300w, https:\/\/idealstone.sk\/wp-content\/uploads\/2015\/03\/JDH2010-004-Cat-Eyes1.jpg 800w\" sizes=\"auto, (max-width: 300px) 100vw, 300px\" loading=\"lazy\" \/><\/div><div class=\"uael-grid-img-overlay\"><\/div><\/a><\/div><\/div><div class=\"uael-grid-item  uael-img-gallery-item-4\"><div class=\"uael-grid-item-content\"><a class=\"uael-grid-img uael-grid-gallery-img uael-ins-hover elementor-clickable\" data-fancybox=\"uael-gallery\" href=\"https:\/\/idealstone.sk\/wp-content\/uploads\/2015\/03\/JDH2010-003-India-Aurora1.jpg\" data-elementor-open-lightbox=\"no\"><div class=\"uael-grid-img-thumbnail uael-ins-target\"><img loading=\"lazy\" decoding=\"async\" width=\"300\" height=\"225\" src=\"https:\/\/idealstone.sk\/wp-content\/uploads\/2015\/03\/JDH2010-003-India-Aurora1-300x225.jpg\" class=\"attachment-medium size-medium wp-image-1434\" alt=\"\" srcset=\"https:\/\/idealstone.sk\/wp-content\/uploads\/2015\/03\/JDH2010-003-India-Aurora1-300x225.jpg 300w, https:\/\/idealstone.sk\/wp-content\/uploads\/2015\/03\/JDH2010-003-India-Aurora1.jpg 800w\" sizes=\"auto, (max-width: 300px) 100vw, 300px\" \/><\/div><div class=\"uael-grid-img-overlay\"><\/div><\/a><\/div><\/div><div class=\"uael-grid-item  uael-img-gallery-item-5\"><div class=\"uael-grid-item-content\"><a class=\"uael-grid-img uael-grid-gallery-img uael-ins-hover elementor-clickable\" data-fancybox=\"uael-gallery\" href=\"https:\/\/idealstone.sk\/wp-content\/uploads\/2015\/03\/JDH2010-002-Vizag-Blue1.jpg\" data-elementor-open-lightbox=\"no\"><div class=\"uael-grid-img-thumbnail uael-ins-target\"><img loading=\"lazy\" decoding=\"async\" width=\"300\" height=\"225\" src=\"https:\/\/idealstone.sk\/wp-content\/uploads\/2015\/03\/JDH2010-002-Vizag-Blue1-300x225.jpg\" class=\"attachment-medium size-medium wp-image-1433\" alt=\"\" srcset=\"https:\/\/idealstone.sk\/wp-content\/uploads\/2015\/03\/JDH2010-002-Vizag-Blue1-300x225.jpg 300w, https:\/\/idealstone.sk\/wp-content\/uploads\/2015\/03\/JDH2010-002-Vizag-Blue1.jpg 800w\" sizes=\"auto, (max-width: 300px) 100vw, 300px\" \/><\/div><div class=\"uael-grid-img-overlay\"><\/div><\/a><\/div><\/div><div class=\"uael-grid-item  uael-img-gallery-item-6\"><div class=\"uael-grid-item-content\"><a class=\"uael-grid-img uael-grid-gallery-img uael-ins-hover elementor-clickable\" data-fancybox=\"uael-gallery\" href=\"https:\/\/idealstone.sk\/wp-content\/uploads\/2015\/03\/JDH2010-001-Bianco-Tarn1.jpg\" data-elementor-open-lightbox=\"no\"><div class=\"uael-grid-img-thumbnail uael-ins-target\"><img loading=\"lazy\" decoding=\"async\" width=\"300\" height=\"225\" src=\"https:\/\/idealstone.sk\/wp-content\/uploads\/2015\/03\/JDH2010-001-Bianco-Tarn1-300x225.jpg\" class=\"attachment-medium size-medium wp-image-1432\" alt=\"\" srcset=\"https:\/\/idealstone.sk\/wp-content\/uploads\/2015\/03\/JDH2010-001-Bianco-Tarn1-300x225.jpg 300w, https:\/\/idealstone.sk\/wp-content\/uploads\/2015\/03\/JDH2010-001-Bianco-Tarn1.jpg 800w\" sizes=\"auto, (max-width: 300px) 100vw, 300px\" \/><\/div><div class=\"uael-grid-img-overlay\"><\/div><\/a><\/div><\/div><div class=\"uael-grid-item  uael-img-gallery-item-7\"><div class=\"uael-grid-item-content\"><a class=\"uael-grid-img uael-grid-gallery-img uael-ins-hover elementor-clickable\" data-fancybox=\"uael-gallery\" href=\"https:\/\/idealstone.sk\/wp-content\/uploads\/2015\/03\/JDH2012-model-09-Supreme-Black1.jpg\" data-elementor-open-lightbox=\"no\"><div class=\"uael-grid-img-thumbnail uael-ins-target\"><img loading=\"lazy\" decoding=\"async\" width=\"300\" height=\"225\" src=\"https:\/\/idealstone.sk\/wp-content\/uploads\/2015\/03\/JDH2012-model-09-Supreme-Black1-300x225.jpg\" class=\"attachment-medium size-medium wp-image-1446\" alt=\"\" srcset=\"https:\/\/idealstone.sk\/wp-content\/uploads\/2015\/03\/JDH2012-model-09-Supreme-Black1-300x225.jpg 300w, https:\/\/idealstone.sk\/wp-content\/uploads\/2015\/03\/JDH2012-model-09-Supreme-Black1.jpg 800w\" sizes=\"auto, (max-width: 300px) 100vw, 300px\" \/><\/div><div class=\"uael-grid-img-overlay\"><\/div><\/a><\/div><\/div><div class=\"uael-grid-item  uael-img-gallery-item-8\"><div class=\"uael-grid-item-content\"><a class=\"uael-grid-img uael-grid-gallery-img uael-ins-hover elementor-clickable\" data-fancybox=\"uael-gallery\" href=\"https:\/\/idealstone.sk\/wp-content\/uploads\/2015\/03\/JDH2012-model-04-Supreme-Black-Roso-Porino1.jpg\" data-elementor-open-lightbox=\"no\"><div class=\"uael-grid-img-thumbnail uael-ins-target\"><img loading=\"lazy\" decoding=\"async\" width=\"300\" height=\"225\" src=\"https:\/\/idealstone.sk\/wp-content\/uploads\/2015\/03\/JDH2012-model-04-Supreme-Black-Roso-Porino1-300x225.jpg\" class=\"attachment-medium size-medium wp-image-1445\" alt=\"\" srcset=\"https:\/\/idealstone.sk\/wp-content\/uploads\/2015\/03\/JDH2012-model-04-Supreme-Black-Roso-Porino1-300x225.jpg 300w, https:\/\/idealstone.sk\/wp-content\/uploads\/2015\/03\/JDH2012-model-04-Supreme-Black-Roso-Porino1.jpg 800w\" sizes=\"auto, (max-width: 300px) 100vw, 300px\" \/><\/div><div class=\"uael-grid-img-overlay\"><\/div><\/a><\/div><\/div><div class=\"uael-grid-item  uael-img-gallery-item-9\"><div class=\"uael-grid-item-content\"><a class=\"uael-grid-img uael-grid-gallery-img uael-ins-hover elementor-clickable\" data-fancybox=\"uael-gallery\" href=\"https:\/\/idealstone.sk\/wp-content\/uploads\/2015\/03\/JDH2012-model-03-Padang-Dark-G-6541.jpg\" data-elementor-open-lightbox=\"no\"><div class=\"uael-grid-img-thumbnail uael-ins-target\"><img loading=\"lazy\" decoding=\"async\" width=\"300\" height=\"225\" src=\"https:\/\/idealstone.sk\/wp-content\/uploads\/2015\/03\/JDH2012-model-03-Padang-Dark-G-6541-300x225.jpg\" class=\"attachment-medium size-medium wp-image-1444\" alt=\"\" srcset=\"https:\/\/idealstone.sk\/wp-content\/uploads\/2015\/03\/JDH2012-model-03-Padang-Dark-G-6541-300x225.jpg 300w, https:\/\/idealstone.sk\/wp-content\/uploads\/2015\/03\/JDH2012-model-03-Padang-Dark-G-6541.jpg 800w\" sizes=\"auto, (max-width: 300px) 100vw, 300px\" \/><\/div><div class=\"uael-grid-img-overlay\"><\/div><\/a><\/div><\/div><div class=\"uael-grid-item  uael-img-gallery-item-10\"><div class=\"uael-grid-item-content\"><a class=\"uael-grid-img uael-grid-gallery-img uael-ins-hover elementor-clickable\" data-fancybox=\"uael-gallery\" href=\"https:\/\/idealstone.sk\/wp-content\/uploads\/2015\/03\/JDH2012-model-03-Kupam-Green1.jpg\" data-elementor-open-lightbox=\"no\"><div class=\"uael-grid-img-thumbnail uael-ins-target\"><img loading=\"lazy\" decoding=\"async\" width=\"300\" height=\"225\" src=\"https:\/\/idealstone.sk\/wp-content\/uploads\/2015\/03\/JDH2012-model-03-Kupam-Green1-300x225.jpg\" class=\"attachment-medium size-medium wp-image-1443\" alt=\"\" srcset=\"https:\/\/idealstone.sk\/wp-content\/uploads\/2015\/03\/JDH2012-model-03-Kupam-Green1-300x225.jpg 300w, https:\/\/idealstone.sk\/wp-content\/uploads\/2015\/03\/JDH2012-model-03-Kupam-Green1.jpg 800w\" sizes=\"auto, (max-width: 300px) 100vw, 300px\" \/><\/div><div class=\"uael-grid-img-overlay\"><\/div><\/a><\/div><\/div><div class=\"uael-grid-item  uael-img-gallery-item-11\"><div class=\"uael-grid-item-content\"><a class=\"uael-grid-img uael-grid-gallery-img uael-ins-hover elementor-clickable\" data-fancybox=\"uael-gallery\" href=\"https:\/\/idealstone.sk\/wp-content\/uploads\/2015\/03\/JDH2012-model-02c-Vizag-Blue1.jpg\" data-elementor-open-lightbox=\"no\"><div class=\"uael-grid-img-thumbnail uael-ins-target\"><img loading=\"lazy\" decoding=\"async\" width=\"300\" height=\"225\" src=\"https:\/\/idealstone.sk\/wp-content\/uploads\/2015\/03\/JDH2012-model-02c-Vizag-Blue1-300x225.jpg\" class=\"attachment-medium size-medium wp-image-1442\" alt=\"\" srcset=\"https:\/\/idealstone.sk\/wp-content\/uploads\/2015\/03\/JDH2012-model-02c-Vizag-Blue1-300x225.jpg 300w, https:\/\/idealstone.sk\/wp-content\/uploads\/2015\/03\/JDH2012-model-02c-Vizag-Blue1.jpg 800w\" sizes=\"auto, (max-width: 300px) 100vw, 300px\" \/><\/div><div class=\"uael-grid-img-overlay\"><\/div><\/a><\/div><\/div><div class=\"uael-grid-item  uael-img-gallery-item-12\"><div class=\"uael-grid-item-content\"><a class=\"uael-grid-img uael-grid-gallery-img uael-ins-hover elementor-clickable\" data-fancybox=\"uael-gallery\" href=\"https:\/\/idealstone.sk\/wp-content\/uploads\/2015\/03\/JDH2012-model-02b-Bianco-Tarn1.jpg\" data-elementor-open-lightbox=\"no\"><div class=\"uael-grid-img-thumbnail uael-ins-target\"><img loading=\"lazy\" decoding=\"async\" width=\"300\" height=\"225\" src=\"https:\/\/idealstone.sk\/wp-content\/uploads\/2015\/03\/JDH2012-model-02b-Bianco-Tarn1-300x225.jpg\" class=\"attachment-medium size-medium wp-image-1441\" alt=\"\" srcset=\"https:\/\/idealstone.sk\/wp-content\/uploads\/2015\/03\/JDH2012-model-02b-Bianco-Tarn1-300x225.jpg 300w, https:\/\/idealstone.sk\/wp-content\/uploads\/2015\/03\/JDH2012-model-02b-Bianco-Tarn1.jpg 800w\" sizes=\"auto, (max-width: 300px) 100vw, 300px\" \/><\/div><div class=\"uael-grid-img-overlay\"><\/div><\/a><\/div><\/div><div class=\"uael-grid-item  uael-img-gallery-item-13\"><div class=\"uael-grid-item-content\"><a class=\"uael-grid-img uael-grid-gallery-img uael-ins-hover elementor-clickable\" data-fancybox=\"uael-gallery\" href=\"https:\/\/idealstone.sk\/wp-content\/uploads\/2015\/03\/JDH2012-model-01-Coffee-Pink1.jpg\" data-elementor-open-lightbox=\"no\"><div class=\"uael-grid-img-thumbnail uael-ins-target\"><img loading=\"lazy\" decoding=\"async\" width=\"300\" height=\"225\" src=\"https:\/\/idealstone.sk\/wp-content\/uploads\/2015\/03\/JDH2012-model-01-Coffee-Pink1-300x225.jpg\" class=\"attachment-medium size-medium wp-image-1440\" alt=\"\" srcset=\"https:\/\/idealstone.sk\/wp-content\/uploads\/2015\/03\/JDH2012-model-01-Coffee-Pink1-300x225.jpg 300w, https:\/\/idealstone.sk\/wp-content\/uploads\/2015\/03\/JDH2012-model-01-Coffee-Pink1.jpg 800w\" sizes=\"auto, (max-width: 300px) 100vw, 300px\" \/><\/div><div class=\"uael-grid-img-overlay\"><\/div><\/a><\/div><\/div><div class=\"uael-grid-item  uael-img-gallery-item-14\"><div class=\"uael-grid-item-content\"><a class=\"uael-grid-img uael-grid-gallery-img uael-ins-hover elementor-clickable\" data-fancybox=\"uael-gallery\" href=\"https:\/\/idealstone.sk\/wp-content\/uploads\/2015\/03\/JDH2012-model-00b-Azul-Noche1.jpg\" data-elementor-open-lightbox=\"no\"><div class=\"uael-grid-img-thumbnail uael-ins-target\"><img loading=\"lazy\" decoding=\"async\" width=\"300\" height=\"225\" src=\"https:\/\/idealstone.sk\/wp-content\/uploads\/2015\/03\/JDH2012-model-00b-Azul-Noche1-300x225.jpg\" class=\"attachment-medium size-medium wp-image-1439\" alt=\"\" srcset=\"https:\/\/idealstone.sk\/wp-content\/uploads\/2015\/03\/JDH2012-model-00b-Azul-Noche1-300x225.jpg 300w, https:\/\/idealstone.sk\/wp-content\/uploads\/2015\/03\/JDH2012-model-00b-Azul-Noche1.jpg 800w\" sizes=\"auto, (max-width: 300px) 100vw, 300px\" \/><\/div><div class=\"uael-grid-img-overlay\"><\/div><\/a><\/div><\/div><div class=\"uael-grid-item  uael-img-gallery-item-15\"><div class=\"uael-grid-item-content\"><a class=\"uael-grid-img uael-grid-gallery-img uael-ins-hover elementor-clickable\" data-fancybox=\"uael-gallery\" href=\"https:\/\/idealstone.sk\/wp-content\/uploads\/2015\/03\/JDH2012-model-00a-Tan-Brown1.jpg\" data-elementor-open-lightbox=\"no\"><div class=\"uael-grid-img-thumbnail uael-ins-target\"><img loading=\"lazy\" decoding=\"async\" width=\"300\" height=\"225\" src=\"https:\/\/idealstone.sk\/wp-content\/uploads\/2015\/03\/JDH2012-model-00a-Tan-Brown1-300x225.jpg\" class=\"attachment-medium size-medium wp-image-1438\" alt=\"\" srcset=\"https:\/\/idealstone.sk\/wp-content\/uploads\/2015\/03\/JDH2012-model-00a-Tan-Brown1-300x225.jpg 300w, https:\/\/idealstone.sk\/wp-content\/uploads\/2015\/03\/JDH2012-model-00a-Tan-Brown1.jpg 800w\" sizes=\"auto, (max-width: 300px) 100vw, 300px\" \/><\/div><div class=\"uael-grid-img-overlay\"><\/div><\/a><\/div><\/div><\/div><\/div>\t\t\t\t<\/div>\n\t\t\t\t<\/div>\n\t\t\t\t\t<\/div>\n\t\t\t\t<\/div>\n\t\t\t\t<\/div>\n\t\t","protected":false},"excerpt":{"rendered":"","protected":false},"author":2,"featured_media":0,"parent":239,"menu_order":0,"comment_status":"closed","ping_status":"closed","template":"","meta":{"footnotes":""},"class_list":["post-235","page","type-page","status-publish","hentry"],"yoast_head":"<!-- This site is optimized with the Yoast SEO plugin v27.3 - https:\/\/yoast.com\/product\/yoast-seo-wordpress\/ -->\n<title>Dupla s\u00edreml\u00e9kek - IdealStone<\/title>\n<meta name=\"robots\" content=\"index, follow, max-snippet:-1, max-image-preview:large, max-video-preview:-1\" \/>\n<link rel=\"canonical\" href=\"https:\/\/idealstone.sk\/hu\/temetoi-munkak\/dupla-siremlekek\/\" \/>\n<meta property=\"og:locale\" content=\"hu_HU\" \/>\n<meta property=\"og:type\" content=\"article\" \/>\n<meta property=\"og:title\" content=\"Dupla s\u00edreml\u00e9kek - IdealStone\" \/>\n<meta property=\"og:url\" content=\"https:\/\/idealstone.sk\/hu\/temetoi-munkak\/dupla-siremlekek\/\" \/>\n<meta property=\"og:site_name\" content=\"IdealStone\" \/>\n<meta property=\"article:modified_time\" content=\"2026-03-18T22:12:46+00:00\" \/>\n<meta property=\"og:image\" content=\"https:\/\/idealstone.sk\/wp-content\/uploads\/2015\/03\/JDH2010-006-Roso-Vanga1.jpg\" \/>\n\t<meta property=\"og:image:width\" content=\"800\" \/>\n\t<meta property=\"og:image:height\" content=\"600\" \/>\n\t<meta property=\"og:image:type\" content=\"image\/jpeg\" \/>\n<script type=\"application\/ld+json\" class=\"yoast-schema-graph\">{\"@context\":\"https:\\\/\\\/schema.org\",\"@graph\":[{\"@type\":\"WebPage\",\"@id\":\"https:\\\/\\\/idealstone.sk\\\/hu\\\/temetoi-munkak\\\/dupla-siremlekek\\\/\",\"url\":\"https:\\\/\\\/idealstone.sk\\\/hu\\\/temetoi-munkak\\\/dupla-siremlekek\\\/\",\"name\":\"Dupla s\u00edreml\u00e9kek - IdealStone\",\"isPartOf\":{\"@id\":\"https:\\\/\\\/idealstone.sk\\\/hu\\\/#website\"},\"primaryImageOfPage\":{\"@id\":\"https:\\\/\\\/idealstone.sk\\\/hu\\\/temetoi-munkak\\\/dupla-siremlekek\\\/#primaryimage\"},\"image\":{\"@id\":\"https:\\\/\\\/idealstone.sk\\\/hu\\\/temetoi-munkak\\\/dupla-siremlekek\\\/#primaryimage\"},\"thumbnailUrl\":\"https:\\\/\\\/idealstone.sk\\\/wp-content\\\/uploads\\\/2015\\\/03\\\/JDH2010-006-Roso-Vanga1-300x225.jpg\",\"datePublished\":\"2015-03-02T11:37:52+00:00\",\"dateModified\":\"2026-03-18T22:12:46+00:00\",\"breadcrumb\":{\"@id\":\"https:\\\/\\\/idealstone.sk\\\/hu\\\/temetoi-munkak\\\/dupla-siremlekek\\\/#breadcrumb\"},\"inLanguage\":\"hu\",\"potentialAction\":[{\"@type\":\"ReadAction\",\"target\":[\"https:\\\/\\\/idealstone.sk\\\/hu\\\/temetoi-munkak\\\/dupla-siremlekek\\\/\"]}]},{\"@type\":\"ImageObject\",\"inLanguage\":\"hu\",\"@id\":\"https:\\\/\\\/idealstone.sk\\\/hu\\\/temetoi-munkak\\\/dupla-siremlekek\\\/#primaryimage\",\"url\":\"https:\\\/\\\/idealstone.sk\\\/wp-content\\\/uploads\\\/2015\\\/03\\\/JDH2010-006-Roso-Vanga1-300x225.jpg\",\"contentUrl\":\"https:\\\/\\\/idealstone.sk\\\/wp-content\\\/uploads\\\/2015\\\/03\\\/JDH2010-006-Roso-Vanga1-300x225.jpg\"},{\"@type\":\"BreadcrumbList\",\"@id\":\"https:\\\/\\\/idealstone.sk\\\/hu\\\/temetoi-munkak\\\/dupla-siremlekek\\\/#breadcrumb\",\"itemListElement\":[{\"@type\":\"ListItem\",\"position\":1,\"name\":\"Kezd\u0151lap\",\"item\":\"https:\\\/\\\/idealstone.sk\\\/hu\\\/\"},{\"@type\":\"ListItem\",\"position\":2,\"name\":\"Temet\u0151i munk\u00e1k\",\"item\":\"https:\\\/\\\/idealstone.sk\\\/hu\\\/temetoi-munkak\\\/\"},{\"@type\":\"ListItem\",\"position\":3,\"name\":\"Dupla s\u00edreml\u00e9kek\"}]},{\"@type\":\"WebSite\",\"@id\":\"https:\\\/\\\/idealstone.sk\\\/hu\\\/#website\",\"url\":\"https:\\\/\\\/idealstone.sk\\\/hu\\\/\",\"name\":\"IdealStone\",\"description\":\"Kamen\u00e1rstvo \u2013 v\u00fdroba, predaj a mont\u00e1\u017e v\u00fdrobkov z granitu, mramoru a umel\u00e9ho kame\u0148a\",\"publisher\":{\"@id\":\"https:\\\/\\\/idealstone.sk\\\/hu\\\/#organization\"},\"potentialAction\":[{\"@type\":\"SearchAction\",\"target\":{\"@type\":\"EntryPoint\",\"urlTemplate\":\"https:\\\/\\\/idealstone.sk\\\/hu\\\/?s={search_term_string}\"},\"query-input\":{\"@type\":\"PropertyValueSpecification\",\"valueRequired\":true,\"valueName\":\"search_term_string\"}}],\"inLanguage\":\"hu\"},{\"@type\":\"Organization\",\"@id\":\"https:\\\/\\\/idealstone.sk\\\/hu\\\/#organization\",\"name\":\"IdealStone\",\"url\":\"https:\\\/\\\/idealstone.sk\\\/hu\\\/\",\"logo\":{\"@type\":\"ImageObject\",\"inLanguage\":\"hu\",\"@id\":\"https:\\\/\\\/idealstone.sk\\\/hu\\\/#\\\/schema\\\/logo\\\/image\\\/\",\"url\":\"https:\\\/\\\/idealstone.sk\\\/wp-content\\\/uploads\\\/2026\\\/03\\\/Logo-1.png\",\"contentUrl\":\"https:\\\/\\\/idealstone.sk\\\/wp-content\\\/uploads\\\/2026\\\/03\\\/Logo-1.png\",\"width\":1603,\"height\":228,\"caption\":\"IdealStone\"},\"image\":{\"@id\":\"https:\\\/\\\/idealstone.sk\\\/hu\\\/#\\\/schema\\\/logo\\\/image\\\/\"}}]}<\/script>\n<!-- \/ Yoast SEO plugin. -->","yoast_head_json":{"title":"Dupla s\u00edreml\u00e9kek - IdealStone","robots":{"index":"index","follow":"follow","max-snippet":"max-snippet:-1","max-image-preview":"max-image-preview:large","max-video-preview":"max-video-preview:-1"},"canonical":"https:\/\/idealstone.sk\/hu\/temetoi-munkak\/dupla-siremlekek\/","og_locale":"hu_HU","og_type":"article","og_title":"Dupla s\u00edreml\u00e9kek - IdealStone","og_url":"https:\/\/idealstone.sk\/hu\/temetoi-munkak\/dupla-siremlekek\/","og_site_name":"IdealStone","article_modified_time":"2026-03-18T22:12:46+00:00","og_image":[{"width":800,"height":600,"url":"https:\/\/idealstone.sk\/wp-content\/uploads\/2015\/03\/JDH2010-006-Roso-Vanga1.jpg","type":"image\/jpeg"}],"schema":{"@context":"https:\/\/schema.org","@graph":[{"@type":"WebPage","@id":"https:\/\/idealstone.sk\/hu\/temetoi-munkak\/dupla-siremlekek\/","url":"https:\/\/idealstone.sk\/hu\/temetoi-munkak\/dupla-siremlekek\/","name":"Dupla s\u00edreml\u00e9kek - IdealStone","isPartOf":{"@id":"https:\/\/idealstone.sk\/hu\/#website"},"primaryImageOfPage":{"@id":"https:\/\/idealstone.sk\/hu\/temetoi-munkak\/dupla-siremlekek\/#primaryimage"},"image":{"@id":"https:\/\/idealstone.sk\/hu\/temetoi-munkak\/dupla-siremlekek\/#primaryimage"},"thumbnailUrl":"https:\/\/idealstone.sk\/wp-content\/uploads\/2015\/03\/JDH2010-006-Roso-Vanga1-300x225.jpg","datePublished":"2015-03-02T11:37:52+00:00","dateModified":"2026-03-18T22:12:46+00:00","breadcrumb":{"@id":"https:\/\/idealstone.sk\/hu\/temetoi-munkak\/dupla-siremlekek\/#breadcrumb"},"inLanguage":"hu","potentialAction":[{"@type":"ReadAction","target":["https:\/\/idealstone.sk\/hu\/temetoi-munkak\/dupla-siremlekek\/"]}]},{"@type":"ImageObject","inLanguage":"hu","@id":"https:\/\/idealstone.sk\/hu\/temetoi-munkak\/dupla-siremlekek\/#primaryimage","url":"https:\/\/idealstone.sk\/wp-content\/uploads\/2015\/03\/JDH2010-006-Roso-Vanga1-300x225.jpg","contentUrl":"https:\/\/idealstone.sk\/wp-content\/uploads\/2015\/03\/JDH2010-006-Roso-Vanga1-300x225.jpg"},{"@type":"BreadcrumbList","@id":"https:\/\/idealstone.sk\/hu\/temetoi-munkak\/dupla-siremlekek\/#breadcrumb","itemListElement":[{"@type":"ListItem","position":1,"name":"Kezd\u0151lap","item":"https:\/\/idealstone.sk\/hu\/"},{"@type":"ListItem","position":2,"name":"Temet\u0151i munk\u00e1k","item":"https:\/\/idealstone.sk\/hu\/temetoi-munkak\/"},{"@type":"ListItem","position":3,"name":"Dupla s\u00edreml\u00e9kek"}]},{"@type":"WebSite","@id":"https:\/\/idealstone.sk\/hu\/#website","url":"https:\/\/idealstone.sk\/hu\/","name":"IdealStone","description":"Kamen\u00e1rstvo \u2013 v\u00fdroba, predaj a mont\u00e1\u017e v\u00fdrobkov z granitu, mramoru a umel\u00e9ho kame\u0148a","publisher":{"@id":"https:\/\/idealstone.sk\/hu\/#organization"},"potentialAction":[{"@type":"SearchAction","target":{"@type":"EntryPoint","urlTemplate":"https:\/\/idealstone.sk\/hu\/?s={search_term_string}"},"query-input":{"@type":"PropertyValueSpecification","valueRequired":true,"valueName":"search_term_string"}}],"inLanguage":"hu"},{"@type":"Organization","@id":"https:\/\/idealstone.sk\/hu\/#organization","name":"IdealStone","url":"https:\/\/idealstone.sk\/hu\/","logo":{"@type":"ImageObject","inLanguage":"hu","@id":"https:\/\/idealstone.sk\/hu\/#\/schema\/logo\/image\/","url":"https:\/\/idealstone.sk\/wp-content\/uploads\/2026\/03\/Logo-1.png","contentUrl":"https:\/\/idealstone.sk\/wp-content\/uploads\/2026\/03\/Logo-1.png","width":1603,"height":228,"caption":"IdealStone"},"image":{"@id":"https:\/\/idealstone.sk\/hu\/#\/schema\/logo\/image\/"}}]}},"_links":{"self":[{"href":"https:\/\/idealstone.sk\/hu\/wp-json\/wp\/v2\/pages\/235","targetHints":{"allow":["GET"]}}],"collection":[{"href":"https:\/\/idealstone.sk\/hu\/wp-json\/wp\/v2\/pages"}],"about":[{"href":"https:\/\/idealstone.sk\/hu\/wp-json\/wp\/v2\/types\/page"}],"author":[{"embeddable":true,"href":"https:\/\/idealstone.sk\/hu\/wp-json\/wp\/v2\/users\/2"}],"replies":[{"embeddable":true,"href":"https:\/\/idealstone.sk\/hu\/wp-json\/wp\/v2\/comments?post=235"}],"version-history":[{"count":2,"href":"https:\/\/idealstone.sk\/hu\/wp-json\/wp\/v2\/pages\/235\/revisions"}],"predecessor-version":[{"id":3152,"href":"https:\/\/idealstone.sk\/hu\/wp-json\/wp\/v2\/pages\/235\/revisions\/3152"}],"up":[{"embeddable":true,"href":"https:\/\/idealstone.sk\/hu\/wp-json\/wp\/v2\/pages\/239"}],"wp:attachment":[{"href":"https:\/\/idealstone.sk\/hu\/wp-json\/wp\/v2\/media?parent=235"}],"curies":[{"name":"wp","href":"https:\/\/api.w.org\/{rel}","templated":true}]}}