{"id":232,"date":"2015-03-03T16:17:01","date_gmt":"2015-03-03T15:17:01","guid":{"rendered":"http:\/\/idealstone.sk\/?page_id=232"},"modified":"2026-03-28T00:20:32","modified_gmt":"2026-03-27T23:20:32","slug":"kulteri-epiteszet","status":"publish","type":"page","link":"https:\/\/idealstone.sk\/hu\/epitoipari-munkak\/kulteri-epiteszet\/","title":{"rendered":"K\u00fclt\u00e9ri \u00e9p\u00edt\u00e9szet"},"content":{"rendered":"\t\t<div data-elementor-type=\"wp-page\" data-elementor-id=\"232\" class=\"elementor elementor-232 elementor-192\" data-elementor-post-type=\"page\">\n\t\t\t\t<div class=\"elementor-element elementor-element-640541a6 e-flex e-con-boxed e-con e-parent\" data-id=\"640541a6\" data-element_type=\"container\" data-e-type=\"container\">\n\t\t\t\t\t<div class=\"e-con-inner\">\n\t\t<a class=\"elementor-element elementor-element-2c422141 e-con-full e-flex e-con e-child\" data-id=\"2c422141\" data-element_type=\"container\" data-e-type=\"container\" data-settings=\"{&quot;background_background&quot;:&quot;classic&quot;}\" href=\"https:\/\/idealstone.sk\/stavebna-architektura\/exterierova-stavebna-architektura\/lemy-okolo-bazenov\/\">\n\t\t\t\t<div class=\"elementor-element elementor-element-55357af0 fw-white-remove elementor-widget elementor-widget-image\" data-id=\"55357af0\" data-element_type=\"widget\" data-e-type=\"widget\" data-widget_type=\"image.default\">\n\t\t\t\t\t\t\t\t\t\t\t\t\t\t\t<img fetchpriority=\"high\" decoding=\"async\" width=\"800\" height=\"800\" src=\"https:\/\/idealstone.sk\/wp-content\/uploads\/2026\/03\/obklad-1-1024x1024.jpg\" class=\"attachment-large size-large wp-image-5331\" alt=\"\" srcset=\"https:\/\/idealstone.sk\/wp-content\/uploads\/2026\/03\/obklad-1-1024x1024.jpg 1024w, https:\/\/idealstone.sk\/wp-content\/uploads\/2026\/03\/obklad-1-300x300.jpg 300w, https:\/\/idealstone.sk\/wp-content\/uploads\/2026\/03\/obklad-1-150x150.jpg 150w, https:\/\/idealstone.sk\/wp-content\/uploads\/2026\/03\/obklad-1-768x768.jpg 768w, https:\/\/idealstone.sk\/wp-content\/uploads\/2026\/03\/obklad-1.jpg 1417w\" sizes=\"(max-width: 800px) 100vw, 800px\" \/>\t\t\t\t\t\t\t\t\t\t\t\t\t\t\t<\/div>\n\t\t\t\t<div class=\"elementor-element elementor-element-4b4de7d8 elementor-widget elementor-widget-heading\" data-id=\"4b4de7d8\" data-element_type=\"widget\" data-e-type=\"widget\" data-widget_type=\"heading.default\">\n\t\t\t\t\t<h2 class=\"elementor-heading-title elementor-size-default\">Medence j\u00e1r\u00f3lapok<\/h2>\t\t\t\t<\/div>\n\t\t\t\t<div class=\"elementor-element elementor-element-3dc650a8 elementor-widget-divider--separator-type-pattern elementor-widget-divider--view-line elementor-widget elementor-widget-divider\" data-id=\"3dc650a8\" data-element_type=\"widget\" data-e-type=\"widget\" data-widget_type=\"divider.default\">\n\t\t\t\t\t\t\t<div class=\"elementor-divider\" style=\"--divider-pattern-url: url(&quot;data:image\/svg+xml,%3Csvg xmlns=&#039;http:\/\/www.w3.org\/2000\/svg&#039; preserveAspectRatio=&#039;none&#039; overflow=&#039;visible&#039; height=&#039;100%&#039; viewBox=&#039;0 0 24 24&#039; fill=&#039;none&#039; stroke=&#039;black&#039; stroke-width=&#039;1.6&#039; stroke-linecap=&#039;square&#039; stroke-miterlimit=&#039;10&#039;%3E%3Cpath d=&#039;M0,6c6,0,6,13,12,13S18,6,24,6&#039;\/%3E%3C\/svg%3E&quot;);\">\n\t\t\t<span class=\"elementor-divider-separator\">\n\t\t\t\t\t\t<\/span>\n\t\t<\/div>\n\t\t\t\t\t\t<\/div>\n\t\t\t\t<div class=\"elementor-element elementor-element-3afd4916 elementor-widget elementor-widget-text-editor\" data-id=\"3afd4916\" data-element_type=\"widget\" data-e-type=\"widget\" data-widget_type=\"text-editor.default\">\n\t\t\t\t\t\t\t\t\t<p>Lorem ipsun dolor sit amet&#8230;<\/p>\t\t\t\t\t\t\t\t<\/div>\n\t\t\t\t<\/a>\n\t\t<a class=\"elementor-element elementor-element-67c75d49 e-con-full e-flex e-con e-child\" data-id=\"67c75d49\" data-element_type=\"container\" data-e-type=\"container\" data-settings=\"{&quot;background_background&quot;:&quot;classic&quot;}\" href=\"https:\/\/idealstone.sk\/stavebna-architektura\/exterierova-stavebna-architektura\/parapety\/\">\n\t\t\t\t<div class=\"elementor-element elementor-element-572a7971 fw-white-remove elementor-widget elementor-widget-image\" data-id=\"572a7971\" data-element_type=\"widget\" data-e-type=\"widget\" data-widget_type=\"image.default\">\n\t\t\t\t\t\t\t\t\t\t\t\t\t\t\t<img decoding=\"async\" width=\"640\" height=\"480\" src=\"https:\/\/idealstone.sk\/wp-content\/uploads\/2015\/03\/parapetn\u00e1-doska-zo-\u017euly.jpg\" class=\"attachment-large size-large wp-image-3632\" alt=\"\" srcset=\"https:\/\/idealstone.sk\/wp-content\/uploads\/2015\/03\/parapetn\u00e1-doska-zo-\u017euly.jpg 640w, https:\/\/idealstone.sk\/wp-content\/uploads\/2015\/03\/parapetn\u00e1-doska-zo-\u017euly-300x225.jpg 300w\" sizes=\"auto, (max-width: 640px) 100vw, 640px\" loading=\"lazy\" \/>\t\t\t\t\t\t\t\t\t\t\t\t\t\t\t<\/div>\n\t\t\t\t<div class=\"elementor-element elementor-element-26100648 elementor-widget elementor-widget-heading\" data-id=\"26100648\" data-element_type=\"widget\" data-e-type=\"widget\" data-widget_type=\"heading.default\">\n\t\t\t\t\t<h2 class=\"elementor-heading-title elementor-size-default\">P\u00e1rk\u00e1nyok<\/h2>\t\t\t\t<\/div>\n\t\t\t\t<div class=\"elementor-element elementor-element-29efdd96 elementor-widget-divider--separator-type-pattern elementor-widget-divider--view-line elementor-widget elementor-widget-divider\" data-id=\"29efdd96\" data-element_type=\"widget\" data-e-type=\"widget\" data-widget_type=\"divider.default\">\n\t\t\t\t\t\t\t<div class=\"elementor-divider\" style=\"--divider-pattern-url: url(&quot;data:image\/svg+xml,%3Csvg xmlns=&#039;http:\/\/www.w3.org\/2000\/svg&#039; preserveAspectRatio=&#039;none&#039; overflow=&#039;visible&#039; height=&#039;100%&#039; viewBox=&#039;0 0 24 24&#039; fill=&#039;none&#039; stroke=&#039;black&#039; stroke-width=&#039;1.6&#039; stroke-linecap=&#039;square&#039; stroke-miterlimit=&#039;10&#039;%3E%3Cpath d=&#039;M0,6c6,0,6,13,12,13S18,6,24,6&#039;\/%3E%3C\/svg%3E&quot;);\">\n\t\t\t<span class=\"elementor-divider-separator\">\n\t\t\t\t\t\t<\/span>\n\t\t<\/div>\n\t\t\t\t\t\t<\/div>\n\t\t\t\t<div class=\"elementor-element elementor-element-279567ab elementor-widget elementor-widget-text-editor\" data-id=\"279567ab\" data-element_type=\"widget\" data-e-type=\"widget\" data-widget_type=\"text-editor.default\">\n\t\t\t\t\t\t\t\t\t<p>Ablakp\u00e1rk\u00e1nyok, l\u00e9pcs\u0151k\u2026<\/p>\t\t\t\t\t\t\t\t<\/div>\n\t\t\t\t<\/a>\n\t\t<a class=\"elementor-element elementor-element-6bb007a3 e-con-full e-flex e-con e-child\" data-id=\"6bb007a3\" data-element_type=\"container\" data-e-type=\"container\" data-settings=\"{&quot;background_background&quot;:&quot;classic&quot;}\" href=\"https:\/\/idealstone.sk\/stavebna-architektura\/exterierova-stavebna-architektura\/dlazby-ext\/\">\n\t\t\t\t<div class=\"elementor-element elementor-element-6b8a0e0c fw-white-remove elementor-widget elementor-widget-image\" data-id=\"6b8a0e0c\" data-element_type=\"widget\" data-e-type=\"widget\" data-widget_type=\"image.default\">\n\t\t\t\t\t\t\t\t\t\t\t\t\t\t\t<img decoding=\"async\" width=\"640\" height=\"427\" src=\"https:\/\/idealstone.sk\/wp-content\/uploads\/2015\/03\/mramorov\u00e1-dla\u017eba-Breccia-Sarda.jpg\" class=\"attachment-large size-large wp-image-5080\" alt=\"\" srcset=\"https:\/\/idealstone.sk\/wp-content\/uploads\/2015\/03\/mramorov\u00e1-dla\u017eba-Breccia-Sarda.jpg 640w, https:\/\/idealstone.sk\/wp-content\/uploads\/2015\/03\/mramorov\u00e1-dla\u017eba-Breccia-Sarda-300x200.jpg 300w\" sizes=\"auto, (max-width: 640px) 100vw, 640px\" loading=\"lazy\" \/>\t\t\t\t\t\t\t\t\t\t\t\t\t\t\t<\/div>\n\t\t\t\t<div class=\"elementor-element elementor-element-272dc054 elementor-widget elementor-widget-heading\" data-id=\"272dc054\" data-element_type=\"widget\" data-e-type=\"widget\" data-widget_type=\"heading.default\">\n\t\t\t\t\t<h2 class=\"elementor-heading-title elementor-size-default\">J\u00e1r\u00f3lapok<\/h2>\t\t\t\t<\/div>\n\t\t\t\t<div class=\"elementor-element elementor-element-2e3a851f elementor-widget-divider--separator-type-pattern elementor-widget-divider--view-line elementor-widget elementor-widget-divider\" data-id=\"2e3a851f\" data-element_type=\"widget\" data-e-type=\"widget\" data-widget_type=\"divider.default\">\n\t\t\t\t\t\t\t<div class=\"elementor-divider\" style=\"--divider-pattern-url: url(&quot;data:image\/svg+xml,%3Csvg xmlns=&#039;http:\/\/www.w3.org\/2000\/svg&#039; preserveAspectRatio=&#039;none&#039; overflow=&#039;visible&#039; height=&#039;100%&#039; viewBox=&#039;0 0 24 24&#039; fill=&#039;none&#039; stroke=&#039;black&#039; stroke-width=&#039;1.6&#039; stroke-linecap=&#039;square&#039; stroke-miterlimit=&#039;10&#039;%3E%3Cpath d=&#039;M0,6c6,0,6,13,12,13S18,6,24,6&#039;\/%3E%3C\/svg%3E&quot;);\">\n\t\t\t<span class=\"elementor-divider-separator\">\n\t\t\t\t\t\t<\/span>\n\t\t<\/div>\n\t\t\t\t\t\t<\/div>\n\t\t\t\t<div class=\"elementor-element elementor-element-4baccc46 elementor-widget elementor-widget-text-editor\" data-id=\"4baccc46\" data-element_type=\"widget\" data-e-type=\"widget\" data-widget_type=\"text-editor.default\">\n\t\t\t\t\t\t\t\t\t<p>Lorem ipsun dolor sit amet&#8230;<\/p>\t\t\t\t\t\t\t\t<\/div>\n\t\t\t\t<\/a>\n\t\t\t\t\t<\/div>\n\t\t\t\t<\/div>\n\t\t\t\t<\/div>\n\t\t","protected":false},"excerpt":{"rendered":"<p>Medence j\u00e1r\u00f3lapok Lorem ipsun dolor sit amet&#8230; P\u00e1rk\u00e1nyok Ablakp\u00e1rk\u00e1nyok, l\u00e9pcs\u0151k\u2026 J\u00e1r\u00f3lapok Lorem ipsun dolor sit amet&#8230;<\/p>\n","protected":false},"author":2,"featured_media":0,"parent":207,"menu_order":0,"comment_status":"closed","ping_status":"closed","template":"elementor_header_footer","meta":{"footnotes":""},"class_list":["post-232","page","type-page","status-publish","hentry"],"yoast_head":"<!-- This site is optimized with the Yoast SEO plugin v27.3 - https:\/\/yoast.com\/product\/yoast-seo-wordpress\/ -->\n<title>K\u00fclt\u00e9ri \u00e9p\u00edt\u00e9szet - IdealStone<\/title>\n<meta name=\"robots\" content=\"index, follow, max-snippet:-1, max-image-preview:large, max-video-preview:-1\" \/>\n<link rel=\"canonical\" href=\"https:\/\/idealstone.sk\/hu\/epitoipari-munkak\/kulteri-epiteszet\/\" \/>\n<meta property=\"og:locale\" content=\"hu_HU\" \/>\n<meta property=\"og:type\" content=\"article\" \/>\n<meta property=\"og:title\" content=\"K\u00fclt\u00e9ri \u00e9p\u00edt\u00e9szet - IdealStone\" \/>\n<meta property=\"og:description\" content=\"Medence j\u00e1r\u00f3lapok Lorem ipsun dolor sit amet&#8230; P\u00e1rk\u00e1nyok Ablakp\u00e1rk\u00e1nyok, l\u00e9pcs\u0151k\u2026 J\u00e1r\u00f3lapok Lorem ipsun dolor sit amet&#8230;\" \/>\n<meta property=\"og:url\" content=\"https:\/\/idealstone.sk\/hu\/epitoipari-munkak\/kulteri-epiteszet\/\" \/>\n<meta property=\"og:site_name\" content=\"IdealStone\" \/>\n<meta property=\"article:modified_time\" content=\"2026-03-27T23:20:32+00:00\" \/>\n<meta property=\"og:image\" content=\"https:\/\/idealstone.sk\/wp-content\/uploads\/2026\/03\/obklad-1.jpg\" \/>\n\t<meta property=\"og:image:width\" content=\"1417\" \/>\n\t<meta property=\"og:image:height\" content=\"1417\" \/>\n\t<meta property=\"og:image:type\" content=\"image\/jpeg\" \/>\n<meta name=\"twitter:label1\" content=\"Becs\u00fclt olvas\u00e1si id\u0151\" \/>\n\t<meta name=\"twitter:data1\" content=\"1 perc\" \/>\n<script type=\"application\/ld+json\" class=\"yoast-schema-graph\">{\"@context\":\"https:\\\/\\\/schema.org\",\"@graph\":[{\"@type\":\"WebPage\",\"@id\":\"https:\\\/\\\/idealstone.sk\\\/hu\\\/epitoipari-munkak\\\/kulteri-epiteszet\\\/\",\"url\":\"https:\\\/\\\/idealstone.sk\\\/hu\\\/epitoipari-munkak\\\/kulteri-epiteszet\\\/\",\"name\":\"K\u00fclt\u00e9ri \u00e9p\u00edt\u00e9szet - IdealStone\",\"isPartOf\":{\"@id\":\"https:\\\/\\\/idealstone.sk\\\/hu\\\/#website\"},\"primaryImageOfPage\":{\"@id\":\"https:\\\/\\\/idealstone.sk\\\/hu\\\/epitoipari-munkak\\\/kulteri-epiteszet\\\/#primaryimage\"},\"image\":{\"@id\":\"https:\\\/\\\/idealstone.sk\\\/hu\\\/epitoipari-munkak\\\/kulteri-epiteszet\\\/#primaryimage\"},\"thumbnailUrl\":\"https:\\\/\\\/idealstone.sk\\\/wp-content\\\/uploads\\\/2026\\\/03\\\/obklad-1-1024x1024.jpg\",\"datePublished\":\"2015-03-03T15:17:01+00:00\",\"dateModified\":\"2026-03-27T23:20:32+00:00\",\"breadcrumb\":{\"@id\":\"https:\\\/\\\/idealstone.sk\\\/hu\\\/epitoipari-munkak\\\/kulteri-epiteszet\\\/#breadcrumb\"},\"inLanguage\":\"hu\",\"potentialAction\":[{\"@type\":\"ReadAction\",\"target\":[\"https:\\\/\\\/idealstone.sk\\\/hu\\\/epitoipari-munkak\\\/kulteri-epiteszet\\\/\"]}]},{\"@type\":\"ImageObject\",\"inLanguage\":\"hu\",\"@id\":\"https:\\\/\\\/idealstone.sk\\\/hu\\\/epitoipari-munkak\\\/kulteri-epiteszet\\\/#primaryimage\",\"url\":\"https:\\\/\\\/idealstone.sk\\\/wp-content\\\/uploads\\\/2026\\\/03\\\/obklad-1-1024x1024.jpg\",\"contentUrl\":\"https:\\\/\\\/idealstone.sk\\\/wp-content\\\/uploads\\\/2026\\\/03\\\/obklad-1-1024x1024.jpg\"},{\"@type\":\"BreadcrumbList\",\"@id\":\"https:\\\/\\\/idealstone.sk\\\/hu\\\/epitoipari-munkak\\\/kulteri-epiteszet\\\/#breadcrumb\",\"itemListElement\":[{\"@type\":\"ListItem\",\"position\":1,\"name\":\"Kezd\u0151lap\",\"item\":\"https:\\\/\\\/idealstone.sk\\\/hu\\\/\"},{\"@type\":\"ListItem\",\"position\":2,\"name\":\"\u00c9p\u00edt\u0151ipari munk\u00e1k\",\"item\":\"https:\\\/\\\/idealstone.sk\\\/hu\\\/epitoipari-munkak\\\/\"},{\"@type\":\"ListItem\",\"position\":3,\"name\":\"K\u00fclt\u00e9ri \u00e9p\u00edt\u00e9szet\"}]},{\"@type\":\"WebSite\",\"@id\":\"https:\\\/\\\/idealstone.sk\\\/hu\\\/#website\",\"url\":\"https:\\\/\\\/idealstone.sk\\\/hu\\\/\",\"name\":\"IdealStone\",\"description\":\"Kamen\u00e1rstvo \u2013 v\u00fdroba, predaj a mont\u00e1\u017e v\u00fdrobkov z granitu, mramoru a umel\u00e9ho kame\u0148a\",\"publisher\":{\"@id\":\"https:\\\/\\\/idealstone.sk\\\/hu\\\/#organization\"},\"potentialAction\":[{\"@type\":\"SearchAction\",\"target\":{\"@type\":\"EntryPoint\",\"urlTemplate\":\"https:\\\/\\\/idealstone.sk\\\/hu\\\/?s={search_term_string}\"},\"query-input\":{\"@type\":\"PropertyValueSpecification\",\"valueRequired\":true,\"valueName\":\"search_term_string\"}}],\"inLanguage\":\"hu\"},{\"@type\":\"Organization\",\"@id\":\"https:\\\/\\\/idealstone.sk\\\/hu\\\/#organization\",\"name\":\"IdealStone\",\"url\":\"https:\\\/\\\/idealstone.sk\\\/hu\\\/\",\"logo\":{\"@type\":\"ImageObject\",\"inLanguage\":\"hu\",\"@id\":\"https:\\\/\\\/idealstone.sk\\\/hu\\\/#\\\/schema\\\/logo\\\/image\\\/\",\"url\":\"https:\\\/\\\/idealstone.sk\\\/wp-content\\\/uploads\\\/2026\\\/03\\\/Logo-1.png\",\"contentUrl\":\"https:\\\/\\\/idealstone.sk\\\/wp-content\\\/uploads\\\/2026\\\/03\\\/Logo-1.png\",\"width\":1603,\"height\":228,\"caption\":\"IdealStone\"},\"image\":{\"@id\":\"https:\\\/\\\/idealstone.sk\\\/hu\\\/#\\\/schema\\\/logo\\\/image\\\/\"}}]}<\/script>\n<!-- \/ Yoast SEO plugin. -->","yoast_head_json":{"title":"K\u00fclt\u00e9ri \u00e9p\u00edt\u00e9szet - IdealStone","robots":{"index":"index","follow":"follow","max-snippet":"max-snippet:-1","max-image-preview":"max-image-preview:large","max-video-preview":"max-video-preview:-1"},"canonical":"https:\/\/idealstone.sk\/hu\/epitoipari-munkak\/kulteri-epiteszet\/","og_locale":"hu_HU","og_type":"article","og_title":"K\u00fclt\u00e9ri \u00e9p\u00edt\u00e9szet - IdealStone","og_description":"Medence j\u00e1r\u00f3lapok Lorem ipsun dolor sit amet&#8230; P\u00e1rk\u00e1nyok Ablakp\u00e1rk\u00e1nyok, l\u00e9pcs\u0151k\u2026 J\u00e1r\u00f3lapok Lorem ipsun dolor sit amet&#8230;","og_url":"https:\/\/idealstone.sk\/hu\/epitoipari-munkak\/kulteri-epiteszet\/","og_site_name":"IdealStone","article_modified_time":"2026-03-27T23:20:32+00:00","og_image":[{"width":1417,"height":1417,"url":"https:\/\/idealstone.sk\/wp-content\/uploads\/2026\/03\/obklad-1.jpg","type":"image\/jpeg"}],"twitter_misc":{"Becs\u00fclt olvas\u00e1si id\u0151":"1 perc"},"schema":{"@context":"https:\/\/schema.org","@graph":[{"@type":"WebPage","@id":"https:\/\/idealstone.sk\/hu\/epitoipari-munkak\/kulteri-epiteszet\/","url":"https:\/\/idealstone.sk\/hu\/epitoipari-munkak\/kulteri-epiteszet\/","name":"K\u00fclt\u00e9ri \u00e9p\u00edt\u00e9szet - IdealStone","isPartOf":{"@id":"https:\/\/idealstone.sk\/hu\/#website"},"primaryImageOfPage":{"@id":"https:\/\/idealstone.sk\/hu\/epitoipari-munkak\/kulteri-epiteszet\/#primaryimage"},"image":{"@id":"https:\/\/idealstone.sk\/hu\/epitoipari-munkak\/kulteri-epiteszet\/#primaryimage"},"thumbnailUrl":"https:\/\/idealstone.sk\/wp-content\/uploads\/2026\/03\/obklad-1-1024x1024.jpg","datePublished":"2015-03-03T15:17:01+00:00","dateModified":"2026-03-27T23:20:32+00:00","breadcrumb":{"@id":"https:\/\/idealstone.sk\/hu\/epitoipari-munkak\/kulteri-epiteszet\/#breadcrumb"},"inLanguage":"hu","potentialAction":[{"@type":"ReadAction","target":["https:\/\/idealstone.sk\/hu\/epitoipari-munkak\/kulteri-epiteszet\/"]}]},{"@type":"ImageObject","inLanguage":"hu","@id":"https:\/\/idealstone.sk\/hu\/epitoipari-munkak\/kulteri-epiteszet\/#primaryimage","url":"https:\/\/idealstone.sk\/wp-content\/uploads\/2026\/03\/obklad-1-1024x1024.jpg","contentUrl":"https:\/\/idealstone.sk\/wp-content\/uploads\/2026\/03\/obklad-1-1024x1024.jpg"},{"@type":"BreadcrumbList","@id":"https:\/\/idealstone.sk\/hu\/epitoipari-munkak\/kulteri-epiteszet\/#breadcrumb","itemListElement":[{"@type":"ListItem","position":1,"name":"Kezd\u0151lap","item":"https:\/\/idealstone.sk\/hu\/"},{"@type":"ListItem","position":2,"name":"\u00c9p\u00edt\u0151ipari munk\u00e1k","item":"https:\/\/idealstone.sk\/hu\/epitoipari-munkak\/"},{"@type":"ListItem","position":3,"name":"K\u00fclt\u00e9ri \u00e9p\u00edt\u00e9szet"}]},{"@type":"WebSite","@id":"https:\/\/idealstone.sk\/hu\/#website","url":"https:\/\/idealstone.sk\/hu\/","name":"IdealStone","description":"Kamen\u00e1rstvo \u2013 v\u00fdroba, predaj a mont\u00e1\u017e v\u00fdrobkov z granitu, mramoru a umel\u00e9ho kame\u0148a","publisher":{"@id":"https:\/\/idealstone.sk\/hu\/#organization"},"potentialAction":[{"@type":"SearchAction","target":{"@type":"EntryPoint","urlTemplate":"https:\/\/idealstone.sk\/hu\/?s={search_term_string}"},"query-input":{"@type":"PropertyValueSpecification","valueRequired":true,"valueName":"search_term_string"}}],"inLanguage":"hu"},{"@type":"Organization","@id":"https:\/\/idealstone.sk\/hu\/#organization","name":"IdealStone","url":"https:\/\/idealstone.sk\/hu\/","logo":{"@type":"ImageObject","inLanguage":"hu","@id":"https:\/\/idealstone.sk\/hu\/#\/schema\/logo\/image\/","url":"https:\/\/idealstone.sk\/wp-content\/uploads\/2026\/03\/Logo-1.png","contentUrl":"https:\/\/idealstone.sk\/wp-content\/uploads\/2026\/03\/Logo-1.png","width":1603,"height":228,"caption":"IdealStone"},"image":{"@id":"https:\/\/idealstone.sk\/hu\/#\/schema\/logo\/image\/"}}]}},"_links":{"self":[{"href":"https:\/\/idealstone.sk\/hu\/wp-json\/wp\/v2\/pages\/232","targetHints":{"allow":["GET"]}}],"collection":[{"href":"https:\/\/idealstone.sk\/hu\/wp-json\/wp\/v2\/pages"}],"about":[{"href":"https:\/\/idealstone.sk\/hu\/wp-json\/wp\/v2\/types\/page"}],"author":[{"embeddable":true,"href":"https:\/\/idealstone.sk\/hu\/wp-json\/wp\/v2\/users\/2"}],"replies":[{"embeddable":true,"href":"https:\/\/idealstone.sk\/hu\/wp-json\/wp\/v2\/comments?post=232"}],"version-history":[{"count":5,"href":"https:\/\/idealstone.sk\/hu\/wp-json\/wp\/v2\/pages\/232\/revisions"}],"predecessor-version":[{"id":5366,"href":"https:\/\/idealstone.sk\/hu\/wp-json\/wp\/v2\/pages\/232\/revisions\/5366"}],"up":[{"embeddable":true,"href":"https:\/\/idealstone.sk\/hu\/wp-json\/wp\/v2\/pages\/207"}],"wp:attachment":[{"href":"https:\/\/idealstone.sk\/hu\/wp-json\/wp\/v2\/media?parent=232"}],"curies":[{"name":"wp","href":"https:\/\/api.w.org\/{rel}","templated":true}]}}