{"id":231,"date":"2015-03-03T16:12:50","date_gmt":"2015-03-03T15:12:50","guid":{"rendered":"http:\/\/idealstone.sk\/?page_id=231"},"modified":"2026-03-23T20:34:57","modified_gmt":"2026-03-23T19:34:57","slug":"belteri-epiteszet","status":"publish","type":"page","link":"https:\/\/idealstone.sk\/hu\/epitoipari-munkak\/belteri-epiteszet\/","title":{"rendered":"Belt\u00e9ri \u00e9p\u00edt\u00e9szet"},"content":{"rendered":"\t\t<div data-elementor-type=\"wp-page\" data-elementor-id=\"231\" class=\"elementor elementor-231 elementor-190\" data-elementor-post-type=\"page\">\n\t\t\t\t<div class=\"elementor-element elementor-element-bf72406 e-flex e-con-boxed e-con e-parent\" data-id=\"bf72406\" data-element_type=\"container\" data-e-type=\"container\">\n\t\t\t\t\t<div class=\"e-con-inner\">\n\t\t<a class=\"elementor-element elementor-element-2720b24c e-con-full e-flex e-con e-child\" data-id=\"2720b24c\" data-element_type=\"container\" data-e-type=\"container\" data-settings=\"{&quot;background_background&quot;:&quot;classic&quot;}\" href=\"https:\/\/idealstone.sk\/stavebna-architektura\/interierova-stavebna-architektura\/obklady-krbov\/\">\n\t\t\t\t<div class=\"elementor-element elementor-element-18991212 fw-white-remove elementor-widget elementor-widget-image\" data-id=\"18991212\" data-element_type=\"widget\" data-e-type=\"widget\" data-widget_type=\"image.default\">\n\t\t\t\t\t\t\t\t\t\t\t\t\t\t\t<img fetchpriority=\"high\" decoding=\"async\" width=\"800\" height=\"666\" src=\"https:\/\/idealstone.sk\/wp-content\/uploads\/2015\/03\/obklad-krbu_11-1024x853.jpg\" class=\"attachment-large size-large wp-image-4031\" alt=\"\" srcset=\"https:\/\/idealstone.sk\/wp-content\/uploads\/2015\/03\/obklad-krbu_11.jpg 1024w, https:\/\/idealstone.sk\/wp-content\/uploads\/2015\/03\/obklad-krbu_11-300x250.jpg 300w\" sizes=\"(max-width: 800px) 100vw, 800px\" \/>\t\t\t\t\t\t\t\t\t\t\t\t\t\t\t<\/div>\n\t\t\t\t<div class=\"elementor-element elementor-element-dad99a1 elementor-widget elementor-widget-heading\" data-id=\"dad99a1\" data-element_type=\"widget\" data-e-type=\"widget\" data-widget_type=\"heading.default\">\n\t\t\t\t\t<h2 class=\"elementor-heading-title elementor-size-default\">Kandall\u00f3k k\u0151burkol\u00e1sa<\/h2>\t\t\t\t<\/div>\n\t\t\t\t<div class=\"elementor-element elementor-element-3adfdd9a elementor-widget-divider--separator-type-pattern elementor-widget-divider--view-line elementor-widget elementor-widget-divider\" data-id=\"3adfdd9a\" data-element_type=\"widget\" data-e-type=\"widget\" data-widget_type=\"divider.default\">\n\t\t\t\t\t\t\t<div class=\"elementor-divider\" style=\"--divider-pattern-url: url(&quot;data:image\/svg+xml,%3Csvg xmlns=&#039;http:\/\/www.w3.org\/2000\/svg&#039; preserveAspectRatio=&#039;none&#039; overflow=&#039;visible&#039; height=&#039;100%&#039; viewBox=&#039;0 0 24 24&#039; fill=&#039;none&#039; stroke=&#039;black&#039; stroke-width=&#039;1.6&#039; stroke-linecap=&#039;square&#039; stroke-miterlimit=&#039;10&#039;%3E%3Cpath d=&#039;M0,6c6,0,6,13,12,13S18,6,24,6&#039;\/%3E%3C\/svg%3E&quot;);\">\n\t\t\t<span class=\"elementor-divider-separator\">\n\t\t\t\t\t\t<\/span>\n\t\t<\/div>\n\t\t\t\t\t\t<\/div>\n\t\t\t\t<div class=\"elementor-element elementor-element-1593fc6a elementor-widget elementor-widget-text-editor\" data-id=\"1593fc6a\" data-element_type=\"widget\" data-e-type=\"widget\" data-widget_type=\"text-editor.default\">\n\t\t\t\t\t\t\t\t\t<p>Kandall\u00f3k k\u0151burkol\u00e1sa m\u00e1rv\u00e1nyb\u00f3l vagy gr\u00e1nitb\u00f3l.<\/p>\t\t\t\t\t\t\t\t<\/div>\n\t\t\t\t<\/a>\n\t\t<a class=\"elementor-element elementor-element-62bb20f2 e-con-full e-flex e-con e-child\" data-id=\"62bb20f2\" data-element_type=\"container\" data-e-type=\"container\" data-settings=\"{&quot;background_background&quot;:&quot;classic&quot;}\" href=\"https:\/\/idealstone.sk\/stavebna-architektura\/interierova-stavebna-architektura\/pracovne-dosky\/\">\n\t\t\t\t<div class=\"elementor-element elementor-element-502262a1 fw-white-remove elementor-widget elementor-widget-image\" data-id=\"502262a1\" data-element_type=\"widget\" data-e-type=\"widget\" data-widget_type=\"image.default\">\n\t\t\t\t\t\t\t\t\t\t\t\t\t\t\t<img decoding=\"async\" width=\"400\" height=\"300\" src=\"https:\/\/idealstone.sk\/wp-content\/uploads\/2015\/03\/Ivory-Brown-kuchynsk\u00e1-doska-zo-\u017euly1.jpg\" class=\"attachment-large size-large wp-image-4955\" alt=\"\" srcset=\"https:\/\/idealstone.sk\/wp-content\/uploads\/2015\/03\/Ivory-Brown-kuchynsk\u00e1-doska-zo-\u017euly1.jpg 400w, https:\/\/idealstone.sk\/wp-content\/uploads\/2015\/03\/Ivory-Brown-kuchynsk\u00e1-doska-zo-\u017euly1-300x225.jpg 300w\" sizes=\"auto, (max-width: 400px) 100vw, 400px\" loading=\"lazy\" \/>\t\t\t\t\t\t\t\t\t\t\t\t\t\t\t<\/div>\n\t\t\t\t<div class=\"elementor-element elementor-element-44a634cb elementor-widget elementor-widget-heading\" data-id=\"44a634cb\" data-element_type=\"widget\" data-e-type=\"widget\" data-widget_type=\"heading.default\">\n\t\t\t\t\t<h2 class=\"elementor-heading-title elementor-size-default\">Munkalapok<\/h2>\t\t\t\t<\/div>\n\t\t\t\t<div class=\"elementor-element elementor-element-405e7a4d elementor-widget-divider--separator-type-pattern elementor-widget-divider--view-line elementor-widget elementor-widget-divider\" data-id=\"405e7a4d\" data-element_type=\"widget\" data-e-type=\"widget\" data-widget_type=\"divider.default\">\n\t\t\t\t\t\t\t<div class=\"elementor-divider\" style=\"--divider-pattern-url: url(&quot;data:image\/svg+xml,%3Csvg xmlns=&#039;http:\/\/www.w3.org\/2000\/svg&#039; preserveAspectRatio=&#039;none&#039; overflow=&#039;visible&#039; height=&#039;100%&#039; viewBox=&#039;0 0 24 24&#039; fill=&#039;none&#039; stroke=&#039;black&#039; stroke-width=&#039;1.6&#039; stroke-linecap=&#039;square&#039; stroke-miterlimit=&#039;10&#039;%3E%3Cpath d=&#039;M0,6c6,0,6,13,12,13S18,6,24,6&#039;\/%3E%3C\/svg%3E&quot;);\">\n\t\t\t<span class=\"elementor-divider-separator\">\n\t\t\t\t\t\t<\/span>\n\t\t<\/div>\n\t\t\t\t\t\t<\/div>\n\t\t\t\t<div class=\"elementor-element elementor-element-12a3c2cf elementor-widget elementor-widget-text-editor\" data-id=\"12a3c2cf\" data-element_type=\"widget\" data-e-type=\"widget\" data-widget_type=\"text-editor.default\">\n\t\t\t\t\t\t\t\t\t<p>K\u0151\u00a0munkalapok, f\u00fcrd\u0151szoba pultok.<\/p>\t\t\t\t\t\t\t\t<\/div>\n\t\t\t\t<\/a>\n\t\t<a class=\"elementor-element elementor-element-557d9300 e-con-full e-flex e-con e-child\" data-id=\"557d9300\" data-element_type=\"container\" data-e-type=\"container\" data-settings=\"{&quot;background_background&quot;:&quot;classic&quot;}\" href=\"https:\/\/idealstone.sk\/stavebna-architektura\/interierova-stavebna-architektura\/dlazby-int\/\">\n\t\t\t\t<div class=\"elementor-element elementor-element-68d4abf4 fw-white-remove elementor-widget elementor-widget-image\" data-id=\"68d4abf4\" data-element_type=\"widget\" data-e-type=\"widget\" data-widget_type=\"image.default\">\n\t\t\t\t\t\t\t\t\t\t\t\t\t\t\t<img decoding=\"async\" width=\"640\" height=\"427\" src=\"https:\/\/idealstone.sk\/wp-content\/uploads\/2015\/03\/mramorov\u00e9-schody-Breccia-Sarda1.jpg\" class=\"attachment-large size-large wp-image-5081\" alt=\"\" srcset=\"https:\/\/idealstone.sk\/wp-content\/uploads\/2015\/03\/mramorov\u00e9-schody-Breccia-Sarda1.jpg 640w, https:\/\/idealstone.sk\/wp-content\/uploads\/2015\/03\/mramorov\u00e9-schody-Breccia-Sarda1-300x200.jpg 300w\" sizes=\"auto, (max-width: 640px) 100vw, 640px\" loading=\"lazy\" \/>\t\t\t\t\t\t\t\t\t\t\t\t\t\t\t<\/div>\n\t\t\t\t<div class=\"elementor-element elementor-element-cddeed7 elementor-widget elementor-widget-heading\" data-id=\"cddeed7\" data-element_type=\"widget\" data-e-type=\"widget\" data-widget_type=\"heading.default\">\n\t\t\t\t\t<h2 class=\"elementor-heading-title elementor-size-default\">J\u00e1r\u00f3lapok<\/h2>\t\t\t\t<\/div>\n\t\t\t\t<div class=\"elementor-element elementor-element-1375627c elementor-widget-divider--separator-type-pattern elementor-widget-divider--view-line elementor-widget elementor-widget-divider\" data-id=\"1375627c\" data-element_type=\"widget\" data-e-type=\"widget\" data-widget_type=\"divider.default\">\n\t\t\t\t\t\t\t<div class=\"elementor-divider\" style=\"--divider-pattern-url: url(&quot;data:image\/svg+xml,%3Csvg xmlns=&#039;http:\/\/www.w3.org\/2000\/svg&#039; preserveAspectRatio=&#039;none&#039; overflow=&#039;visible&#039; height=&#039;100%&#039; viewBox=&#039;0 0 24 24&#039; fill=&#039;none&#039; stroke=&#039;black&#039; stroke-width=&#039;1.6&#039; stroke-linecap=&#039;square&#039; stroke-miterlimit=&#039;10&#039;%3E%3Cpath d=&#039;M0,6c6,0,6,13,12,13S18,6,24,6&#039;\/%3E%3C\/svg%3E&quot;);\">\n\t\t\t<span class=\"elementor-divider-separator\">\n\t\t\t\t\t\t<\/span>\n\t\t<\/div>\n\t\t\t\t\t\t<\/div>\n\t\t\t\t<div class=\"elementor-element elementor-element-17f2f8c9 elementor-widget elementor-widget-text-editor\" data-id=\"17f2f8c9\" data-element_type=\"widget\" data-e-type=\"widget\" data-widget_type=\"text-editor.default\">\n\t\t\t\t\t\t\t\t\t<p>M\u00e1rv\u00e1ny, gr\u00e1nit, travertin\u00a0padl\u00f3\u00a0\u00e9s fal bulkolatok,\u00a0l\u00e9pcs\u0151k\u00a0\u2026<\/p>\t\t\t\t\t\t\t\t<\/div>\n\t\t\t\t<\/a>\n\t\t\t\t\t<\/div>\n\t\t\t\t<\/div>\n\t\t\t\t<\/div>\n\t\t","protected":false},"excerpt":{"rendered":"<p>Kandall\u00f3k k\u0151burkol\u00e1sa Kandall\u00f3k k\u0151burkol\u00e1sa m\u00e1rv\u00e1nyb\u00f3l vagy gr\u00e1nitb\u00f3l. Munkalapok K\u0151\u00a0munkalapok, f\u00fcrd\u0151szoba pultok. J\u00e1r\u00f3lapok M\u00e1rv\u00e1ny, gr\u00e1nit, travertin\u00a0padl\u00f3\u00a0\u00e9s fal bulkolatok,\u00a0l\u00e9pcs\u0151k\u00a0\u2026<\/p>\n","protected":false},"author":2,"featured_media":0,"parent":207,"menu_order":0,"comment_status":"closed","ping_status":"closed","template":"elementor_header_footer","meta":{"footnotes":""},"class_list":["post-231","page","type-page","status-publish","hentry"],"yoast_head":"<!-- This site is optimized with the Yoast SEO plugin v27.3 - https:\/\/yoast.com\/product\/yoast-seo-wordpress\/ -->\n<title>Belt\u00e9ri \u00e9p\u00edt\u00e9szet - IdealStone<\/title>\n<meta name=\"robots\" content=\"index, follow, max-snippet:-1, max-image-preview:large, max-video-preview:-1\" \/>\n<link rel=\"canonical\" href=\"https:\/\/idealstone.sk\/hu\/epitoipari-munkak\/belteri-epiteszet\/\" \/>\n<meta property=\"og:locale\" content=\"hu_HU\" \/>\n<meta property=\"og:type\" content=\"article\" \/>\n<meta property=\"og:title\" content=\"Belt\u00e9ri \u00e9p\u00edt\u00e9szet - IdealStone\" \/>\n<meta property=\"og:description\" content=\"Kandall\u00f3k k\u0151burkol\u00e1sa Kandall\u00f3k k\u0151burkol\u00e1sa m\u00e1rv\u00e1nyb\u00f3l vagy gr\u00e1nitb\u00f3l. Munkalapok K\u0151\u00a0munkalapok, f\u00fcrd\u0151szoba pultok. J\u00e1r\u00f3lapok M\u00e1rv\u00e1ny, gr\u00e1nit, travertin\u00a0padl\u00f3\u00a0\u00e9s fal bulkolatok,\u00a0l\u00e9pcs\u0151k\u00a0\u2026\" \/>\n<meta property=\"og:url\" content=\"https:\/\/idealstone.sk\/hu\/epitoipari-munkak\/belteri-epiteszet\/\" \/>\n<meta property=\"og:site_name\" content=\"IdealStone\" \/>\n<meta property=\"article:modified_time\" content=\"2026-03-23T19:34:57+00:00\" \/>\n<meta property=\"og:image\" content=\"https:\/\/idealstone.sk\/wp-content\/uploads\/2015\/03\/obklad-krbu_11.jpg\" \/>\n\t<meta property=\"og:image:width\" content=\"1024\" \/>\n\t<meta property=\"og:image:height\" content=\"853\" \/>\n\t<meta property=\"og:image:type\" content=\"image\/jpeg\" \/>\n<meta name=\"twitter:label1\" content=\"Becs\u00fclt olvas\u00e1si id\u0151\" \/>\n\t<meta name=\"twitter:data1\" content=\"1 perc\" \/>\n<script type=\"application\/ld+json\" class=\"yoast-schema-graph\">{\"@context\":\"https:\\\/\\\/schema.org\",\"@graph\":[{\"@type\":\"WebPage\",\"@id\":\"https:\\\/\\\/idealstone.sk\\\/hu\\\/epitoipari-munkak\\\/belteri-epiteszet\\\/\",\"url\":\"https:\\\/\\\/idealstone.sk\\\/hu\\\/epitoipari-munkak\\\/belteri-epiteszet\\\/\",\"name\":\"Belt\u00e9ri \u00e9p\u00edt\u00e9szet - IdealStone\",\"isPartOf\":{\"@id\":\"https:\\\/\\\/idealstone.sk\\\/hu\\\/#website\"},\"primaryImageOfPage\":{\"@id\":\"https:\\\/\\\/idealstone.sk\\\/hu\\\/epitoipari-munkak\\\/belteri-epiteszet\\\/#primaryimage\"},\"image\":{\"@id\":\"https:\\\/\\\/idealstone.sk\\\/hu\\\/epitoipari-munkak\\\/belteri-epiteszet\\\/#primaryimage\"},\"thumbnailUrl\":\"https:\\\/\\\/idealstone.sk\\\/wp-content\\\/uploads\\\/2015\\\/03\\\/obklad-krbu_11-1024x853.jpg\",\"datePublished\":\"2015-03-03T15:12:50+00:00\",\"dateModified\":\"2026-03-23T19:34:57+00:00\",\"breadcrumb\":{\"@id\":\"https:\\\/\\\/idealstone.sk\\\/hu\\\/epitoipari-munkak\\\/belteri-epiteszet\\\/#breadcrumb\"},\"inLanguage\":\"hu\",\"potentialAction\":[{\"@type\":\"ReadAction\",\"target\":[\"https:\\\/\\\/idealstone.sk\\\/hu\\\/epitoipari-munkak\\\/belteri-epiteszet\\\/\"]}]},{\"@type\":\"ImageObject\",\"inLanguage\":\"hu\",\"@id\":\"https:\\\/\\\/idealstone.sk\\\/hu\\\/epitoipari-munkak\\\/belteri-epiteszet\\\/#primaryimage\",\"url\":\"https:\\\/\\\/idealstone.sk\\\/wp-content\\\/uploads\\\/2015\\\/03\\\/obklad-krbu_11-1024x853.jpg\",\"contentUrl\":\"https:\\\/\\\/idealstone.sk\\\/wp-content\\\/uploads\\\/2015\\\/03\\\/obklad-krbu_11-1024x853.jpg\"},{\"@type\":\"BreadcrumbList\",\"@id\":\"https:\\\/\\\/idealstone.sk\\\/hu\\\/epitoipari-munkak\\\/belteri-epiteszet\\\/#breadcrumb\",\"itemListElement\":[{\"@type\":\"ListItem\",\"position\":1,\"name\":\"Kezd\u0151lap\",\"item\":\"https:\\\/\\\/idealstone.sk\\\/hu\\\/\"},{\"@type\":\"ListItem\",\"position\":2,\"name\":\"\u00c9p\u00edt\u0151ipari munk\u00e1k\",\"item\":\"https:\\\/\\\/idealstone.sk\\\/hu\\\/epitoipari-munkak\\\/\"},{\"@type\":\"ListItem\",\"position\":3,\"name\":\"Belt\u00e9ri \u00e9p\u00edt\u00e9szet\"}]},{\"@type\":\"WebSite\",\"@id\":\"https:\\\/\\\/idealstone.sk\\\/hu\\\/#website\",\"url\":\"https:\\\/\\\/idealstone.sk\\\/hu\\\/\",\"name\":\"IdealStone\",\"description\":\"Kamen\u00e1rstvo \u2013 v\u00fdroba, predaj a mont\u00e1\u017e v\u00fdrobkov z granitu, mramoru a umel\u00e9ho kame\u0148a\",\"publisher\":{\"@id\":\"https:\\\/\\\/idealstone.sk\\\/hu\\\/#organization\"},\"potentialAction\":[{\"@type\":\"SearchAction\",\"target\":{\"@type\":\"EntryPoint\",\"urlTemplate\":\"https:\\\/\\\/idealstone.sk\\\/hu\\\/?s={search_term_string}\"},\"query-input\":{\"@type\":\"PropertyValueSpecification\",\"valueRequired\":true,\"valueName\":\"search_term_string\"}}],\"inLanguage\":\"hu\"},{\"@type\":\"Organization\",\"@id\":\"https:\\\/\\\/idealstone.sk\\\/hu\\\/#organization\",\"name\":\"IdealStone\",\"url\":\"https:\\\/\\\/idealstone.sk\\\/hu\\\/\",\"logo\":{\"@type\":\"ImageObject\",\"inLanguage\":\"hu\",\"@id\":\"https:\\\/\\\/idealstone.sk\\\/hu\\\/#\\\/schema\\\/logo\\\/image\\\/\",\"url\":\"https:\\\/\\\/idealstone.sk\\\/wp-content\\\/uploads\\\/2026\\\/03\\\/Logo-1.png\",\"contentUrl\":\"https:\\\/\\\/idealstone.sk\\\/wp-content\\\/uploads\\\/2026\\\/03\\\/Logo-1.png\",\"width\":1603,\"height\":228,\"caption\":\"IdealStone\"},\"image\":{\"@id\":\"https:\\\/\\\/idealstone.sk\\\/hu\\\/#\\\/schema\\\/logo\\\/image\\\/\"}}]}<\/script>\n<!-- \/ Yoast SEO plugin. -->","yoast_head_json":{"title":"Belt\u00e9ri \u00e9p\u00edt\u00e9szet - IdealStone","robots":{"index":"index","follow":"follow","max-snippet":"max-snippet:-1","max-image-preview":"max-image-preview:large","max-video-preview":"max-video-preview:-1"},"canonical":"https:\/\/idealstone.sk\/hu\/epitoipari-munkak\/belteri-epiteszet\/","og_locale":"hu_HU","og_type":"article","og_title":"Belt\u00e9ri \u00e9p\u00edt\u00e9szet - IdealStone","og_description":"Kandall\u00f3k k\u0151burkol\u00e1sa Kandall\u00f3k k\u0151burkol\u00e1sa m\u00e1rv\u00e1nyb\u00f3l vagy gr\u00e1nitb\u00f3l. Munkalapok K\u0151\u00a0munkalapok, f\u00fcrd\u0151szoba pultok. J\u00e1r\u00f3lapok M\u00e1rv\u00e1ny, gr\u00e1nit, travertin\u00a0padl\u00f3\u00a0\u00e9s fal bulkolatok,\u00a0l\u00e9pcs\u0151k\u00a0\u2026","og_url":"https:\/\/idealstone.sk\/hu\/epitoipari-munkak\/belteri-epiteszet\/","og_site_name":"IdealStone","article_modified_time":"2026-03-23T19:34:57+00:00","og_image":[{"width":1024,"height":853,"url":"https:\/\/idealstone.sk\/wp-content\/uploads\/2015\/03\/obklad-krbu_11.jpg","type":"image\/jpeg"}],"twitter_misc":{"Becs\u00fclt olvas\u00e1si id\u0151":"1 perc"},"schema":{"@context":"https:\/\/schema.org","@graph":[{"@type":"WebPage","@id":"https:\/\/idealstone.sk\/hu\/epitoipari-munkak\/belteri-epiteszet\/","url":"https:\/\/idealstone.sk\/hu\/epitoipari-munkak\/belteri-epiteszet\/","name":"Belt\u00e9ri \u00e9p\u00edt\u00e9szet - IdealStone","isPartOf":{"@id":"https:\/\/idealstone.sk\/hu\/#website"},"primaryImageOfPage":{"@id":"https:\/\/idealstone.sk\/hu\/epitoipari-munkak\/belteri-epiteszet\/#primaryimage"},"image":{"@id":"https:\/\/idealstone.sk\/hu\/epitoipari-munkak\/belteri-epiteszet\/#primaryimage"},"thumbnailUrl":"https:\/\/idealstone.sk\/wp-content\/uploads\/2015\/03\/obklad-krbu_11-1024x853.jpg","datePublished":"2015-03-03T15:12:50+00:00","dateModified":"2026-03-23T19:34:57+00:00","breadcrumb":{"@id":"https:\/\/idealstone.sk\/hu\/epitoipari-munkak\/belteri-epiteszet\/#breadcrumb"},"inLanguage":"hu","potentialAction":[{"@type":"ReadAction","target":["https:\/\/idealstone.sk\/hu\/epitoipari-munkak\/belteri-epiteszet\/"]}]},{"@type":"ImageObject","inLanguage":"hu","@id":"https:\/\/idealstone.sk\/hu\/epitoipari-munkak\/belteri-epiteszet\/#primaryimage","url":"https:\/\/idealstone.sk\/wp-content\/uploads\/2015\/03\/obklad-krbu_11-1024x853.jpg","contentUrl":"https:\/\/idealstone.sk\/wp-content\/uploads\/2015\/03\/obklad-krbu_11-1024x853.jpg"},{"@type":"BreadcrumbList","@id":"https:\/\/idealstone.sk\/hu\/epitoipari-munkak\/belteri-epiteszet\/#breadcrumb","itemListElement":[{"@type":"ListItem","position":1,"name":"Kezd\u0151lap","item":"https:\/\/idealstone.sk\/hu\/"},{"@type":"ListItem","position":2,"name":"\u00c9p\u00edt\u0151ipari munk\u00e1k","item":"https:\/\/idealstone.sk\/hu\/epitoipari-munkak\/"},{"@type":"ListItem","position":3,"name":"Belt\u00e9ri \u00e9p\u00edt\u00e9szet"}]},{"@type":"WebSite","@id":"https:\/\/idealstone.sk\/hu\/#website","url":"https:\/\/idealstone.sk\/hu\/","name":"IdealStone","description":"Kamen\u00e1rstvo \u2013 v\u00fdroba, predaj a mont\u00e1\u017e v\u00fdrobkov z granitu, mramoru a umel\u00e9ho kame\u0148a","publisher":{"@id":"https:\/\/idealstone.sk\/hu\/#organization"},"potentialAction":[{"@type":"SearchAction","target":{"@type":"EntryPoint","urlTemplate":"https:\/\/idealstone.sk\/hu\/?s={search_term_string}"},"query-input":{"@type":"PropertyValueSpecification","valueRequired":true,"valueName":"search_term_string"}}],"inLanguage":"hu"},{"@type":"Organization","@id":"https:\/\/idealstone.sk\/hu\/#organization","name":"IdealStone","url":"https:\/\/idealstone.sk\/hu\/","logo":{"@type":"ImageObject","inLanguage":"hu","@id":"https:\/\/idealstone.sk\/hu\/#\/schema\/logo\/image\/","url":"https:\/\/idealstone.sk\/wp-content\/uploads\/2026\/03\/Logo-1.png","contentUrl":"https:\/\/idealstone.sk\/wp-content\/uploads\/2026\/03\/Logo-1.png","width":1603,"height":228,"caption":"IdealStone"},"image":{"@id":"https:\/\/idealstone.sk\/hu\/#\/schema\/logo\/image\/"}}]}},"_links":{"self":[{"href":"https:\/\/idealstone.sk\/hu\/wp-json\/wp\/v2\/pages\/231","targetHints":{"allow":["GET"]}}],"collection":[{"href":"https:\/\/idealstone.sk\/hu\/wp-json\/wp\/v2\/pages"}],"about":[{"href":"https:\/\/idealstone.sk\/hu\/wp-json\/wp\/v2\/types\/page"}],"author":[{"embeddable":true,"href":"https:\/\/idealstone.sk\/hu\/wp-json\/wp\/v2\/users\/2"}],"replies":[{"embeddable":true,"href":"https:\/\/idealstone.sk\/hu\/wp-json\/wp\/v2\/comments?post=231"}],"version-history":[{"count":5,"href":"https:\/\/idealstone.sk\/hu\/wp-json\/wp\/v2\/pages\/231\/revisions"}],"predecessor-version":[{"id":3607,"href":"https:\/\/idealstone.sk\/hu\/wp-json\/wp\/v2\/pages\/231\/revisions\/3607"}],"up":[{"embeddable":true,"href":"https:\/\/idealstone.sk\/hu\/wp-json\/wp\/v2\/pages\/207"}],"wp:attachment":[{"href":"https:\/\/idealstone.sk\/hu\/wp-json\/wp\/v2\/media?parent=231"}],"curies":[{"name":"wp","href":"https:\/\/api.w.org\/{rel}","templated":true}]}}