{"id":224,"date":"2015-03-03T16:17:41","date_gmt":"2015-03-03T15:17:41","guid":{"rendered":"http:\/\/idealstone.sk\/?page_id=224"},"modified":"2026-03-25T18:47:38","modified_gmt":"2026-03-25T17:47:38","slug":"agglomerat","status":"publish","type":"page","link":"https:\/\/idealstone.sk\/hu\/szinmintak\/agglomerat\/","title":{"rendered":"Agglomer\u00e1t"},"content":{"rendered":"\t\t<div data-elementor-type=\"wp-page\" data-elementor-id=\"224\" class=\"elementor elementor-224 elementor-196\" data-elementor-post-type=\"page\">\n\t\t\t\t<div class=\"elementor-element elementor-element-7303eee e-flex e-con-boxed e-con e-parent\" data-id=\"7303eee\" data-element_type=\"container\" data-e-type=\"container\">\n\t\t\t\t\t<div class=\"e-con-inner\">\n\t\t\t\t<div class=\"elementor-element elementor-element-5f8c7f5 uael-ins-normal uael-img-caption-valign-bottom elementor-widget elementor-widget-uael-image-gallery\" data-id=\"5f8c7f5\" data-element_type=\"widget\" data-e-type=\"widget\" data-settings=\"{&quot;justified_margin&quot;:{&quot;unit&quot;:&quot;px&quot;,&quot;size&quot;:0,&quot;sizes&quot;:[]},&quot;justified_margin_laptop&quot;:{&quot;unit&quot;:&quot;px&quot;,&quot;size&quot;:&quot;&quot;,&quot;sizes&quot;:[]},&quot;justified_margin_tablet&quot;:{&quot;unit&quot;:&quot;px&quot;,&quot;size&quot;:&quot;&quot;,&quot;sizes&quot;:[]},&quot;justified_margin_mobile&quot;:{&quot;unit&quot;:&quot;px&quot;,&quot;size&quot;:&quot;&quot;,&quot;sizes&quot;:[]},&quot;caption_padding&quot;:{&quot;unit&quot;:&quot;px&quot;,&quot;top&quot;:&quot;&quot;,&quot;right&quot;:&quot;&quot;,&quot;bottom&quot;:&quot;&quot;,&quot;left&quot;:&quot;&quot;,&quot;isLinked&quot;:true},&quot;caption_padding_laptop&quot;:{&quot;unit&quot;:&quot;px&quot;,&quot;top&quot;:&quot;&quot;,&quot;right&quot;:&quot;&quot;,&quot;bottom&quot;:&quot;&quot;,&quot;left&quot;:&quot;&quot;,&quot;isLinked&quot;:true},&quot;caption_padding_tablet&quot;:{&quot;unit&quot;:&quot;px&quot;,&quot;top&quot;:&quot;&quot;,&quot;right&quot;:&quot;&quot;,&quot;bottom&quot;:&quot;&quot;,&quot;left&quot;:&quot;&quot;,&quot;isLinked&quot;:true},&quot;caption_padding_mobile&quot;:{&quot;unit&quot;:&quot;px&quot;,&quot;top&quot;:&quot;&quot;,&quot;right&quot;:&quot;&quot;,&quot;bottom&quot;:&quot;&quot;,&quot;left&quot;:&quot;&quot;,&quot;isLinked&quot;:true}}\" data-widget_type=\"uael-image-gallery.default\">\n\t\t\t\t<div class=\"elementor-widget-container\">\n\t\t\t\t\t<div class=\"uael-gallery-parent uael-caption-on-image \"><div class=\"uael-img-gallery-wrap uael-img-justified-wrap uael-img-grid-masonry-wrap uael-image-lightbox-wrap\" data-filter-default=\"All\" data-rowheight=\"245\" data-lastrow=\"justify\" data-lightbox_actions=\"[&quot;close&quot;]\" data-lightbox-gallery-loop=\"\"><div class=\"uael-grid-item \"><div class=\"uael-grid-item-content\"><a class=\"uael-grid-img uael-grid-gallery-img uael-ins-hover elementor-clickable\" data-fancybox=\"uael-gallery\" href=\"https:\/\/idealstone.sk\/wp-content\/uploads\/2026\/03\/Konglomerat3.jpg\" data-elementor-open-lightbox=\"no\"><div class=\"uael-grid-img-thumbnail uael-ins-target\"><img fetchpriority=\"high\" decoding=\"async\" width=\"768\" height=\"576\" src=\"https:\/\/idealstone.sk\/wp-content\/uploads\/2026\/03\/Konglomerat3-768x576.jpg\" class=\"attachment-medium_large size-medium_large wp-image-3657\" alt=\"\" srcset=\"https:\/\/idealstone.sk\/wp-content\/uploads\/2026\/03\/Konglomerat3-768x576.jpg 768w, https:\/\/idealstone.sk\/wp-content\/uploads\/2026\/03\/Konglomerat3-300x225.jpg 300w, https:\/\/idealstone.sk\/wp-content\/uploads\/2026\/03\/Konglomerat3-1024x768.jpg 1024w, https:\/\/idealstone.sk\/wp-content\/uploads\/2026\/03\/Konglomerat3-1536x1152.jpg 1536w, https:\/\/idealstone.sk\/wp-content\/uploads\/2026\/03\/Konglomerat3.jpg 1600w\" sizes=\"(max-width: 768px) 100vw, 768px\" \/><\/div><div class=\"uael-grid-img-overlay\"><\/div><\/a><figcaption class=\"uael-grid-img-content\"><div class=\"uael-grid-img-caption\"><h4 class=\"uael-grid-caption-text\">Siena Gold<\/h4><\/div><\/figcaption><\/div><\/div><div class=\"uael-grid-item \"><div class=\"uael-grid-item-content\"><a class=\"uael-grid-img uael-grid-gallery-img uael-ins-hover elementor-clickable\" data-fancybox=\"uael-gallery\" href=\"https:\/\/idealstone.sk\/wp-content\/uploads\/2026\/03\/Konglomerat2.jpg\" data-elementor-open-lightbox=\"no\"><div class=\"uael-grid-img-thumbnail uael-ins-target\"><img decoding=\"async\" width=\"768\" height=\"448\" src=\"https:\/\/idealstone.sk\/wp-content\/uploads\/2026\/03\/Konglomerat2-768x448.jpg\" class=\"attachment-medium_large size-medium_large wp-image-3655\" alt=\"\" srcset=\"https:\/\/idealstone.sk\/wp-content\/uploads\/2026\/03\/Konglomerat2-768x448.jpg 768w, https:\/\/idealstone.sk\/wp-content\/uploads\/2026\/03\/Konglomerat2-300x175.jpg 300w, https:\/\/idealstone.sk\/wp-content\/uploads\/2026\/03\/Konglomerat2-1024x598.jpg 1024w, https:\/\/idealstone.sk\/wp-content\/uploads\/2026\/03\/Konglomerat2.jpg 1280w\" sizes=\"auto, (max-width: 768px) 100vw, 768px\" loading=\"lazy\" \/><\/div><div class=\"uael-grid-img-overlay\"><\/div><\/a><figcaption class=\"uael-grid-img-content\"><div class=\"uael-grid-img-caption\"><h4 class=\"uael-grid-caption-text\">Siena Gold<\/h4><\/div><\/figcaption><\/div><\/div><div class=\"uael-grid-item \"><div class=\"uael-grid-item-content\"><a class=\"uael-grid-img uael-grid-gallery-img uael-ins-hover elementor-clickable\" data-fancybox=\"uael-gallery\" href=\"https:\/\/idealstone.sk\/wp-content\/uploads\/2026\/03\/Konglomerat1.jpg\" data-elementor-open-lightbox=\"no\"><div class=\"uael-grid-img-thumbnail uael-ins-target\"><img decoding=\"async\" width=\"768\" height=\"406\" src=\"https:\/\/idealstone.sk\/wp-content\/uploads\/2026\/03\/Konglomerat1-768x406.jpg\" class=\"attachment-medium_large size-medium_large wp-image-3653\" alt=\"\" srcset=\"https:\/\/idealstone.sk\/wp-content\/uploads\/2026\/03\/Konglomerat1-768x406.jpg 768w, https:\/\/idealstone.sk\/wp-content\/uploads\/2026\/03\/Konglomerat1-300x158.jpg 300w, https:\/\/idealstone.sk\/wp-content\/uploads\/2026\/03\/Konglomerat1-1024x541.jpg 1024w, https:\/\/idealstone.sk\/wp-content\/uploads\/2026\/03\/Konglomerat1.jpg 1185w\" sizes=\"auto, (max-width: 768px) 100vw, 768px\" loading=\"lazy\" \/><\/div><div class=\"uael-grid-img-overlay\"><\/div><\/a><figcaption class=\"uael-grid-img-content\"><div class=\"uael-grid-img-caption\"><h4 class=\"uael-grid-caption-text\">Michelangelo Calacatta<\/h4><\/div><\/figcaption><\/div><\/div><div class=\"uael-grid-item \"><div class=\"uael-grid-item-content\"><a class=\"uael-grid-img uael-grid-gallery-img uael-ins-hover elementor-clickable\" data-fancybox=\"uael-gallery\" href=\"https:\/\/idealstone.sk\/wp-content\/uploads\/2026\/03\/Crystal-absolute-white.webp\" data-elementor-open-lightbox=\"no\"><div class=\"uael-grid-img-thumbnail uael-ins-target\"><img loading=\"lazy\" decoding=\"async\" width=\"768\" height=\"336\" src=\"https:\/\/idealstone.sk\/wp-content\/uploads\/2026\/03\/Crystal-absolute-white-768x336.webp\" class=\"attachment-medium_large size-medium_large wp-image-5220\" alt=\"\" srcset=\"https:\/\/idealstone.sk\/wp-content\/uploads\/2026\/03\/Crystal-absolute-white-768x336.webp 768w, https:\/\/idealstone.sk\/wp-content\/uploads\/2026\/03\/Crystal-absolute-white-300x131.webp 300w, https:\/\/idealstone.sk\/wp-content\/uploads\/2026\/03\/Crystal-absolute-white-1024x448.webp 1024w, https:\/\/idealstone.sk\/wp-content\/uploads\/2026\/03\/Crystal-absolute-white-1536x672.webp 1536w, https:\/\/idealstone.sk\/wp-content\/uploads\/2026\/03\/Crystal-absolute-white.webp 1920w\" sizes=\"auto, (max-width: 768px) 100vw, 768px\" \/><\/div><div class=\"uael-grid-img-overlay\"><\/div><\/a><\/div><\/div><div class=\"uael-grid-item \"><div class=\"uael-grid-item-content\"><a class=\"uael-grid-img uael-grid-gallery-img uael-ins-hover elementor-clickable\" data-fancybox=\"uael-gallery\" href=\"https:\/\/idealstone.sk\/wp-content\/uploads\/2026\/03\/Starlight-black.webp\" data-elementor-open-lightbox=\"no\"><div class=\"uael-grid-img-thumbnail uael-ins-target\"><img loading=\"lazy\" decoding=\"async\" width=\"768\" height=\"336\" src=\"https:\/\/idealstone.sk\/wp-content\/uploads\/2026\/03\/Starlight-black-768x336.webp\" class=\"attachment-medium_large size-medium_large wp-image-5222\" alt=\"\" srcset=\"https:\/\/idealstone.sk\/wp-content\/uploads\/2026\/03\/Starlight-black-768x336.webp 768w, https:\/\/idealstone.sk\/wp-content\/uploads\/2026\/03\/Starlight-black-300x131.webp 300w, https:\/\/idealstone.sk\/wp-content\/uploads\/2026\/03\/Starlight-black-1024x448.webp 1024w, https:\/\/idealstone.sk\/wp-content\/uploads\/2026\/03\/Starlight-black-1536x672.webp 1536w, https:\/\/idealstone.sk\/wp-content\/uploads\/2026\/03\/Starlight-black.webp 1920w\" sizes=\"auto, (max-width: 768px) 100vw, 768px\" \/><\/div><div class=\"uael-grid-img-overlay\"><\/div><\/a><\/div><\/div><\/div><\/div>\t\t\t\t<\/div>\n\t\t\t\t<\/div>\n\t\t\t\t\t<\/div>\n\t\t\t\t<\/div>\n\t\t\t\t<\/div>\n\t\t","protected":false},"excerpt":{"rendered":"<p>Siena Gold Siena Gold Michelangelo Calacatta<\/p>\n","protected":false},"author":2,"featured_media":0,"parent":220,"menu_order":0,"comment_status":"closed","ping_status":"closed","template":"","meta":{"footnotes":""},"class_list":["post-224","page","type-page","status-publish","hentry"],"yoast_head":"<!-- This site is optimized with the Yoast SEO plugin v27.3 - https:\/\/yoast.com\/product\/yoast-seo-wordpress\/ -->\n<title>Agglomer\u00e1t - IdealStone<\/title>\n<meta name=\"robots\" content=\"index, follow, max-snippet:-1, max-image-preview:large, max-video-preview:-1\" \/>\n<link rel=\"canonical\" href=\"https:\/\/idealstone.sk\/hu\/szinmintak\/agglomerat\/\" \/>\n<meta property=\"og:locale\" content=\"hu_HU\" \/>\n<meta property=\"og:type\" content=\"article\" \/>\n<meta property=\"og:title\" content=\"Agglomer\u00e1t - IdealStone\" \/>\n<meta property=\"og:description\" content=\"Siena Gold Siena Gold Michelangelo Calacatta\" \/>\n<meta property=\"og:url\" content=\"https:\/\/idealstone.sk\/hu\/szinmintak\/agglomerat\/\" \/>\n<meta property=\"og:site_name\" content=\"IdealStone\" \/>\n<meta property=\"article:modified_time\" content=\"2026-03-25T17:47:38+00:00\" \/>\n<meta property=\"og:image\" content=\"https:\/\/idealstone.sk\/wp-content\/uploads\/2026\/03\/Konglomerat3.jpg\" \/>\n\t<meta property=\"og:image:width\" content=\"1600\" \/>\n\t<meta property=\"og:image:height\" content=\"1200\" \/>\n\t<meta property=\"og:image:type\" content=\"image\/jpeg\" \/>\n<meta name=\"twitter:label1\" content=\"Becs\u00fclt olvas\u00e1si id\u0151\" \/>\n\t<meta name=\"twitter:data1\" content=\"2 perc\" \/>\n<script type=\"application\/ld+json\" class=\"yoast-schema-graph\">{\"@context\":\"https:\\\/\\\/schema.org\",\"@graph\":[{\"@type\":\"WebPage\",\"@id\":\"https:\\\/\\\/idealstone.sk\\\/hu\\\/szinmintak\\\/agglomerat\\\/\",\"url\":\"https:\\\/\\\/idealstone.sk\\\/hu\\\/szinmintak\\\/agglomerat\\\/\",\"name\":\"Agglomer\u00e1t - IdealStone\",\"isPartOf\":{\"@id\":\"https:\\\/\\\/idealstone.sk\\\/hu\\\/#website\"},\"primaryImageOfPage\":{\"@id\":\"https:\\\/\\\/idealstone.sk\\\/hu\\\/szinmintak\\\/agglomerat\\\/#primaryimage\"},\"image\":{\"@id\":\"https:\\\/\\\/idealstone.sk\\\/hu\\\/szinmintak\\\/agglomerat\\\/#primaryimage\"},\"thumbnailUrl\":\"https:\\\/\\\/idealstone.sk\\\/wp-content\\\/uploads\\\/2026\\\/03\\\/Konglomerat3-768x576.jpg\",\"datePublished\":\"2015-03-03T15:17:41+00:00\",\"dateModified\":\"2026-03-25T17:47:38+00:00\",\"breadcrumb\":{\"@id\":\"https:\\\/\\\/idealstone.sk\\\/hu\\\/szinmintak\\\/agglomerat\\\/#breadcrumb\"},\"inLanguage\":\"hu\",\"potentialAction\":[{\"@type\":\"ReadAction\",\"target\":[\"https:\\\/\\\/idealstone.sk\\\/hu\\\/szinmintak\\\/agglomerat\\\/\"]}]},{\"@type\":\"ImageObject\",\"inLanguage\":\"hu\",\"@id\":\"https:\\\/\\\/idealstone.sk\\\/hu\\\/szinmintak\\\/agglomerat\\\/#primaryimage\",\"url\":\"https:\\\/\\\/idealstone.sk\\\/wp-content\\\/uploads\\\/2026\\\/03\\\/Konglomerat3-768x576.jpg\",\"contentUrl\":\"https:\\\/\\\/idealstone.sk\\\/wp-content\\\/uploads\\\/2026\\\/03\\\/Konglomerat3-768x576.jpg\"},{\"@type\":\"BreadcrumbList\",\"@id\":\"https:\\\/\\\/idealstone.sk\\\/hu\\\/szinmintak\\\/agglomerat\\\/#breadcrumb\",\"itemListElement\":[{\"@type\":\"ListItem\",\"position\":1,\"name\":\"Kezd\u0151lap\",\"item\":\"https:\\\/\\\/idealstone.sk\\\/hu\\\/\"},{\"@type\":\"ListItem\",\"position\":2,\"name\":\"Sz\u00ednmint\u00e1k\",\"item\":\"https:\\\/\\\/idealstone.sk\\\/hu\\\/materialy\\\/\"},{\"@type\":\"ListItem\",\"position\":3,\"name\":\"Agglomer\u00e1t\"}]},{\"@type\":\"WebSite\",\"@id\":\"https:\\\/\\\/idealstone.sk\\\/hu\\\/#website\",\"url\":\"https:\\\/\\\/idealstone.sk\\\/hu\\\/\",\"name\":\"IdealStone\",\"description\":\"Kamen\u00e1rstvo \u2013 v\u00fdroba, predaj a mont\u00e1\u017e v\u00fdrobkov z granitu, mramoru a umel\u00e9ho kame\u0148a\",\"publisher\":{\"@id\":\"https:\\\/\\\/idealstone.sk\\\/hu\\\/#organization\"},\"potentialAction\":[{\"@type\":\"SearchAction\",\"target\":{\"@type\":\"EntryPoint\",\"urlTemplate\":\"https:\\\/\\\/idealstone.sk\\\/hu\\\/?s={search_term_string}\"},\"query-input\":{\"@type\":\"PropertyValueSpecification\",\"valueRequired\":true,\"valueName\":\"search_term_string\"}}],\"inLanguage\":\"hu\"},{\"@type\":\"Organization\",\"@id\":\"https:\\\/\\\/idealstone.sk\\\/hu\\\/#organization\",\"name\":\"IdealStone\",\"url\":\"https:\\\/\\\/idealstone.sk\\\/hu\\\/\",\"logo\":{\"@type\":\"ImageObject\",\"inLanguage\":\"hu\",\"@id\":\"https:\\\/\\\/idealstone.sk\\\/hu\\\/#\\\/schema\\\/logo\\\/image\\\/\",\"url\":\"https:\\\/\\\/idealstone.sk\\\/wp-content\\\/uploads\\\/2026\\\/03\\\/Logo-1.png\",\"contentUrl\":\"https:\\\/\\\/idealstone.sk\\\/wp-content\\\/uploads\\\/2026\\\/03\\\/Logo-1.png\",\"width\":1603,\"height\":228,\"caption\":\"IdealStone\"},\"image\":{\"@id\":\"https:\\\/\\\/idealstone.sk\\\/hu\\\/#\\\/schema\\\/logo\\\/image\\\/\"}}]}<\/script>\n<!-- \/ Yoast SEO plugin. -->","yoast_head_json":{"title":"Agglomer\u00e1t - IdealStone","robots":{"index":"index","follow":"follow","max-snippet":"max-snippet:-1","max-image-preview":"max-image-preview:large","max-video-preview":"max-video-preview:-1"},"canonical":"https:\/\/idealstone.sk\/hu\/szinmintak\/agglomerat\/","og_locale":"hu_HU","og_type":"article","og_title":"Agglomer\u00e1t - IdealStone","og_description":"Siena Gold Siena Gold Michelangelo Calacatta","og_url":"https:\/\/idealstone.sk\/hu\/szinmintak\/agglomerat\/","og_site_name":"IdealStone","article_modified_time":"2026-03-25T17:47:38+00:00","og_image":[{"width":1600,"height":1200,"url":"https:\/\/idealstone.sk\/wp-content\/uploads\/2026\/03\/Konglomerat3.jpg","type":"image\/jpeg"}],"twitter_misc":{"Becs\u00fclt olvas\u00e1si id\u0151":"2 perc"},"schema":{"@context":"https:\/\/schema.org","@graph":[{"@type":"WebPage","@id":"https:\/\/idealstone.sk\/hu\/szinmintak\/agglomerat\/","url":"https:\/\/idealstone.sk\/hu\/szinmintak\/agglomerat\/","name":"Agglomer\u00e1t - IdealStone","isPartOf":{"@id":"https:\/\/idealstone.sk\/hu\/#website"},"primaryImageOfPage":{"@id":"https:\/\/idealstone.sk\/hu\/szinmintak\/agglomerat\/#primaryimage"},"image":{"@id":"https:\/\/idealstone.sk\/hu\/szinmintak\/agglomerat\/#primaryimage"},"thumbnailUrl":"https:\/\/idealstone.sk\/wp-content\/uploads\/2026\/03\/Konglomerat3-768x576.jpg","datePublished":"2015-03-03T15:17:41+00:00","dateModified":"2026-03-25T17:47:38+00:00","breadcrumb":{"@id":"https:\/\/idealstone.sk\/hu\/szinmintak\/agglomerat\/#breadcrumb"},"inLanguage":"hu","potentialAction":[{"@type":"ReadAction","target":["https:\/\/idealstone.sk\/hu\/szinmintak\/agglomerat\/"]}]},{"@type":"ImageObject","inLanguage":"hu","@id":"https:\/\/idealstone.sk\/hu\/szinmintak\/agglomerat\/#primaryimage","url":"https:\/\/idealstone.sk\/wp-content\/uploads\/2026\/03\/Konglomerat3-768x576.jpg","contentUrl":"https:\/\/idealstone.sk\/wp-content\/uploads\/2026\/03\/Konglomerat3-768x576.jpg"},{"@type":"BreadcrumbList","@id":"https:\/\/idealstone.sk\/hu\/szinmintak\/agglomerat\/#breadcrumb","itemListElement":[{"@type":"ListItem","position":1,"name":"Kezd\u0151lap","item":"https:\/\/idealstone.sk\/hu\/"},{"@type":"ListItem","position":2,"name":"Sz\u00ednmint\u00e1k","item":"https:\/\/idealstone.sk\/hu\/materialy\/"},{"@type":"ListItem","position":3,"name":"Agglomer\u00e1t"}]},{"@type":"WebSite","@id":"https:\/\/idealstone.sk\/hu\/#website","url":"https:\/\/idealstone.sk\/hu\/","name":"IdealStone","description":"Kamen\u00e1rstvo \u2013 v\u00fdroba, predaj a mont\u00e1\u017e v\u00fdrobkov z granitu, mramoru a umel\u00e9ho kame\u0148a","publisher":{"@id":"https:\/\/idealstone.sk\/hu\/#organization"},"potentialAction":[{"@type":"SearchAction","target":{"@type":"EntryPoint","urlTemplate":"https:\/\/idealstone.sk\/hu\/?s={search_term_string}"},"query-input":{"@type":"PropertyValueSpecification","valueRequired":true,"valueName":"search_term_string"}}],"inLanguage":"hu"},{"@type":"Organization","@id":"https:\/\/idealstone.sk\/hu\/#organization","name":"IdealStone","url":"https:\/\/idealstone.sk\/hu\/","logo":{"@type":"ImageObject","inLanguage":"hu","@id":"https:\/\/idealstone.sk\/hu\/#\/schema\/logo\/image\/","url":"https:\/\/idealstone.sk\/wp-content\/uploads\/2026\/03\/Logo-1.png","contentUrl":"https:\/\/idealstone.sk\/wp-content\/uploads\/2026\/03\/Logo-1.png","width":1603,"height":228,"caption":"IdealStone"},"image":{"@id":"https:\/\/idealstone.sk\/hu\/#\/schema\/logo\/image\/"}}]}},"_links":{"self":[{"href":"https:\/\/idealstone.sk\/hu\/wp-json\/wp\/v2\/pages\/224","targetHints":{"allow":["GET"]}}],"collection":[{"href":"https:\/\/idealstone.sk\/hu\/wp-json\/wp\/v2\/pages"}],"about":[{"href":"https:\/\/idealstone.sk\/hu\/wp-json\/wp\/v2\/types\/page"}],"author":[{"embeddable":true,"href":"https:\/\/idealstone.sk\/hu\/wp-json\/wp\/v2\/users\/2"}],"replies":[{"embeddable":true,"href":"https:\/\/idealstone.sk\/hu\/wp-json\/wp\/v2\/comments?post=224"}],"version-history":[{"count":5,"href":"https:\/\/idealstone.sk\/hu\/wp-json\/wp\/v2\/pages\/224\/revisions"}],"predecessor-version":[{"id":5229,"href":"https:\/\/idealstone.sk\/hu\/wp-json\/wp\/v2\/pages\/224\/revisions\/5229"}],"up":[{"embeddable":true,"href":"https:\/\/idealstone.sk\/hu\/wp-json\/wp\/v2\/pages\/220"}],"wp:attachment":[{"href":"https:\/\/idealstone.sk\/hu\/wp-json\/wp\/v2\/media?parent=224"}],"curies":[{"name":"wp","href":"https:\/\/api.w.org\/{rel}","templated":true}]}}