{"id":222,"date":"2015-03-02T11:36:06","date_gmt":"2015-03-02T11:36:06","guid":{"rendered":"http:\/\/idealstone.sk\/?page_id=222"},"modified":"2025-04-02T12:05:08","modified_gmt":"2025-04-02T12:05:08","slug":"kapcsolat","status":"publish","type":"page","link":"https:\/\/idealstone.sk\/hu\/kapcsolat\/","title":{"rendered":"Kapcsolat"},"content":{"rendered":"<p>[vc_row][vc_column width=&#8221;2\/3&#8243;][vc_column_text]<\/p>\n<h4>K\u00fcldj\u00f6n \u00fczenetet:<\/h4>\n<p>[\/vc_column_text][vc_empty_space height=&#8221;32px&#8221;]\n<div class=\"wpcf7 no-js\" id=\"wpcf7-f2802-o1\" lang=\"hu-HU\" dir=\"ltr\" data-wpcf7-id=\"2802\">\n<div class=\"screen-reader-response\"><p role=\"status\" aria-live=\"polite\" aria-atomic=\"true\"><\/p> <ul><\/ul><\/div>\n<form action=\"\/hu\/wp-json\/wp\/v2\/pages\/222#wpcf7-f2802-o1\" method=\"post\" class=\"wpcf7-form init\" aria-label=\"Kapcsolatfelv\u00e9teli \u0171rlap\" novalidate=\"novalidate\" data-status=\"init\">\n<fieldset class=\"hidden-fields-container\"><input type=\"hidden\" name=\"_wpcf7\" value=\"2802\" \/><input type=\"hidden\" name=\"_wpcf7_version\" value=\"6.1.5\" \/><input type=\"hidden\" name=\"_wpcf7_locale\" value=\"hu_HU\" \/><input type=\"hidden\" name=\"_wpcf7_unit_tag\" value=\"wpcf7-f2802-o1\" \/><input type=\"hidden\" name=\"_wpcf7_container_post\" value=\"0\" \/><input type=\"hidden\" name=\"_wpcf7_posted_data_hash\" value=\"\" \/>\n<\/fieldset>\n<p>Teljes n\u00e9v (k\u00f6telez\u0151 mez\u0151)<br \/>\n<span class=\"wpcf7-form-control-wrap\" data-name=\"your-name\"><input size=\"40\" maxlength=\"400\" class=\"wpcf7-form-control wpcf7-text wpcf7-validates-as-required\" aria-required=\"true\" aria-invalid=\"false\" value=\"\" type=\"text\" name=\"your-name\" \/><\/span>\n<\/p>\n<p>E-mail c\u00edm (k\u00f6telez\u0151 mez\u0151)<br \/>\n<span class=\"wpcf7-form-control-wrap\" data-name=\"your-email\"><input size=\"40\" maxlength=\"400\" class=\"wpcf7-form-control wpcf7-email wpcf7-validates-as-required wpcf7-text wpcf7-validates-as-email\" aria-required=\"true\" aria-invalid=\"false\" value=\"\" type=\"email\" name=\"your-email\" \/><\/span>\n<\/p>\n<p>T\u00e1rgy<br \/>\n<span class=\"wpcf7-form-control-wrap\" data-name=\"your-subject\"><input size=\"40\" maxlength=\"400\" class=\"wpcf7-form-control wpcf7-text\" aria-invalid=\"false\" value=\"\" type=\"text\" name=\"your-subject\" \/><\/span>\n<\/p>\n<p>\u00dczenet<br \/>\n<span class=\"wpcf7-form-control-wrap\" data-name=\"your-message\"><textarea cols=\"40\" rows=\"10\" maxlength=\"2000\" class=\"wpcf7-form-control wpcf7-textarea\" aria-invalid=\"false\" name=\"your-message\"><\/textarea><\/span>\n<\/p>\n<p><span class=\"wpcf7-form-control-wrap\" data-name=\"acceptance-835\"><span class=\"wpcf7-form-control wpcf7-acceptance\"><span class=\"wpcf7-list-item\"><input type=\"checkbox\" name=\"acceptance-835\" value=\"1\" aria-invalid=\"false\" \/><\/span><\/span><\/span> Elolvastam \u00e9s elfogadom az <a href=\"\/ochrany-osobnych-udajov\/\" target=\"_blank\">Adatv\u00e9delmi nyilatkozatot<\/a>\n<\/p>\n<p><input class=\"wpcf7-form-control wpcf7-submit has-spinner\" type=\"submit\" value=\"K\u00fcld\u00e9s\" \/>\n<\/p><div class=\"wpcf7-response-output\" aria-hidden=\"true\"><\/div>\n<\/form>\n<\/div>\n[\/vc_column][vc_column width=&#8221;1\/3&#8243;][vc_raw_js]JTNDZGl2JTIwaWQlM0QlMjJmYi1yb290JTIyJTNFJTNDJTJGZGl2JTNFJTBBJTNDc2NyaXB0JTNFJTI4ZnVuY3Rpb24lMjhkJTJDJTIwcyUyQyUyMGlkJTI5JTIwJTdCJTBBJTIwJTIwdmFyJTIwanMlMkMlMjBmanMlMjAlM0QlMjBkLmdldEVsZW1lbnRzQnlUYWdOYW1lJTI4cyUyOSU1QjAlNUQlM0IlMEElMjAlMjBpZiUyMCUyOGQuZ2V0RWxlbWVudEJ5SWQlMjhpZCUyOSUyOSUyMHJldHVybiUzQiUwQSUyMCUyMGpzJTIwJTNEJTIwZC5jcmVhdGVFbGVtZW50JTI4cyUyOSUzQiUyMGpzLmlkJTIwJTNEJTIwaWQlM0IlMEElMjAlMjBqcy5zcmMlMjAlM0QlMjAlMjIlMkYlMkZjb25uZWN0LmZhY2Vib29rLm5ldCUyRmh1X0hVJTJGc2RrLmpzJTIzeGZibWwlM0QxJTI2dmVyc2lvbiUzRHYyLjglMjZhcHBJZCUzRDEwMTM3NjY1Njg2NjA2NSUyMiUzQiUwQSUyMCUyMGZqcy5wYXJlbnROb2RlLmluc2VydEJlZm9yZSUyOGpzJTJDJTIwZmpzJTI5JTNCJTBBJTdEJTI4ZG9jdW1lbnQlMkMlMjAlMjdzY3JpcHQlMjclMkMlMjAlMjdmYWNlYm9vay1qc3NkayUyNyUyOSUyOSUzQiUzQyUyRnNjcmlwdCUzRQ==[\/vc_raw_js][vc_raw_html]JTNDZGl2JTIwY2xhc3MlM0QlMjJmYi1wYWdlJTIyJTIwZGF0YS1ocmVmJTNEJTIyaHR0cHMlM0ElMkYlMkZ3d3cuZmFjZWJvb2suY29tJTJGaWRlYWxzdG9uZS5zayUyRiUyMiUyMGRhdGEtdGFicyUzRCUyMnRpbWVsaW5lJTIyJTIwZGF0YS1oZWlnaHQlM0QlMjI3MCUyMiUyMGRhdGEtc21hbGwtaGVhZGVyJTNEJTIyZmFsc2UlMjIlMjBkYXRhLWFkYXB0LWNvbnRhaW5lci13aWR0aCUzRCUyMmZhbHNlJTIyJTIwZGF0YS1oaWRlLWNvdmVyJTNEJTIyZmFsc2UlMjIlMjBkYXRhLXNob3ctZmFjZXBpbGUlM0QlMjJmYWxzZSUyMiUzRSUzQ2Jsb2NrcXVvdGUlMjBjaXRlJTNEJTIyaHR0cHMlM0ElMkYlMkZ3d3cuZmFjZWJvb2suY29tJTJGaWRlYWxzdG9uZS5zayUyRiUyMiUyMGNsYXNzJTNEJTIyZmIteGZibWwtcGFyc2UtaWdub3JlJTIyJTNFJTNDYSUyMGhyZWYlM0QlMjJodHRwcyUzQSUyRiUyRnd3dy5mYWNlYm9vay5jb20lMkZpZGVhbHN0b25lLnNrJTJGJTIyJTNFS2FtZW4lQzMlQTFyc3R2byUyMElkZWFsJTIwU1RPTkUlMjBLJUM1JTkxZmFyYWclQzMlQjMlM0MlMkZhJTNFJTNDJTJGYmxvY2txdW90ZSUzRSUzQyUyRmRpdiUzRQ==[\/vc_raw_html][vc_empty_space height=&#8221;32px&#8221;][vc_column_text]<\/p>\n<p style=\"text-align: center;\"><strong>C\u00e9gk\u00f6zpont:\u00a0<\/strong>Ing. Zuzana Dole\u017e\u00e1lekov\u00e1\u00a0\u2013 ideal STONE,<\/p>\n<p style=\"text-align: center;\">V\u010del\u00e1rska 14, Nov\u00e9 Z\u00e1mky<\/p>\n<p style=\"text-align: center;\"><strong>I\u010cO:<\/strong> 45\u00a0498\u00a0890, <strong>DI\u010c:<\/strong> 1049681072<\/p>\n<p style=\"text-align: center;\"><strong>Mobil:<\/strong> 0907 245\u00a0379<\/p>\n<p style=\"text-align: center;\"><strong>E-mail:\u00a0idealstone.sk@gmail.com<\/strong><\/p>\n<p style=\"text-align: center;\"><strong>Iroda \u00e9s bemutat\u00f3terem KOM\u00c1ROM:<\/strong><\/p>\n<p style=\"text-align: center;\">Meder\u010dsk\u00e1 4944, 945 01 Kom\u00e1rno \/\u00daj \u00fczlet\u00fcnk a\u00a0Lidl mellett\/ Mobil: 0907 732 130<\/p>\n<p style=\"text-align: center;\"><strong>Iroda \u00e9s bemutat\u00f3terem \u00c9RSEK\u00daJV\u00c1R:<\/strong><\/p>\n<p style=\"text-align: center;\">V\u00fdpalisko 18, 940 02\u00a0Nov\u00e9 Z\u00e1mky \/a \u0160koda autoszalon mellett\/ Mobil:\u00a00911 842 270<\/p>\n<p style=\"text-align: center;\"><strong><span class=\"\">Iroda \u00e9s bemutat\u00f3terem GAL\u00c1NTA:<\/span><\/strong><\/p>\n<div class=\"gmail_default\" style=\"text-align: center;\">Hodsk\u00e1 358\/29, Gal\u00e1nta, \/Gy\u00f3gyszert\u00e1r volt \u00e9p\u00fclete\/ Mobil:\u00a00911 842 270<\/div>\n<div class=\"gmail_default\" style=\"text-align: center;\">&#8212;&#8212;&#8212;-<\/div>\n<div class=\"gmail_default\" style=\"text-align: center;\"><strong>MOBILIS IRODA:<\/strong> szem\u00e9lyessen elmegy\u00fcnk \u014dn\u014dk ut\u00e1n, egyeztessen id\u014dpontot:<\/div>\n<div class=\"gmail_default\" style=\"text-align: center;\"><strong>Mobil:<\/strong>\u00a00911 842 270, 0910 270 719<\/div>\n<p>[\/vc_column_text][vc_empty_space height=&#8221;32px&#8221;][ultimate_google_map width=&#8221;100%&#8221; height=&#8221;300px&#8221; map_type=&#8221;SATELLITE&#8221; lat=&#8221;47.76320&#8243; lng=&#8221;18.12877&#8243; zoom=&#8221;16&#8243; scrollwheel=&#8221;&#8221; infowindow_open=&#8221;infowindow_open_value&#8221; marker_icon=&#8221;default&#8221; streetviewcontrol=&#8221;false&#8221; maptypecontrol=&#8221;false&#8221; pancontrol=&#8221;false&#8221; zoomcontrol=&#8221;false&#8221; zoomcontrolsize=&#8221;SMALL&#8221; top_margin=&#8221;page_margin_top&#8221; map_override=&#8221;0&#8243;][\/ultimate_google_map][\/vc_column][\/vc_row]<\/p>\n","protected":false},"excerpt":{"rendered":"<p>[vc_row][vc_column width=&#8221;2\/3&#8243;][vc_column_text] K\u00fcldj\u00f6n \u00fczenetet: [\/vc_column_text][vc_empty_space height=&#8221;32px&#8221;][\/vc_column][vc_column width=&#8221;1\/3&#8243;][vc_raw_js]JTNDZGl2JTIwaWQlM0QlMjJmYi1yb290JTIyJTNFJTNDJTJGZGl2JTNFJTBBJTNDc2NyaXB0JTNFJTI4ZnVuY3Rpb24lMjhkJTJDJTIwcyUyQyUyMGlkJTI5JTIwJTdCJTBBJTIwJTIwdmFyJTIwanMlMkMlMjBmanMlMjAlM0QlMjBkLmdldEVsZW1lbnRzQnlUYWdOYW1lJTI4cyUyOSU1QjAlNUQlM0IlMEElMjAlMjBpZiUyMCUyOGQuZ2V0RWxlbWVudEJ5SWQlMjhpZCUyOSUyOSUyMHJldHVybiUzQiUwQSUyMCUyMGpzJTIwJTNEJTIwZC5jcmVhdGVFbGVtZW50JTI4cyUyOSUzQiUyMGpzLmlkJTIwJTNEJTIwaWQlM0IlMEElMjAlMjBqcy5zcmMlMjAlM0QlMjAlMjIlMkYlMkZjb25uZWN0LmZhY2Vib29rLm5ldCUyRmh1X0hVJTJGc2RrLmpzJTIzeGZibWwlM0QxJTI2dmVyc2lvbiUzRHYyLjglMjZhcHBJZCUzRDEwMTM3NjY1Njg2NjA2NSUyMiUzQiUwQSUyMCUyMGZqcy5wYXJlbnROb2RlLmluc2VydEJlZm9yZSUyOGpzJTJDJTIwZmpzJTI5JTNCJTBBJTdEJTI4ZG9jdW1lbnQlMkMlMjAlMjdzY3JpcHQlMjclMkMlMjAlMjdmYWNlYm9vay1qc3NkayUyNyUyOSUyOSUzQiUzQyUyRnNjcmlwdCUzRQ==[\/vc_raw_js][vc_raw_html]JTNDZGl2JTIwY2xhc3MlM0QlMjJmYi1wYWdlJTIyJTIwZGF0YS1ocmVmJTNEJTIyaHR0cHMlM0ElMkYlMkZ3d3cuZmFjZWJvb2suY29tJTJGaWRlYWxzdG9uZS5zayUyRiUyMiUyMGRhdGEtdGFicyUzRCUyMnRpbWVsaW5lJTIyJTIwZGF0YS1oZWlnaHQlM0QlMjI3MCUyMiUyMGRhdGEtc21hbGwtaGVhZGVyJTNEJTIyZmFsc2UlMjIlMjBkYXRhLWFkYXB0LWNvbnRhaW5lci13aWR0aCUzRCUyMmZhbHNlJTIyJTIwZGF0YS1oaWRlLWNvdmVyJTNEJTIyZmFsc2UlMjIlMjBkYXRhLXNob3ctZmFjZXBpbGUlM0QlMjJmYWxzZSUyMiUzRSUzQ2Jsb2NrcXVvdGUlMjBjaXRlJTNEJTIyaHR0cHMlM0ElMkYlMkZ3d3cuZmFjZWJvb2suY29tJTJGaWRlYWxzdG9uZS5zayUyRiUyMiUyMGNsYXNzJTNEJTIyZmIteGZibWwtcGFyc2UtaWdub3JlJTIyJTNFJTNDYSUyMGhyZWYlM0QlMjJodHRwcyUzQSUyRiUyRnd3dy5mYWNlYm9vay5jb20lMkZpZGVhbHN0b25lLnNrJTJGJTIyJTNFS2FtZW4lQzMlQTFyc3R2byUyMElkZWFsJTIwU1RPTkUlMjBLJUM1JTkxZmFyYWclQzMlQjMlM0MlMkZhJTNFJTNDJTJGYmxvY2txdW90ZSUzRSUzQyUyRmRpdiUzRQ==[\/vc_raw_html][vc_empty_space height=&#8221;32px&#8221;][vc_column_text] C\u00e9gk\u00f6zpont:\u00a0Ing. Zuzana Dole\u017e\u00e1lekov\u00e1\u00a0\u2013 ideal STONE, V\u010del\u00e1rska 14, Nov\u00e9 Z\u00e1mky I\u010cO: 45\u00a0498\u00a0890, DI\u010c: 1049681072 Mobil: 0907 245\u00a0379 E-mail:\u00a0idealstone.sk@gmail.com Iroda \u00e9s bemutat\u00f3terem KOM\u00c1ROM: Meder\u010dsk\u00e1 4944, 945 01 Kom\u00e1rno \/\u00daj \u00fczlet\u00fcnk a\u00a0Lidl mellett\/ Mobil: 0907 732 130 Iroda \u00e9s bemutat\u00f3terem \u00c9RSEK\u00daJV\u00c1R: V\u00fdpalisko 18, 940 02\u00a0Nov\u00e9 Z\u00e1mky \/a \u0160koda autoszalon mellett\/ [&hellip;]<\/p>\n","protected":false},"author":2,"featured_media":0,"parent":0,"menu_order":0,"comment_status":"closed","ping_status":"closed","template":"","meta":{"footnotes":""},"class_list":["post-222","page","type-page","status-publish","hentry"],"yoast_head":"<!-- This site is optimized with the Yoast SEO plugin v27.3 - https:\/\/yoast.com\/product\/yoast-seo-wordpress\/ -->\n<title>Kapcsolat - IdealStone<\/title>\n<meta name=\"robots\" content=\"index, follow, max-snippet:-1, max-image-preview:large, max-video-preview:-1\" \/>\n<link rel=\"canonical\" href=\"https:\/\/idealstone.sk\/hu\/kapcsolat\/\" \/>\n<meta property=\"og:locale\" content=\"hu_HU\" \/>\n<meta property=\"og:type\" content=\"article\" \/>\n<meta property=\"og:title\" content=\"Kapcsolat - IdealStone\" \/>\n<meta property=\"og:description\" content=\"[vc_row][vc_column width=&#8221;2\/3&#8243;][vc_column_text] K\u00fcldj\u00f6n \u00fczenetet: [\/vc_column_text][vc_empty_space height=&#8221;32px&#8221;][\/vc_column][vc_column width=&#8221;1\/3&#8243;][vc_raw_js]JTNDZGl2JTIwaWQlM0QlMjJmYi1yb290JTIyJTNFJTNDJTJGZGl2JTNFJTBBJTNDc2NyaXB0JTNFJTI4ZnVuY3Rpb24lMjhkJTJDJTIwcyUyQyUyMGlkJTI5JTIwJTdCJTBBJTIwJTIwdmFyJTIwanMlMkMlMjBmanMlMjAlM0QlMjBkLmdldEVsZW1lbnRzQnlUYWdOYW1lJTI4cyUyOSU1QjAlNUQlM0IlMEElMjAlMjBpZiUyMCUyOGQuZ2V0RWxlbWVudEJ5SWQlMjhpZCUyOSUyOSUyMHJldHVybiUzQiUwQSUyMCUyMGpzJTIwJTNEJTIwZC5jcmVhdGVFbGVtZW50JTI4cyUyOSUzQiUyMGpzLmlkJTIwJTNEJTIwaWQlM0IlMEElMjAlMjBqcy5zcmMlMjAlM0QlMjAlMjIlMkYlMkZjb25uZWN0LmZhY2Vib29rLm5ldCUyRmh1X0hVJTJGc2RrLmpzJTIzeGZibWwlM0QxJTI2dmVyc2lvbiUzRHYyLjglMjZhcHBJZCUzRDEwMTM3NjY1Njg2NjA2NSUyMiUzQiUwQSUyMCUyMGZqcy5wYXJlbnROb2RlLmluc2VydEJlZm9yZSUyOGpzJTJDJTIwZmpzJTI5JTNCJTBBJTdEJTI4ZG9jdW1lbnQlMkMlMjAlMjdzY3JpcHQlMjclMkMlMjAlMjdmYWNlYm9vay1qc3NkayUyNyUyOSUyOSUzQiUzQyUyRnNjcmlwdCUzRQ==[\/vc_raw_js][vc_raw_html]JTNDZGl2JTIwY2xhc3MlM0QlMjJmYi1wYWdlJTIyJTIwZGF0YS1ocmVmJTNEJTIyaHR0cHMlM0ElMkYlMkZ3d3cuZmFjZWJvb2suY29tJTJGaWRlYWxzdG9uZS5zayUyRiUyMiUyMGRhdGEtdGFicyUzRCUyMnRpbWVsaW5lJTIyJTIwZGF0YS1oZWlnaHQlM0QlMjI3MCUyMiUyMGRhdGEtc21hbGwtaGVhZGVyJTNEJTIyZmFsc2UlMjIlMjBkYXRhLWFkYXB0LWNvbnRhaW5lci13aWR0aCUzRCUyMmZhbHNlJTIyJTIwZGF0YS1oaWRlLWNvdmVyJTNEJTIyZmFsc2UlMjIlMjBkYXRhLXNob3ctZmFjZXBpbGUlM0QlMjJmYWxzZSUyMiUzRSUzQ2Jsb2NrcXVvdGUlMjBjaXRlJTNEJTIyaHR0cHMlM0ElMkYlMkZ3d3cuZmFjZWJvb2suY29tJTJGaWRlYWxzdG9uZS5zayUyRiUyMiUyMGNsYXNzJTNEJTIyZmIteGZibWwtcGFyc2UtaWdub3JlJTIyJTNFJTNDYSUyMGhyZWYlM0QlMjJodHRwcyUzQSUyRiUyRnd3dy5mYWNlYm9vay5jb20lMkZpZGVhbHN0b25lLnNrJTJGJTIyJTNFS2FtZW4lQzMlQTFyc3R2byUyMElkZWFsJTIwU1RPTkUlMjBLJUM1JTkxZmFyYWclQzMlQjMlM0MlMkZhJTNFJTNDJTJGYmxvY2txdW90ZSUzRSUzQyUyRmRpdiUzRQ==[\/vc_raw_html][vc_empty_space height=&#8221;32px&#8221;][vc_column_text] C\u00e9gk\u00f6zpont:\u00a0Ing. Zuzana Dole\u017e\u00e1lekov\u00e1\u00a0\u2013 ideal STONE, V\u010del\u00e1rska 14, Nov\u00e9 Z\u00e1mky I\u010cO: 45\u00a0498\u00a0890, DI\u010c: 1049681072 Mobil: 0907 245\u00a0379 E-mail:\u00a0idealstone.sk@gmail.com Iroda \u00e9s bemutat\u00f3terem KOM\u00c1ROM: Meder\u010dsk\u00e1 4944, 945 01 Kom\u00e1rno \/\u00daj \u00fczlet\u00fcnk a\u00a0Lidl mellett\/ Mobil: 0907 732 130 Iroda \u00e9s bemutat\u00f3terem \u00c9RSEK\u00daJV\u00c1R: V\u00fdpalisko 18, 940 02\u00a0Nov\u00e9 Z\u00e1mky \/a \u0160koda autoszalon mellett\/ [&hellip;]\" \/>\n<meta property=\"og:url\" content=\"https:\/\/idealstone.sk\/hu\/kapcsolat\/\" \/>\n<meta property=\"og:site_name\" content=\"IdealStone\" \/>\n<meta property=\"article:modified_time\" content=\"2025-04-02T12:05:08+00:00\" \/>\n<meta name=\"twitter:label1\" content=\"Becs\u00fclt olvas\u00e1si id\u0151\" \/>\n\t<meta name=\"twitter:data1\" content=\"2 perc\" \/>\n<script type=\"application\/ld+json\" class=\"yoast-schema-graph\">{\"@context\":\"https:\\\/\\\/schema.org\",\"@graph\":[{\"@type\":\"WebPage\",\"@id\":\"https:\\\/\\\/idealstone.sk\\\/hu\\\/kapcsolat\\\/\",\"url\":\"https:\\\/\\\/idealstone.sk\\\/hu\\\/kapcsolat\\\/\",\"name\":\"Kapcsolat - IdealStone\",\"isPartOf\":{\"@id\":\"https:\\\/\\\/idealstone.sk\\\/hu\\\/#website\"},\"datePublished\":\"2015-03-02T11:36:06+00:00\",\"dateModified\":\"2025-04-02T12:05:08+00:00\",\"breadcrumb\":{\"@id\":\"https:\\\/\\\/idealstone.sk\\\/hu\\\/kapcsolat\\\/#breadcrumb\"},\"inLanguage\":\"hu\",\"potentialAction\":[{\"@type\":\"ReadAction\",\"target\":[\"https:\\\/\\\/idealstone.sk\\\/hu\\\/kapcsolat\\\/\"]}]},{\"@type\":\"BreadcrumbList\",\"@id\":\"https:\\\/\\\/idealstone.sk\\\/hu\\\/kapcsolat\\\/#breadcrumb\",\"itemListElement\":[{\"@type\":\"ListItem\",\"position\":1,\"name\":\"Kezd\u0151lap\",\"item\":\"https:\\\/\\\/idealstone.sk\\\/hu\\\/\"},{\"@type\":\"ListItem\",\"position\":2,\"name\":\"Kapcsolat\"}]},{\"@type\":\"WebSite\",\"@id\":\"https:\\\/\\\/idealstone.sk\\\/hu\\\/#website\",\"url\":\"https:\\\/\\\/idealstone.sk\\\/hu\\\/\",\"name\":\"IdealStone\",\"description\":\"Kamen\u00e1rstvo \u2013 v\u00fdroba, predaj a mont\u00e1\u017e v\u00fdrobkov z granitu, mramoru a umel\u00e9ho kame\u0148a\",\"publisher\":{\"@id\":\"https:\\\/\\\/idealstone.sk\\\/hu\\\/#organization\"},\"potentialAction\":[{\"@type\":\"SearchAction\",\"target\":{\"@type\":\"EntryPoint\",\"urlTemplate\":\"https:\\\/\\\/idealstone.sk\\\/hu\\\/?s={search_term_string}\"},\"query-input\":{\"@type\":\"PropertyValueSpecification\",\"valueRequired\":true,\"valueName\":\"search_term_string\"}}],\"inLanguage\":\"hu\"},{\"@type\":\"Organization\",\"@id\":\"https:\\\/\\\/idealstone.sk\\\/hu\\\/#organization\",\"name\":\"IdealStone\",\"url\":\"https:\\\/\\\/idealstone.sk\\\/hu\\\/\",\"logo\":{\"@type\":\"ImageObject\",\"inLanguage\":\"hu\",\"@id\":\"https:\\\/\\\/idealstone.sk\\\/hu\\\/#\\\/schema\\\/logo\\\/image\\\/\",\"url\":\"https:\\\/\\\/idealstone.sk\\\/wp-content\\\/uploads\\\/2026\\\/03\\\/Logo-1.png\",\"contentUrl\":\"https:\\\/\\\/idealstone.sk\\\/wp-content\\\/uploads\\\/2026\\\/03\\\/Logo-1.png\",\"width\":1603,\"height\":228,\"caption\":\"IdealStone\"},\"image\":{\"@id\":\"https:\\\/\\\/idealstone.sk\\\/hu\\\/#\\\/schema\\\/logo\\\/image\\\/\"}}]}<\/script>\n<!-- \/ Yoast SEO plugin. -->","yoast_head_json":{"title":"Kapcsolat - IdealStone","robots":{"index":"index","follow":"follow","max-snippet":"max-snippet:-1","max-image-preview":"max-image-preview:large","max-video-preview":"max-video-preview:-1"},"canonical":"https:\/\/idealstone.sk\/hu\/kapcsolat\/","og_locale":"hu_HU","og_type":"article","og_title":"Kapcsolat - IdealStone","og_description":"[vc_row][vc_column width=&#8221;2\/3&#8243;][vc_column_text] K\u00fcldj\u00f6n \u00fczenetet: [\/vc_column_text][vc_empty_space height=&#8221;32px&#8221;][\/vc_column][vc_column width=&#8221;1\/3&#8243;][vc_raw_js]JTNDZGl2JTIwaWQlM0QlMjJmYi1yb290JTIyJTNFJTNDJTJGZGl2JTNFJTBBJTNDc2NyaXB0JTNFJTI4ZnVuY3Rpb24lMjhkJTJDJTIwcyUyQyUyMGlkJTI5JTIwJTdCJTBBJTIwJTIwdmFyJTIwanMlMkMlMjBmanMlMjAlM0QlMjBkLmdldEVsZW1lbnRzQnlUYWdOYW1lJTI4cyUyOSU1QjAlNUQlM0IlMEElMjAlMjBpZiUyMCUyOGQuZ2V0RWxlbWVudEJ5SWQlMjhpZCUyOSUyOSUyMHJldHVybiUzQiUwQSUyMCUyMGpzJTIwJTNEJTIwZC5jcmVhdGVFbGVtZW50JTI4cyUyOSUzQiUyMGpzLmlkJTIwJTNEJTIwaWQlM0IlMEElMjAlMjBqcy5zcmMlMjAlM0QlMjAlMjIlMkYlMkZjb25uZWN0LmZhY2Vib29rLm5ldCUyRmh1X0hVJTJGc2RrLmpzJTIzeGZibWwlM0QxJTI2dmVyc2lvbiUzRHYyLjglMjZhcHBJZCUzRDEwMTM3NjY1Njg2NjA2NSUyMiUzQiUwQSUyMCUyMGZqcy5wYXJlbnROb2RlLmluc2VydEJlZm9yZSUyOGpzJTJDJTIwZmpzJTI5JTNCJTBBJTdEJTI4ZG9jdW1lbnQlMkMlMjAlMjdzY3JpcHQlMjclMkMlMjAlMjdmYWNlYm9vay1qc3NkayUyNyUyOSUyOSUzQiUzQyUyRnNjcmlwdCUzRQ==[\/vc_raw_js][vc_raw_html]JTNDZGl2JTIwY2xhc3MlM0QlMjJmYi1wYWdlJTIyJTIwZGF0YS1ocmVmJTNEJTIyaHR0cHMlM0ElMkYlMkZ3d3cuZmFjZWJvb2suY29tJTJGaWRlYWxzdG9uZS5zayUyRiUyMiUyMGRhdGEtdGFicyUzRCUyMnRpbWVsaW5lJTIyJTIwZGF0YS1oZWlnaHQlM0QlMjI3MCUyMiUyMGRhdGEtc21hbGwtaGVhZGVyJTNEJTIyZmFsc2UlMjIlMjBkYXRhLWFkYXB0LWNvbnRhaW5lci13aWR0aCUzRCUyMmZhbHNlJTIyJTIwZGF0YS1oaWRlLWNvdmVyJTNEJTIyZmFsc2UlMjIlMjBkYXRhLXNob3ctZmFjZXBpbGUlM0QlMjJmYWxzZSUyMiUzRSUzQ2Jsb2NrcXVvdGUlMjBjaXRlJTNEJTIyaHR0cHMlM0ElMkYlMkZ3d3cuZmFjZWJvb2suY29tJTJGaWRlYWxzdG9uZS5zayUyRiUyMiUyMGNsYXNzJTNEJTIyZmIteGZibWwtcGFyc2UtaWdub3JlJTIyJTNFJTNDYSUyMGhyZWYlM0QlMjJodHRwcyUzQSUyRiUyRnd3dy5mYWNlYm9vay5jb20lMkZpZGVhbHN0b25lLnNrJTJGJTIyJTNFS2FtZW4lQzMlQTFyc3R2byUyMElkZWFsJTIwU1RPTkUlMjBLJUM1JTkxZmFyYWclQzMlQjMlM0MlMkZhJTNFJTNDJTJGYmxvY2txdW90ZSUzRSUzQyUyRmRpdiUzRQ==[\/vc_raw_html][vc_empty_space height=&#8221;32px&#8221;][vc_column_text] C\u00e9gk\u00f6zpont:\u00a0Ing. Zuzana Dole\u017e\u00e1lekov\u00e1\u00a0\u2013 ideal STONE, V\u010del\u00e1rska 14, Nov\u00e9 Z\u00e1mky I\u010cO: 45\u00a0498\u00a0890, DI\u010c: 1049681072 Mobil: 0907 245\u00a0379 E-mail:\u00a0idealstone.sk@gmail.com Iroda \u00e9s bemutat\u00f3terem KOM\u00c1ROM: Meder\u010dsk\u00e1 4944, 945 01 Kom\u00e1rno \/\u00daj \u00fczlet\u00fcnk a\u00a0Lidl mellett\/ Mobil: 0907 732 130 Iroda \u00e9s bemutat\u00f3terem \u00c9RSEK\u00daJV\u00c1R: V\u00fdpalisko 18, 940 02\u00a0Nov\u00e9 Z\u00e1mky \/a \u0160koda autoszalon mellett\/ [&hellip;]","og_url":"https:\/\/idealstone.sk\/hu\/kapcsolat\/","og_site_name":"IdealStone","article_modified_time":"2025-04-02T12:05:08+00:00","twitter_misc":{"Becs\u00fclt olvas\u00e1si id\u0151":"2 perc"},"schema":{"@context":"https:\/\/schema.org","@graph":[{"@type":"WebPage","@id":"https:\/\/idealstone.sk\/hu\/kapcsolat\/","url":"https:\/\/idealstone.sk\/hu\/kapcsolat\/","name":"Kapcsolat - IdealStone","isPartOf":{"@id":"https:\/\/idealstone.sk\/hu\/#website"},"datePublished":"2015-03-02T11:36:06+00:00","dateModified":"2025-04-02T12:05:08+00:00","breadcrumb":{"@id":"https:\/\/idealstone.sk\/hu\/kapcsolat\/#breadcrumb"},"inLanguage":"hu","potentialAction":[{"@type":"ReadAction","target":["https:\/\/idealstone.sk\/hu\/kapcsolat\/"]}]},{"@type":"BreadcrumbList","@id":"https:\/\/idealstone.sk\/hu\/kapcsolat\/#breadcrumb","itemListElement":[{"@type":"ListItem","position":1,"name":"Kezd\u0151lap","item":"https:\/\/idealstone.sk\/hu\/"},{"@type":"ListItem","position":2,"name":"Kapcsolat"}]},{"@type":"WebSite","@id":"https:\/\/idealstone.sk\/hu\/#website","url":"https:\/\/idealstone.sk\/hu\/","name":"IdealStone","description":"Kamen\u00e1rstvo \u2013 v\u00fdroba, predaj a mont\u00e1\u017e v\u00fdrobkov z granitu, mramoru a umel\u00e9ho kame\u0148a","publisher":{"@id":"https:\/\/idealstone.sk\/hu\/#organization"},"potentialAction":[{"@type":"SearchAction","target":{"@type":"EntryPoint","urlTemplate":"https:\/\/idealstone.sk\/hu\/?s={search_term_string}"},"query-input":{"@type":"PropertyValueSpecification","valueRequired":true,"valueName":"search_term_string"}}],"inLanguage":"hu"},{"@type":"Organization","@id":"https:\/\/idealstone.sk\/hu\/#organization","name":"IdealStone","url":"https:\/\/idealstone.sk\/hu\/","logo":{"@type":"ImageObject","inLanguage":"hu","@id":"https:\/\/idealstone.sk\/hu\/#\/schema\/logo\/image\/","url":"https:\/\/idealstone.sk\/wp-content\/uploads\/2026\/03\/Logo-1.png","contentUrl":"https:\/\/idealstone.sk\/wp-content\/uploads\/2026\/03\/Logo-1.png","width":1603,"height":228,"caption":"IdealStone"},"image":{"@id":"https:\/\/idealstone.sk\/hu\/#\/schema\/logo\/image\/"}}]}},"_links":{"self":[{"href":"https:\/\/idealstone.sk\/hu\/wp-json\/wp\/v2\/pages\/222","targetHints":{"allow":["GET"]}}],"collection":[{"href":"https:\/\/idealstone.sk\/hu\/wp-json\/wp\/v2\/pages"}],"about":[{"href":"https:\/\/idealstone.sk\/hu\/wp-json\/wp\/v2\/types\/page"}],"author":[{"embeddable":true,"href":"https:\/\/idealstone.sk\/hu\/wp-json\/wp\/v2\/users\/2"}],"replies":[{"embeddable":true,"href":"https:\/\/idealstone.sk\/hu\/wp-json\/wp\/v2\/comments?post=222"}],"version-history":[{"count":0,"href":"https:\/\/idealstone.sk\/hu\/wp-json\/wp\/v2\/pages\/222\/revisions"}],"wp:attachment":[{"href":"https:\/\/idealstone.sk\/hu\/wp-json\/wp\/v2\/media?parent=222"}],"curies":[{"name":"wp","href":"https:\/\/api.w.org\/{rel}","templated":true}]}}