{"id":220,"date":"2015-03-02T11:35:38","date_gmt":"2015-03-02T10:35:38","guid":{"rendered":"http:\/\/idealstone.sk\/?page_id=220"},"modified":"2026-04-07T15:27:12","modified_gmt":"2026-04-07T14:27:12","slug":"szinmintak","status":"publish","type":"page","link":"https:\/\/idealstone.sk\/hu\/szinmintak\/","title":{"rendered":"Sz\u00ednmint\u00e1k"},"content":{"rendered":"\t\t<div data-elementor-type=\"wp-page\" data-elementor-id=\"220\" class=\"elementor elementor-220 elementor-39\" data-elementor-post-type=\"page\">\n\t\t\t\t<div class=\"elementor-element elementor-element-2a0ffc66 e-flex e-con-boxed e-con e-parent\" data-id=\"2a0ffc66\" data-element_type=\"container\" data-e-type=\"container\">\n\t\t\t\t\t<div class=\"e-con-inner\">\n\t\t<a class=\"elementor-element elementor-element-2a24776c e-con-full e-flex e-con e-child\" data-id=\"2a24776c\" data-element_type=\"container\" data-e-type=\"container\" data-settings=\"{&quot;background_background&quot;:&quot;classic&quot;}\" href=\"https:\/\/idealstone.sk\/materialy\/prirodny-kamen\/\">\n\t\t\t\t<div class=\"elementor-element elementor-element-44b10c5e fw-white-remove elementor-widget elementor-widget-image\" data-id=\"44b10c5e\" data-element_type=\"widget\" data-e-type=\"widget\" data-widget_type=\"image.default\">\n\t\t\t\t\t\t\t\t\t\t\t\t\t\t\t<img fetchpriority=\"high\" decoding=\"async\" width=\"427\" height=\"230\" src=\"https:\/\/idealstone.sk\/wp-content\/uploads\/2015\/03\/mat1.jpg\" class=\"attachment-large size-large wp-image-3679\" alt=\"\" srcset=\"https:\/\/idealstone.sk\/wp-content\/uploads\/2015\/03\/mat1.jpg 427w, https:\/\/idealstone.sk\/wp-content\/uploads\/2015\/03\/mat1-300x162.jpg 300w\" sizes=\"(max-width: 427px) 100vw, 427px\" \/>\t\t\t\t\t\t\t\t\t\t\t\t\t\t\t<\/div>\n\t\t\t\t<div class=\"elementor-element elementor-element-2e6c079f elementor-widget elementor-widget-heading\" data-id=\"2e6c079f\" data-element_type=\"widget\" data-e-type=\"widget\" data-widget_type=\"heading.default\">\n\t\t\t\t\t<h2 class=\"elementor-heading-title elementor-size-default\">Term\u00e9sk\u0151<\/h2>\t\t\t\t<\/div>\n\t\t\t\t<div class=\"elementor-element elementor-element-434bd157 elementor-widget-divider--separator-type-pattern elementor-widget-divider--view-line elementor-widget elementor-widget-divider\" data-id=\"434bd157\" data-element_type=\"widget\" data-e-type=\"widget\" data-widget_type=\"divider.default\">\n\t\t\t\t\t\t\t<div class=\"elementor-divider\" style=\"--divider-pattern-url: url(&quot;data:image\/svg+xml,%3Csvg xmlns=&#039;http:\/\/www.w3.org\/2000\/svg&#039; preserveAspectRatio=&#039;none&#039; overflow=&#039;visible&#039; height=&#039;100%&#039; viewBox=&#039;0 0 24 24&#039; fill=&#039;none&#039; stroke=&#039;black&#039; stroke-width=&#039;1.6&#039; stroke-linecap=&#039;square&#039; stroke-miterlimit=&#039;10&#039;%3E%3Cpath d=&#039;M0,6c6,0,6,13,12,13S18,6,24,6&#039;\/%3E%3C\/svg%3E&quot;);\">\n\t\t\t<span class=\"elementor-divider-separator\">\n\t\t\t\t\t\t<\/span>\n\t\t<\/div>\n\t\t\t\t\t\t<\/div>\n\t\t\t\t<div class=\"elementor-element elementor-element-3b4be186 elementor-widget elementor-widget-text-editor\" data-id=\"3b4be186\" data-element_type=\"widget\" data-e-type=\"widget\" data-widget_type=\"text-editor.default\">\n\t\t\t\t\t\t\t\t\t<p>Term\u00e9sk\u0151 mint\u00e1k<\/p>\t\t\t\t\t\t\t\t<\/div>\n\t\t\t\t<\/a>\n\t\t<a class=\"elementor-element elementor-element-690857c4 e-con-full e-flex e-con e-child\" data-id=\"690857c4\" data-element_type=\"container\" data-e-type=\"container\" data-settings=\"{&quot;background_background&quot;:&quot;classic&quot;}\" href=\"https:\/\/idealstone.sk\/materialy\/konglomeraty\/\">\n\t\t\t\t<div class=\"elementor-element elementor-element-4dfd4c20 fw-white-remove elementor-widget elementor-widget-image\" data-id=\"4dfd4c20\" data-element_type=\"widget\" data-e-type=\"widget\" data-widget_type=\"image.default\">\n\t\t\t\t\t\t\t\t\t\t\t\t\t\t\t<img decoding=\"async\" width=\"800\" height=\"600\" src=\"https:\/\/idealstone.sk\/wp-content\/uploads\/2026\/03\/Konglomerat3-1024x768.jpg\" class=\"attachment-large size-large wp-image-3657\" alt=\"\" srcset=\"https:\/\/idealstone.sk\/wp-content\/uploads\/2026\/03\/Konglomerat3-1024x768.jpg 1024w, https:\/\/idealstone.sk\/wp-content\/uploads\/2026\/03\/Konglomerat3-300x225.jpg 300w, https:\/\/idealstone.sk\/wp-content\/uploads\/2026\/03\/Konglomerat3-768x576.jpg 768w, https:\/\/idealstone.sk\/wp-content\/uploads\/2026\/03\/Konglomerat3-1536x1152.jpg 1536w, https:\/\/idealstone.sk\/wp-content\/uploads\/2026\/03\/Konglomerat3.jpg 1600w\" sizes=\"auto, (max-width: 800px) 100vw, 800px\" loading=\"lazy\" \/>\t\t\t\t\t\t\t\t\t\t\t\t\t\t\t<\/div>\n\t\t\t\t<div class=\"elementor-element elementor-element-38cefcae elementor-widget elementor-widget-heading\" data-id=\"38cefcae\" data-element_type=\"widget\" data-e-type=\"widget\" data-widget_type=\"heading.default\">\n\t\t\t\t\t<h2 class=\"elementor-heading-title elementor-size-default\">Agglomer\u00e1t<\/h2>\t\t\t\t<\/div>\n\t\t\t\t<div class=\"elementor-element elementor-element-2cbfd3aa elementor-widget-divider--separator-type-pattern elementor-widget-divider--view-line elementor-widget elementor-widget-divider\" data-id=\"2cbfd3aa\" data-element_type=\"widget\" data-e-type=\"widget\" data-widget_type=\"divider.default\">\n\t\t\t\t\t\t\t<div class=\"elementor-divider\" style=\"--divider-pattern-url: url(&quot;data:image\/svg+xml,%3Csvg xmlns=&#039;http:\/\/www.w3.org\/2000\/svg&#039; preserveAspectRatio=&#039;none&#039; overflow=&#039;visible&#039; height=&#039;100%&#039; viewBox=&#039;0 0 24 24&#039; fill=&#039;none&#039; stroke=&#039;black&#039; stroke-width=&#039;1.6&#039; stroke-linecap=&#039;square&#039; stroke-miterlimit=&#039;10&#039;%3E%3Cpath d=&#039;M0,6c6,0,6,13,12,13S18,6,24,6&#039;\/%3E%3C\/svg%3E&quot;);\">\n\t\t\t<span class=\"elementor-divider-separator\">\n\t\t\t\t\t\t<\/span>\n\t\t<\/div>\n\t\t\t\t\t\t<\/div>\n\t\t\t\t<div class=\"elementor-element elementor-element-2080a5f6 elementor-widget elementor-widget-text-editor\" data-id=\"2080a5f6\" data-element_type=\"widget\" data-e-type=\"widget\" data-widget_type=\"text-editor.default\">\n\t\t\t\t\t\t\t\t\t<p>Az agglomer\u00e1tum egy kompozit, nem por\u00f3zus, kem\u00e9ny anyag, amely 90%-ban term\u00e9szetes \u00f6sszetev\u0151kb\u0151l \u00e1ll. Alkalmas belt\u00e9ri haszn\u00e1latra, konyhai \u00e9s asztallapok, ablakp\u00e1rk\u00e1nyok, pultok, l\u00e9pcs\u0151k, burkolatok, csemp\u00e9k&#8230; burkol\u00e1s\u00e1ra.<\/p>\t\t\t\t\t\t\t\t<\/div>\n\t\t\t\t<\/a>\n\t\t<a class=\"elementor-element elementor-element-d277eff e-con-full e-flex e-con e-child\" data-id=\"d277eff\" data-element_type=\"container\" data-e-type=\"container\" data-settings=\"{&quot;background_background&quot;:&quot;classic&quot;}\" href=\"https:\/\/idealstone.sk\/materialy\/quartzit\/\">\n\t\t\t\t<div class=\"elementor-element elementor-element-ad40d48 fw-white-remove elementor-widget elementor-widget-image\" data-id=\"ad40d48\" data-element_type=\"widget\" data-e-type=\"widget\" data-widget_type=\"image.default\">\n\t\t\t\t\t\t\t\t\t\t\t\t\t\t\t<img decoding=\"async\" width=\"800\" height=\"470\" src=\"https:\/\/idealstone.sk\/wp-content\/uploads\/2026\/03\/Belvedere-quartzit-1024x601.jpg\" class=\"attachment-large size-large wp-image-5235\" alt=\"\" srcset=\"https:\/\/idealstone.sk\/wp-content\/uploads\/2026\/03\/Belvedere-quartzit-1024x601.jpg 1024w, https:\/\/idealstone.sk\/wp-content\/uploads\/2026\/03\/Belvedere-quartzit-300x176.jpg 300w, https:\/\/idealstone.sk\/wp-content\/uploads\/2026\/03\/Belvedere-quartzit-768x451.jpg 768w, https:\/\/idealstone.sk\/wp-content\/uploads\/2026\/03\/Belvedere-quartzit-1536x902.jpg 1536w, https:\/\/idealstone.sk\/wp-content\/uploads\/2026\/03\/Belvedere-quartzit.jpg 2000w\" sizes=\"auto, (max-width: 800px) 100vw, 800px\" loading=\"lazy\" \/>\t\t\t\t\t\t\t\t\t\t\t\t\t\t\t<\/div>\n\t\t\t\t<div class=\"elementor-element elementor-element-43b21050 elementor-widget elementor-widget-heading\" data-id=\"43b21050\" data-element_type=\"widget\" data-e-type=\"widget\" data-widget_type=\"heading.default\">\n\t\t\t\t\t<h2 class=\"elementor-heading-title elementor-size-default\">Quartzit<\/h2>\t\t\t\t<\/div>\n\t\t\t\t<div class=\"elementor-element elementor-element-22cf5796 elementor-widget-divider--separator-type-pattern elementor-widget-divider--view-line elementor-widget elementor-widget-divider\" data-id=\"22cf5796\" data-element_type=\"widget\" data-e-type=\"widget\" data-widget_type=\"divider.default\">\n\t\t\t\t\t\t\t<div class=\"elementor-divider\" style=\"--divider-pattern-url: url(&quot;data:image\/svg+xml,%3Csvg xmlns=&#039;http:\/\/www.w3.org\/2000\/svg&#039; preserveAspectRatio=&#039;none&#039; overflow=&#039;visible&#039; height=&#039;100%&#039; viewBox=&#039;0 0 24 24&#039; fill=&#039;none&#039; stroke=&#039;black&#039; stroke-width=&#039;1.6&#039; stroke-linecap=&#039;square&#039; stroke-miterlimit=&#039;10&#039;%3E%3Cpath d=&#039;M0,6c6,0,6,13,12,13S18,6,24,6&#039;\/%3E%3C\/svg%3E&quot;);\">\n\t\t\t<span class=\"elementor-divider-separator\">\n\t\t\t\t\t\t<\/span>\n\t\t<\/div>\n\t\t\t\t\t\t<\/div>\n\t\t\t\t<div class=\"elementor-element elementor-element-53f96af0 elementor-widget elementor-widget-text-editor\" data-id=\"53f96af0\" data-element_type=\"widget\" data-e-type=\"widget\" data-widget_type=\"text-editor.default\">\n\t\t\t\t\t\t\t\t\t<p>Quartzit mint\u00e1k<\/p>\t\t\t\t\t\t\t\t<\/div>\n\t\t\t\t<\/a>\n\t\t\t\t\t<\/div>\n\t\t\t\t<\/div>\n\t\t\t\t<\/div>\n\t\t","protected":false},"excerpt":{"rendered":"<p>Term\u00e9sk\u0151 Term\u00e9sk\u0151 mint\u00e1k Agglomer\u00e1t Az agglomer\u00e1tum egy kompozit, nem por\u00f3zus, kem\u00e9ny anyag, amely 90%-ban term\u00e9szetes \u00f6sszetev\u0151kb\u0151l \u00e1ll. Alkalmas belt\u00e9ri haszn\u00e1latra, konyhai \u00e9s asztallapok, ablakp\u00e1rk\u00e1nyok, pultok, l\u00e9pcs\u0151k, burkolatok, csemp\u00e9k&#8230; burkol\u00e1s\u00e1ra. Quartzit Quartzit mint\u00e1k<\/p>\n","protected":false},"author":2,"featured_media":0,"parent":0,"menu_order":0,"comment_status":"closed","ping_status":"closed","template":"elementor_header_footer","meta":{"footnotes":""},"class_list":["post-220","page","type-page","status-publish","hentry"],"yoast_head":"<!-- This site is optimized with the Yoast SEO plugin v27.3 - https:\/\/yoast.com\/product\/yoast-seo-wordpress\/ -->\n<title>Sz\u00ednmint\u00e1k - IdealStone<\/title>\n<meta name=\"robots\" content=\"index, follow, max-snippet:-1, max-image-preview:large, max-video-preview:-1\" \/>\n<link rel=\"canonical\" href=\"https:\/\/idealstone.sk\/hu\/szinmintak\/\" \/>\n<meta property=\"og:locale\" content=\"hu_HU\" \/>\n<meta property=\"og:type\" content=\"article\" \/>\n<meta property=\"og:title\" content=\"Sz\u00ednmint\u00e1k - IdealStone\" \/>\n<meta property=\"og:description\" content=\"Term\u00e9sk\u0151 Term\u00e9sk\u0151 mint\u00e1k Agglomer\u00e1t Az agglomer\u00e1tum egy kompozit, nem por\u00f3zus, kem\u00e9ny anyag, amely 90%-ban term\u00e9szetes \u00f6sszetev\u0151kb\u0151l \u00e1ll. Alkalmas belt\u00e9ri haszn\u00e1latra, konyhai \u00e9s asztallapok, ablakp\u00e1rk\u00e1nyok, pultok, l\u00e9pcs\u0151k, burkolatok, csemp\u00e9k&#8230; burkol\u00e1s\u00e1ra. Quartzit Quartzit mint\u00e1k\" \/>\n<meta property=\"og:url\" content=\"https:\/\/idealstone.sk\/hu\/szinmintak\/\" \/>\n<meta property=\"og:site_name\" content=\"IdealStone\" \/>\n<meta property=\"article:modified_time\" content=\"2026-04-07T14:27:12+00:00\" \/>\n<meta property=\"og:image\" content=\"https:\/\/idealstone.sk\/wp-content\/uploads\/2015\/03\/mat1.jpg\" \/>\n\t<meta property=\"og:image:width\" content=\"427\" \/>\n\t<meta property=\"og:image:height\" content=\"230\" \/>\n\t<meta property=\"og:image:type\" content=\"image\/jpeg\" \/>\n<meta name=\"twitter:label1\" content=\"Becs\u00fclt olvas\u00e1si id\u0151\" \/>\n\t<meta name=\"twitter:data1\" content=\"1 perc\" \/>\n<script type=\"application\/ld+json\" class=\"yoast-schema-graph\">{\"@context\":\"https:\\\/\\\/schema.org\",\"@graph\":[{\"@type\":\"WebPage\",\"@id\":\"https:\\\/\\\/idealstone.sk\\\/hu\\\/szinmintak\\\/\",\"url\":\"https:\\\/\\\/idealstone.sk\\\/hu\\\/szinmintak\\\/\",\"name\":\"Sz\u00ednmint\u00e1k - IdealStone\",\"isPartOf\":{\"@id\":\"https:\\\/\\\/idealstone.sk\\\/hu\\\/#website\"},\"primaryImageOfPage\":{\"@id\":\"https:\\\/\\\/idealstone.sk\\\/hu\\\/szinmintak\\\/#primaryimage\"},\"image\":{\"@id\":\"https:\\\/\\\/idealstone.sk\\\/hu\\\/szinmintak\\\/#primaryimage\"},\"thumbnailUrl\":\"https:\\\/\\\/idealstone.sk\\\/wp-content\\\/uploads\\\/2015\\\/03\\\/mat1.jpg\",\"datePublished\":\"2015-03-02T10:35:38+00:00\",\"dateModified\":\"2026-04-07T14:27:12+00:00\",\"breadcrumb\":{\"@id\":\"https:\\\/\\\/idealstone.sk\\\/hu\\\/szinmintak\\\/#breadcrumb\"},\"inLanguage\":\"hu\",\"potentialAction\":[{\"@type\":\"ReadAction\",\"target\":[\"https:\\\/\\\/idealstone.sk\\\/hu\\\/szinmintak\\\/\"]}]},{\"@type\":\"ImageObject\",\"inLanguage\":\"hu\",\"@id\":\"https:\\\/\\\/idealstone.sk\\\/hu\\\/szinmintak\\\/#primaryimage\",\"url\":\"https:\\\/\\\/idealstone.sk\\\/wp-content\\\/uploads\\\/2015\\\/03\\\/mat1.jpg\",\"contentUrl\":\"https:\\\/\\\/idealstone.sk\\\/wp-content\\\/uploads\\\/2015\\\/03\\\/mat1.jpg\"},{\"@type\":\"BreadcrumbList\",\"@id\":\"https:\\\/\\\/idealstone.sk\\\/hu\\\/szinmintak\\\/#breadcrumb\",\"itemListElement\":[{\"@type\":\"ListItem\",\"position\":1,\"name\":\"Kezd\u0151lap\",\"item\":\"https:\\\/\\\/idealstone.sk\\\/hu\\\/\"},{\"@type\":\"ListItem\",\"position\":2,\"name\":\"Sz\u00ednmint\u00e1k\"}]},{\"@type\":\"WebSite\",\"@id\":\"https:\\\/\\\/idealstone.sk\\\/hu\\\/#website\",\"url\":\"https:\\\/\\\/idealstone.sk\\\/hu\\\/\",\"name\":\"IdealStone\",\"description\":\"Kamen\u00e1rstvo \u2013 v\u00fdroba, predaj a mont\u00e1\u017e v\u00fdrobkov z granitu, mramoru a umel\u00e9ho kame\u0148a\",\"publisher\":{\"@id\":\"https:\\\/\\\/idealstone.sk\\\/hu\\\/#organization\"},\"potentialAction\":[{\"@type\":\"SearchAction\",\"target\":{\"@type\":\"EntryPoint\",\"urlTemplate\":\"https:\\\/\\\/idealstone.sk\\\/hu\\\/?s={search_term_string}\"},\"query-input\":{\"@type\":\"PropertyValueSpecification\",\"valueRequired\":true,\"valueName\":\"search_term_string\"}}],\"inLanguage\":\"hu\"},{\"@type\":\"Organization\",\"@id\":\"https:\\\/\\\/idealstone.sk\\\/hu\\\/#organization\",\"name\":\"IdealStone\",\"url\":\"https:\\\/\\\/idealstone.sk\\\/hu\\\/\",\"logo\":{\"@type\":\"ImageObject\",\"inLanguage\":\"hu\",\"@id\":\"https:\\\/\\\/idealstone.sk\\\/hu\\\/#\\\/schema\\\/logo\\\/image\\\/\",\"url\":\"https:\\\/\\\/idealstone.sk\\\/wp-content\\\/uploads\\\/2026\\\/03\\\/Logo-1.png\",\"contentUrl\":\"https:\\\/\\\/idealstone.sk\\\/wp-content\\\/uploads\\\/2026\\\/03\\\/Logo-1.png\",\"width\":1603,\"height\":228,\"caption\":\"IdealStone\"},\"image\":{\"@id\":\"https:\\\/\\\/idealstone.sk\\\/hu\\\/#\\\/schema\\\/logo\\\/image\\\/\"}}]}<\/script>\n<!-- \/ Yoast SEO plugin. -->","yoast_head_json":{"title":"Sz\u00ednmint\u00e1k - IdealStone","robots":{"index":"index","follow":"follow","max-snippet":"max-snippet:-1","max-image-preview":"max-image-preview:large","max-video-preview":"max-video-preview:-1"},"canonical":"https:\/\/idealstone.sk\/hu\/szinmintak\/","og_locale":"hu_HU","og_type":"article","og_title":"Sz\u00ednmint\u00e1k - IdealStone","og_description":"Term\u00e9sk\u0151 Term\u00e9sk\u0151 mint\u00e1k Agglomer\u00e1t Az agglomer\u00e1tum egy kompozit, nem por\u00f3zus, kem\u00e9ny anyag, amely 90%-ban term\u00e9szetes \u00f6sszetev\u0151kb\u0151l \u00e1ll. Alkalmas belt\u00e9ri haszn\u00e1latra, konyhai \u00e9s asztallapok, ablakp\u00e1rk\u00e1nyok, pultok, l\u00e9pcs\u0151k, burkolatok, csemp\u00e9k&#8230; burkol\u00e1s\u00e1ra. Quartzit Quartzit mint\u00e1k","og_url":"https:\/\/idealstone.sk\/hu\/szinmintak\/","og_site_name":"IdealStone","article_modified_time":"2026-04-07T14:27:12+00:00","og_image":[{"width":427,"height":230,"url":"https:\/\/idealstone.sk\/wp-content\/uploads\/2015\/03\/mat1.jpg","type":"image\/jpeg"}],"twitter_misc":{"Becs\u00fclt olvas\u00e1si id\u0151":"1 perc"},"schema":{"@context":"https:\/\/schema.org","@graph":[{"@type":"WebPage","@id":"https:\/\/idealstone.sk\/hu\/szinmintak\/","url":"https:\/\/idealstone.sk\/hu\/szinmintak\/","name":"Sz\u00ednmint\u00e1k - IdealStone","isPartOf":{"@id":"https:\/\/idealstone.sk\/hu\/#website"},"primaryImageOfPage":{"@id":"https:\/\/idealstone.sk\/hu\/szinmintak\/#primaryimage"},"image":{"@id":"https:\/\/idealstone.sk\/hu\/szinmintak\/#primaryimage"},"thumbnailUrl":"https:\/\/idealstone.sk\/wp-content\/uploads\/2015\/03\/mat1.jpg","datePublished":"2015-03-02T10:35:38+00:00","dateModified":"2026-04-07T14:27:12+00:00","breadcrumb":{"@id":"https:\/\/idealstone.sk\/hu\/szinmintak\/#breadcrumb"},"inLanguage":"hu","potentialAction":[{"@type":"ReadAction","target":["https:\/\/idealstone.sk\/hu\/szinmintak\/"]}]},{"@type":"ImageObject","inLanguage":"hu","@id":"https:\/\/idealstone.sk\/hu\/szinmintak\/#primaryimage","url":"https:\/\/idealstone.sk\/wp-content\/uploads\/2015\/03\/mat1.jpg","contentUrl":"https:\/\/idealstone.sk\/wp-content\/uploads\/2015\/03\/mat1.jpg"},{"@type":"BreadcrumbList","@id":"https:\/\/idealstone.sk\/hu\/szinmintak\/#breadcrumb","itemListElement":[{"@type":"ListItem","position":1,"name":"Kezd\u0151lap","item":"https:\/\/idealstone.sk\/hu\/"},{"@type":"ListItem","position":2,"name":"Sz\u00ednmint\u00e1k"}]},{"@type":"WebSite","@id":"https:\/\/idealstone.sk\/hu\/#website","url":"https:\/\/idealstone.sk\/hu\/","name":"IdealStone","description":"Kamen\u00e1rstvo \u2013 v\u00fdroba, predaj a mont\u00e1\u017e v\u00fdrobkov z granitu, mramoru a umel\u00e9ho kame\u0148a","publisher":{"@id":"https:\/\/idealstone.sk\/hu\/#organization"},"potentialAction":[{"@type":"SearchAction","target":{"@type":"EntryPoint","urlTemplate":"https:\/\/idealstone.sk\/hu\/?s={search_term_string}"},"query-input":{"@type":"PropertyValueSpecification","valueRequired":true,"valueName":"search_term_string"}}],"inLanguage":"hu"},{"@type":"Organization","@id":"https:\/\/idealstone.sk\/hu\/#organization","name":"IdealStone","url":"https:\/\/idealstone.sk\/hu\/","logo":{"@type":"ImageObject","inLanguage":"hu","@id":"https:\/\/idealstone.sk\/hu\/#\/schema\/logo\/image\/","url":"https:\/\/idealstone.sk\/wp-content\/uploads\/2026\/03\/Logo-1.png","contentUrl":"https:\/\/idealstone.sk\/wp-content\/uploads\/2026\/03\/Logo-1.png","width":1603,"height":228,"caption":"IdealStone"},"image":{"@id":"https:\/\/idealstone.sk\/hu\/#\/schema\/logo\/image\/"}}]}},"_links":{"self":[{"href":"https:\/\/idealstone.sk\/hu\/wp-json\/wp\/v2\/pages\/220","targetHints":{"allow":["GET"]}}],"collection":[{"href":"https:\/\/idealstone.sk\/hu\/wp-json\/wp\/v2\/pages"}],"about":[{"href":"https:\/\/idealstone.sk\/hu\/wp-json\/wp\/v2\/types\/page"}],"author":[{"embeddable":true,"href":"https:\/\/idealstone.sk\/hu\/wp-json\/wp\/v2\/users\/2"}],"replies":[{"embeddable":true,"href":"https:\/\/idealstone.sk\/hu\/wp-json\/wp\/v2\/comments?post=220"}],"version-history":[{"count":5,"href":"https:\/\/idealstone.sk\/hu\/wp-json\/wp\/v2\/pages\/220\/revisions"}],"predecessor-version":[{"id":5374,"href":"https:\/\/idealstone.sk\/hu\/wp-json\/wp\/v2\/pages\/220\/revisions\/5374"}],"wp:attachment":[{"href":"https:\/\/idealstone.sk\/hu\/wp-json\/wp\/v2\/media?parent=220"}],"curies":[{"name":"wp","href":"https:\/\/api.w.org\/{rel}","templated":true}]}}