{"id":218,"date":"2015-03-03T14:19:30","date_gmt":"2015-03-03T14:19:30","guid":{"rendered":"http:\/\/idealstone.sk\/?page_id=218"},"modified":"2017-07-11T10:32:48","modified_gmt":"2017-07-11T10:32:48","slug":"rolunk","status":"publish","type":"page","link":"https:\/\/idealstone.sk\/hu\/rolunk\/","title":{"rendered":"R\u00f3lunk"},"content":{"rendered":"<p>[vc_row][vc_column width=&#8221;2\/3&#8243;][vc_custom_heading text=&#8221;Ideal STONE&#8221; font_container=&#8221;tag:h2|text_align:left&#8221; google_fonts=&#8221;font_family:Montserrat%3Aregular%2C700|font_style:400%20regular%3A400%3Anormal&#8221;][vc_column_text]<strong>Ideal STONE k\u0151farag\u00f3<\/strong> egy fiatal, dinamikusan fejl\u0151d\u0151 c\u00e9g, amely tev\u00e9kenys\u00e9gi k\u00f6r\u00e9be tartoznak a k\u00e9sz s\u00edrk\u0151 k\u00e9sz\u00edtm\u00e9nyek \u00e9s egy\u00e9b k\u0151farag\u00e1s szolg\u00e1ltat\u00e1sok.<\/p>\n<p>Els\u0151 oszt\u00e1ly\u00fa min\u0151s\u00e9get k\u00e9pvisel\u00fcnk, pontos kivitelez\u00e9st, megb\u00edzhat\u00f3 hozz\u00e1\u00e1ll\u00e1st \u00e9s a legkedvez\u0151bb \u00e1rakat.<\/p>\n<p><strong>A s\u00edrk\u0151<\/strong> a megeml\u00e9kez\u00e9s k\u00e9zzelfoghat\u00f3 jelk\u00e9pe, ez\u00e9rt kiv\u00e1laszt\u00e1s\u00e1ra k\u00fcl\u00f6n\u00f6s gondot ford\u00edtunk. Mindannyian olyan s\u00edreml\u00e9ket szeretn\u00e9nk k\u00e9sz\u00edttetni, amely \u00e9vtizedekig m\u00e9lt\u00f3k\u00e9ppen \u0151rzi szeretteink eml\u00e9k\u00e9t. Seg\u00edt\u00fcnk abban, hogy m\u00e9lt\u00f3 eml\u00e9ket \u00e1ll\u00edthasson elhunyt hozz\u00e1tartoz\u00f3ja sz\u00e1m\u00e1ra.\u00a0 A\u00a0s\u00edrk\u00f6vek k\u00e9sz\u00edt\u00e9s\u00e9t teljes k\u00f6r\u0171 \u00fcgyint\u00e9z\u00e9ssel, kivitelez\u00e9ssel a\u00a0beton talapzatt\u00f3l a\u00a0s\u00edrk\u0151 elhelyez\u00e9s\u00e9ig v\u00e1llaljuk.<\/p>\n<p>Emellett<strong> belt\u00e9ri \u00e9s k\u00fclt\u00e9ri \u00e9p\u00edt\u00e9szettel is foglalkozunk<\/strong>, mint kandall\u00f3k burkol\u00e1sa, konyhai munkalapok, p\u00e1rk\u00e1nyok, j\u00e1r\u00f3lapok.<\/p>\n<p>Annak \u00e9rdek\u00e9ben, hogy \u00fcgyfeleink ig\u00e9nyeit kiel\u00e9g\u00edts\u00fck, minden \u00fcgyf\u00e9lnek egyedi, teljes k\u00f6r\u0171 megold\u00e1st ny\u00fajtunk, hogy legpontosabban megk\u00f6zel\u00edts\u00fck a\u00a0meg\u00e1lmodott \u00f6tlet\u00e9t a temet\u0151i \u00e9p\u00edt\u00e9szetben, valamint \u00e9p\u00fcletek kivitelez\u00e9s\u00e9n\u00e9l. F\u00fcggetlen\u00fcl att\u00f3l, hogy egy kis eleganci\u00e1t szeretne adni az\u00a0otthon\u00e1nak vagy sz\u00e9p\u00edteni a k\u00fclter\u00e9t, seg\u00edt\u00fcnk megval\u00f3s\u00edtani \u00f6tleteit. <em>\u00a0<\/em><\/p>\n<p>A magas sz\u00ednvonal lehet\u0151v\u00e9 teszi, hogy hossz\u00fa t\u00e1v\u00fa garanci\u00e1t ny\u00fajtsunk az \u00e1ltalunk elk\u00e9sz\u00edtet munk\u00e1kra. A k\u00edn\u00e1latunkban csak Szlov\u00e1ki\u00e1ban gy\u00e1rtott \u00e1ru tal\u00e1lhat\u00f3 \u2013 nem dolgozunk k\u00ednai behozatallal.<\/p>\n<p>Ingyenesen \u00e1raj\u00e1nlatot k\u00e9sz\u00edt\u00fcnk \u00d6nnek, melyet \u00f6ssze tud hasonl\u00edtani m\u00e1s \u00e1raj\u00e1nlatokkal.<\/p>\n<p>Munk\u00e1inkat Szlov\u00e1ki\u00e1ban \u00e9s k\u00fclf\u00f6ld\u00f6n is kivitelezz\u00fck.<\/p>\n<p>Tov\u00e1bbi inform\u00e1ci\u00f3k\u00e9rt kattintson a\u00a0<a title=\"Kapcsolat\" href=\"http:\/\/idealstone.sk\/hu\/kapcsolat\/\">Kapcsolatokra<\/a>.<\/p>\n<p>&nbsp;<\/p>\n<p><strong>K\u00f6sz\u00f6nj\u00fck a bizalm\u00e1t.<\/strong><\/p>\n<p>Dole\u017e\u00e1lek\u00a0Zsuzsanna<\/p>\n<p>c\u00e9gtudajdonos[\/vc_column_text][\/vc_column][vc_column width=&#8221;1\/3&#8243;][vc_row_inner][vc_column_inner width=&#8221;1\/1&#8243;][vc_single_image border_color=&#8221;grey&#8221; img_link_target=&#8221;_self&#8221; style=&#8221;vc_box_border_circle&#8221; image=&#8221;496&#8243; alignment=&#8221;center&#8221; img_link_large=&#8221;&#8221; img_size=&#8221;large&#8221;][vc_column_text]<\/p>\n<p style=\"text-align: center;\">Iroda \u00e9s Bemutat\u00f3terem\u00a0&#8211;\u00a0Meder\u010dsk\u00e1 4944, 945 01 Kom\u00e1rno \/\u00daj \u00fczlet\u00fcnk a\u00a0Lidl mellett\/<\/p>\n<p>[\/vc_column_text][\/vc_column_inner][\/vc_row_inner][vc_empty_space height=&#8221;32px&#8221;][ultimate_google_map width=&#8221;100%&#8221; height=&#8221;300px&#8221; map_type=&#8221;SATELLITE&#8221; lat=&#8221;47.76320&#8243; lng=&#8221;18.12877&#8243; zoom=&#8221;16&#8243; scrollwheel=&#8221;&#8221; infowindow_open=&#8221;infowindow_open_value&#8221; marker_icon=&#8221;default&#8221; streetviewcontrol=&#8221;false&#8221; maptypecontrol=&#8221;false&#8221; pancontrol=&#8221;false&#8221; zoomcontrol=&#8221;false&#8221; zoomcontrolsize=&#8221;SMALL&#8221; top_margin=&#8221;page_margin_top&#8221; map_override=&#8221;0&#8243;][\/ultimate_google_map][\/vc_column][\/vc_row]<\/p>\n","protected":false},"excerpt":{"rendered":"<p>[vc_row][vc_column width=&#8221;2\/3&#8243;][vc_custom_heading text=&#8221;Ideal STONE&#8221; font_container=&#8221;tag:h2|text_align:left&#8221; google_fonts=&#8221;font_family:Montserrat%3Aregular%2C700|font_style:400%20regular%3A400%3Anormal&#8221;][vc_column_text]Ideal STONE k\u0151farag\u00f3 egy fiatal, dinamikusan fejl\u0151d\u0151 c\u00e9g, amely tev\u00e9kenys\u00e9gi k\u00f6r\u00e9be tartoznak a k\u00e9sz s\u00edrk\u0151 k\u00e9sz\u00edtm\u00e9nyek \u00e9s egy\u00e9b k\u0151farag\u00e1s szolg\u00e1ltat\u00e1sok. Els\u0151 oszt\u00e1ly\u00fa min\u0151s\u00e9get k\u00e9pvisel\u00fcnk, pontos kivitelez\u00e9st, megb\u00edzhat\u00f3 hozz\u00e1\u00e1ll\u00e1st \u00e9s a legkedvez\u0151bb \u00e1rakat. A s\u00edrk\u0151 a megeml\u00e9kez\u00e9s k\u00e9zzelfoghat\u00f3 jelk\u00e9pe, ez\u00e9rt kiv\u00e1laszt\u00e1s\u00e1ra k\u00fcl\u00f6n\u00f6s gondot ford\u00edtunk. Mindannyian olyan s\u00edreml\u00e9ket szeretn\u00e9nk k\u00e9sz\u00edttetni, amely \u00e9vtizedekig [&hellip;]<\/p>\n","protected":false},"author":2,"featured_media":0,"parent":0,"menu_order":0,"comment_status":"closed","ping_status":"closed","template":"","meta":{"footnotes":""},"class_list":["post-218","page","type-page","status-publish","hentry"],"yoast_head":"<!-- This site is optimized with the Yoast SEO plugin v27.2 - https:\/\/yoast.com\/product\/yoast-seo-wordpress\/ -->\n<title>R\u00f3lunk - IdealStone<\/title>\n<meta name=\"robots\" content=\"index, follow, max-snippet:-1, max-image-preview:large, max-video-preview:-1\" \/>\n<link rel=\"canonical\" href=\"https:\/\/idealstone.sk\/hu\/rolunk\/\" \/>\n<meta property=\"og:locale\" content=\"hu_HU\" \/>\n<meta property=\"og:type\" content=\"article\" \/>\n<meta property=\"og:title\" content=\"R\u00f3lunk - IdealStone\" \/>\n<meta property=\"og:description\" content=\"[vc_row][vc_column width=&#8221;2\/3&#8243;][vc_custom_heading text=&#8221;Ideal STONE&#8221; font_container=&#8221;tag:h2|text_align:left&#8221; google_fonts=&#8221;font_family:Montserrat%3Aregular%2C700|font_style:400%20regular%3A400%3Anormal&#8221;][vc_column_text]Ideal STONE k\u0151farag\u00f3 egy fiatal, dinamikusan fejl\u0151d\u0151 c\u00e9g, amely tev\u00e9kenys\u00e9gi k\u00f6r\u00e9be tartoznak a k\u00e9sz s\u00edrk\u0151 k\u00e9sz\u00edtm\u00e9nyek \u00e9s egy\u00e9b k\u0151farag\u00e1s szolg\u00e1ltat\u00e1sok. Els\u0151 oszt\u00e1ly\u00fa min\u0151s\u00e9get k\u00e9pvisel\u00fcnk, pontos kivitelez\u00e9st, megb\u00edzhat\u00f3 hozz\u00e1\u00e1ll\u00e1st \u00e9s a legkedvez\u0151bb \u00e1rakat. A s\u00edrk\u0151 a megeml\u00e9kez\u00e9s k\u00e9zzelfoghat\u00f3 jelk\u00e9pe, ez\u00e9rt kiv\u00e1laszt\u00e1s\u00e1ra k\u00fcl\u00f6n\u00f6s gondot ford\u00edtunk. Mindannyian olyan s\u00edreml\u00e9ket szeretn\u00e9nk k\u00e9sz\u00edttetni, amely \u00e9vtizedekig [&hellip;]\" \/>\n<meta property=\"og:url\" content=\"https:\/\/idealstone.sk\/hu\/rolunk\/\" \/>\n<meta property=\"og:site_name\" content=\"IdealStone\" \/>\n<meta property=\"article:modified_time\" content=\"2017-07-11T10:32:48+00:00\" \/>\n<meta name=\"twitter:label1\" content=\"Becs\u00fclt olvas\u00e1si id\u0151\" \/>\n\t<meta name=\"twitter:data1\" content=\"2 perc\" \/>\n<script type=\"application\/ld+json\" class=\"yoast-schema-graph\">{\"@context\":\"https:\/\/schema.org\",\"@graph\":[{\"@type\":\"WebPage\",\"@id\":\"https:\/\/idealstone.sk\/hu\/rolunk\/\",\"url\":\"https:\/\/idealstone.sk\/hu\/rolunk\/\",\"name\":\"R\u00f3lunk - IdealStone\",\"isPartOf\":{\"@id\":\"https:\/\/idealstone.sk\/hu\/#website\"},\"datePublished\":\"2015-03-03T14:19:30+00:00\",\"dateModified\":\"2017-07-11T10:32:48+00:00\",\"breadcrumb\":{\"@id\":\"https:\/\/idealstone.sk\/hu\/rolunk\/#breadcrumb\"},\"inLanguage\":\"hu\",\"potentialAction\":[{\"@type\":\"ReadAction\",\"target\":[\"https:\/\/idealstone.sk\/hu\/rolunk\/\"]}]},{\"@type\":\"BreadcrumbList\",\"@id\":\"https:\/\/idealstone.sk\/hu\/rolunk\/#breadcrumb\",\"itemListElement\":[{\"@type\":\"ListItem\",\"position\":1,\"name\":\"Kezd\u0151lap\",\"item\":\"https:\/\/idealstone.sk\/hu\/\"},{\"@type\":\"ListItem\",\"position\":2,\"name\":\"R\u00f3lunk\"}]},{\"@type\":\"WebSite\",\"@id\":\"https:\/\/idealstone.sk\/hu\/#website\",\"url\":\"https:\/\/idealstone.sk\/hu\/\",\"name\":\"IdealStone\",\"description\":\"Kamen\u00e1rstvo \u2013 v\u00fdroba, predaj a mont\u00e1\u017e v\u00fdrobkov z granitu, mramoru a umel\u00e9ho kame\u0148a\",\"publisher\":{\"@id\":\"https:\/\/idealstone.sk\/hu\/#organization\"},\"potentialAction\":[{\"@type\":\"SearchAction\",\"target\":{\"@type\":\"EntryPoint\",\"urlTemplate\":\"https:\/\/idealstone.sk\/hu\/?s={search_term_string}\"},\"query-input\":{\"@type\":\"PropertyValueSpecification\",\"valueRequired\":true,\"valueName\":\"search_term_string\"}}],\"inLanguage\":\"hu\"},{\"@type\":\"Organization\",\"@id\":\"https:\/\/idealstone.sk\/hu\/#organization\",\"name\":\"IdealStone\",\"url\":\"https:\/\/idealstone.sk\/hu\/\",\"logo\":{\"@type\":\"ImageObject\",\"inLanguage\":\"hu\",\"@id\":\"https:\/\/idealstone.sk\/hu\/#\/schema\/logo\/image\/\",\"url\":\"https:\/\/idealstone.sk\/wp-content\/uploads\/2026\/03\/Logo-1.png\",\"contentUrl\":\"https:\/\/idealstone.sk\/wp-content\/uploads\/2026\/03\/Logo-1.png\",\"width\":1603,\"height\":228,\"caption\":\"IdealStone\"},\"image\":{\"@id\":\"https:\/\/idealstone.sk\/hu\/#\/schema\/logo\/image\/\"}}]}<\/script>\n<!-- \/ Yoast SEO plugin. -->","yoast_head_json":{"title":"R\u00f3lunk - IdealStone","robots":{"index":"index","follow":"follow","max-snippet":"max-snippet:-1","max-image-preview":"max-image-preview:large","max-video-preview":"max-video-preview:-1"},"canonical":"https:\/\/idealstone.sk\/hu\/rolunk\/","og_locale":"hu_HU","og_type":"article","og_title":"R\u00f3lunk - IdealStone","og_description":"[vc_row][vc_column width=&#8221;2\/3&#8243;][vc_custom_heading text=&#8221;Ideal STONE&#8221; font_container=&#8221;tag:h2|text_align:left&#8221; google_fonts=&#8221;font_family:Montserrat%3Aregular%2C700|font_style:400%20regular%3A400%3Anormal&#8221;][vc_column_text]Ideal STONE k\u0151farag\u00f3 egy fiatal, dinamikusan fejl\u0151d\u0151 c\u00e9g, amely tev\u00e9kenys\u00e9gi k\u00f6r\u00e9be tartoznak a k\u00e9sz s\u00edrk\u0151 k\u00e9sz\u00edtm\u00e9nyek \u00e9s egy\u00e9b k\u0151farag\u00e1s szolg\u00e1ltat\u00e1sok. Els\u0151 oszt\u00e1ly\u00fa min\u0151s\u00e9get k\u00e9pvisel\u00fcnk, pontos kivitelez\u00e9st, megb\u00edzhat\u00f3 hozz\u00e1\u00e1ll\u00e1st \u00e9s a legkedvez\u0151bb \u00e1rakat. A s\u00edrk\u0151 a megeml\u00e9kez\u00e9s k\u00e9zzelfoghat\u00f3 jelk\u00e9pe, ez\u00e9rt kiv\u00e1laszt\u00e1s\u00e1ra k\u00fcl\u00f6n\u00f6s gondot ford\u00edtunk. Mindannyian olyan s\u00edreml\u00e9ket szeretn\u00e9nk k\u00e9sz\u00edttetni, amely \u00e9vtizedekig [&hellip;]","og_url":"https:\/\/idealstone.sk\/hu\/rolunk\/","og_site_name":"IdealStone","article_modified_time":"2017-07-11T10:32:48+00:00","twitter_misc":{"Becs\u00fclt olvas\u00e1si id\u0151":"2 perc"},"schema":{"@context":"https:\/\/schema.org","@graph":[{"@type":"WebPage","@id":"https:\/\/idealstone.sk\/hu\/rolunk\/","url":"https:\/\/idealstone.sk\/hu\/rolunk\/","name":"R\u00f3lunk - IdealStone","isPartOf":{"@id":"https:\/\/idealstone.sk\/hu\/#website"},"datePublished":"2015-03-03T14:19:30+00:00","dateModified":"2017-07-11T10:32:48+00:00","breadcrumb":{"@id":"https:\/\/idealstone.sk\/hu\/rolunk\/#breadcrumb"},"inLanguage":"hu","potentialAction":[{"@type":"ReadAction","target":["https:\/\/idealstone.sk\/hu\/rolunk\/"]}]},{"@type":"BreadcrumbList","@id":"https:\/\/idealstone.sk\/hu\/rolunk\/#breadcrumb","itemListElement":[{"@type":"ListItem","position":1,"name":"Kezd\u0151lap","item":"https:\/\/idealstone.sk\/hu\/"},{"@type":"ListItem","position":2,"name":"R\u00f3lunk"}]},{"@type":"WebSite","@id":"https:\/\/idealstone.sk\/hu\/#website","url":"https:\/\/idealstone.sk\/hu\/","name":"IdealStone","description":"Kamen\u00e1rstvo \u2013 v\u00fdroba, predaj a mont\u00e1\u017e v\u00fdrobkov z granitu, mramoru a umel\u00e9ho kame\u0148a","publisher":{"@id":"https:\/\/idealstone.sk\/hu\/#organization"},"potentialAction":[{"@type":"SearchAction","target":{"@type":"EntryPoint","urlTemplate":"https:\/\/idealstone.sk\/hu\/?s={search_term_string}"},"query-input":{"@type":"PropertyValueSpecification","valueRequired":true,"valueName":"search_term_string"}}],"inLanguage":"hu"},{"@type":"Organization","@id":"https:\/\/idealstone.sk\/hu\/#organization","name":"IdealStone","url":"https:\/\/idealstone.sk\/hu\/","logo":{"@type":"ImageObject","inLanguage":"hu","@id":"https:\/\/idealstone.sk\/hu\/#\/schema\/logo\/image\/","url":"https:\/\/idealstone.sk\/wp-content\/uploads\/2026\/03\/Logo-1.png","contentUrl":"https:\/\/idealstone.sk\/wp-content\/uploads\/2026\/03\/Logo-1.png","width":1603,"height":228,"caption":"IdealStone"},"image":{"@id":"https:\/\/idealstone.sk\/hu\/#\/schema\/logo\/image\/"}}]}},"_links":{"self":[{"href":"https:\/\/idealstone.sk\/hu\/wp-json\/wp\/v2\/pages\/218","targetHints":{"allow":["GET"]}}],"collection":[{"href":"https:\/\/idealstone.sk\/hu\/wp-json\/wp\/v2\/pages"}],"about":[{"href":"https:\/\/idealstone.sk\/hu\/wp-json\/wp\/v2\/types\/page"}],"author":[{"embeddable":true,"href":"https:\/\/idealstone.sk\/hu\/wp-json\/wp\/v2\/users\/2"}],"replies":[{"embeddable":true,"href":"https:\/\/idealstone.sk\/hu\/wp-json\/wp\/v2\/comments?post=218"}],"version-history":[{"count":0,"href":"https:\/\/idealstone.sk\/hu\/wp-json\/wp\/v2\/pages\/218\/revisions"}],"wp:attachment":[{"href":"https:\/\/idealstone.sk\/hu\/wp-json\/wp\/v2\/media?parent=218"}],"curies":[{"name":"wp","href":"https:\/\/api.w.org\/{rel}","templated":true}]}}