{"id":207,"date":"2015-03-02T11:35:15","date_gmt":"2015-03-02T10:35:15","guid":{"rendered":"http:\/\/idealstone.sk\/?page_id=207"},"modified":"2026-03-23T20:16:52","modified_gmt":"2026-03-23T19:16:52","slug":"epitoipari-munkak","status":"publish","type":"page","link":"https:\/\/idealstone.sk\/hu\/epitoipari-munkak\/","title":{"rendered":"\u00c9p\u00edt\u0151ipari munk\u00e1k"},"content":{"rendered":"\t\t<div data-elementor-type=\"wp-page\" data-elementor-id=\"207\" class=\"elementor elementor-207 elementor-37\" data-elementor-post-type=\"page\">\n\t\t\t\t<div class=\"elementor-element elementor-element-55c933eb e-flex e-con-boxed e-con e-parent\" data-id=\"55c933eb\" data-element_type=\"container\" data-e-type=\"container\" data-settings=\"{&quot;background_background&quot;:&quot;classic&quot;}\">\n\t\t\t\t\t<div class=\"e-con-inner\">\n\t\t\t\t<div class=\"elementor-element elementor-element-9482e12 elementor-widget elementor-widget-text-editor\" data-id=\"9482e12\" data-element_type=\"widget\" data-e-type=\"widget\" data-widget_type=\"text-editor.default\">\n\t\t\t\t\t\t\t\t\t<p>Egy kis eleganci\u00e1t szeretne adni az\u00a0otthon\u00e1nak vagy sz\u00e9p\u00edteni a k\u00fclter\u00e9t? Seg\u00edt\u00fcnk megval\u00f3s\u00edtani \u00f6tleteit.<\/p>\t\t\t\t\t\t\t\t<\/div>\n\t\t\t\t\t<\/div>\n\t\t\t\t<\/div>\n\t\t<div class=\"elementor-element elementor-element-e8b607e e-flex e-con-boxed e-con e-parent\" data-id=\"e8b607e\" data-element_type=\"container\" data-e-type=\"container\">\n\t\t\t\t\t<div class=\"e-con-inner\">\n\t\t<a class=\"elementor-element elementor-element-6fa6535a e-con-full e-flex e-con e-child\" data-id=\"6fa6535a\" data-element_type=\"container\" data-e-type=\"container\" data-settings=\"{&quot;background_background&quot;:&quot;classic&quot;}\" href=\"https:\/\/idealstone.sk\/stavebna-architektura\/interierova-stavebna-architektura\/\">\n\t\t\t\t<div class=\"elementor-element elementor-element-6f80d54c fw-white-remove elementor-widget elementor-widget-image\" data-id=\"6f80d54c\" data-element_type=\"widget\" data-e-type=\"widget\" data-widget_type=\"image.default\">\n\t\t\t\t\t\t\t\t\t\t\t\t\t\t\t<img fetchpriority=\"high\" decoding=\"async\" width=\"427\" height=\"230\" src=\"https:\/\/idealstone.sk\/wp-content\/uploads\/2015\/03\/int1.jpg\" class=\"attachment-large size-large wp-image-3581\" alt=\"\" srcset=\"https:\/\/idealstone.sk\/wp-content\/uploads\/2015\/03\/int1.jpg 427w, https:\/\/idealstone.sk\/wp-content\/uploads\/2015\/03\/int1-300x162.jpg 300w\" sizes=\"(max-width: 427px) 100vw, 427px\" \/>\t\t\t\t\t\t\t\t\t\t\t\t\t\t\t<\/div>\n\t\t\t\t<div class=\"elementor-element elementor-element-1c4dfdd8 elementor-widget elementor-widget-heading\" data-id=\"1c4dfdd8\" data-element_type=\"widget\" data-e-type=\"widget\" data-widget_type=\"heading.default\">\n\t\t\t\t\t<h2 class=\"elementor-heading-title elementor-size-default\">Belt\u00e9ri \u00e9p\u00edt\u00e9szet<\/h2>\t\t\t\t<\/div>\n\t\t\t\t<div class=\"elementor-element elementor-element-49aac4ec elementor-widget-divider--separator-type-pattern elementor-widget-divider--view-line elementor-widget elementor-widget-divider\" data-id=\"49aac4ec\" data-element_type=\"widget\" data-e-type=\"widget\" data-widget_type=\"divider.default\">\n\t\t\t\t\t\t\t<div class=\"elementor-divider\" style=\"--divider-pattern-url: url(&quot;data:image\/svg+xml,%3Csvg xmlns=&#039;http:\/\/www.w3.org\/2000\/svg&#039; preserveAspectRatio=&#039;none&#039; overflow=&#039;visible&#039; height=&#039;100%&#039; viewBox=&#039;0 0 24 24&#039; fill=&#039;none&#039; stroke=&#039;black&#039; stroke-width=&#039;1.6&#039; stroke-linecap=&#039;square&#039; stroke-miterlimit=&#039;10&#039;%3E%3Cpath d=&#039;M0,6c6,0,6,13,12,13S18,6,24,6&#039;\/%3E%3C\/svg%3E&quot;);\">\n\t\t\t<span class=\"elementor-divider-separator\">\n\t\t\t\t\t\t<\/span>\n\t\t<\/div>\n\t\t\t\t\t\t<\/div>\n\t\t\t\t<div class=\"elementor-element elementor-element-324e955 elementor-widget elementor-widget-text-editor\" data-id=\"324e955\" data-element_type=\"widget\" data-e-type=\"widget\" data-widget_type=\"text-editor.default\">\n\t\t\t\t\t\t\t\t\t<p>Kandall\u00f3k,\u00a0munkalapok,\u00a0j\u00e1r\u00f3lapok\u00a0\u2026<\/p>\t\t\t\t\t\t\t\t<\/div>\n\t\t\t\t<\/a>\n\t\t<a class=\"elementor-element elementor-element-ac8efa2 e-con-full e-flex e-con e-child\" data-id=\"ac8efa2\" data-element_type=\"container\" data-e-type=\"container\" data-settings=\"{&quot;background_background&quot;:&quot;classic&quot;}\" href=\"https:\/\/idealstone.sk\/stavebna-architektura\/exterierova-stavebna-architektura\/\">\n\t\t\t\t<div class=\"elementor-element elementor-element-79a17a95 fw-white-remove elementor-widget elementor-widget-image\" data-id=\"79a17a95\" data-element_type=\"widget\" data-e-type=\"widget\" data-widget_type=\"image.default\">\n\t\t\t\t\t\t\t\t\t\t\t\t\t\t\t<img decoding=\"async\" width=\"427\" height=\"230\" src=\"https:\/\/idealstone.sk\/wp-content\/uploads\/2015\/03\/int2.jpg\" class=\"attachment-large size-large wp-image-3582\" alt=\"\" srcset=\"https:\/\/idealstone.sk\/wp-content\/uploads\/2015\/03\/int2.jpg 427w, https:\/\/idealstone.sk\/wp-content\/uploads\/2015\/03\/int2-300x162.jpg 300w\" sizes=\"(max-width: 427px) 100vw, 427px\" \/>\t\t\t\t\t\t\t\t\t\t\t\t\t\t\t<\/div>\n\t\t\t\t<div class=\"elementor-element elementor-element-3212e73e elementor-widget elementor-widget-heading\" data-id=\"3212e73e\" data-element_type=\"widget\" data-e-type=\"widget\" data-widget_type=\"heading.default\">\n\t\t\t\t\t<h2 class=\"elementor-heading-title elementor-size-default\">K\u00fclt\u00e9ri \u00e9p\u00edt\u00e9szet<\/h2>\t\t\t\t<\/div>\n\t\t\t\t<div class=\"elementor-element elementor-element-707bdfc4 elementor-widget-divider--separator-type-pattern elementor-widget-divider--view-line elementor-widget elementor-widget-divider\" data-id=\"707bdfc4\" data-element_type=\"widget\" data-e-type=\"widget\" data-widget_type=\"divider.default\">\n\t\t\t\t\t\t\t<div class=\"elementor-divider\" style=\"--divider-pattern-url: url(&quot;data:image\/svg+xml,%3Csvg xmlns=&#039;http:\/\/www.w3.org\/2000\/svg&#039; preserveAspectRatio=&#039;none&#039; overflow=&#039;visible&#039; height=&#039;100%&#039; viewBox=&#039;0 0 24 24&#039; fill=&#039;none&#039; stroke=&#039;black&#039; stroke-width=&#039;1.6&#039; stroke-linecap=&#039;square&#039; stroke-miterlimit=&#039;10&#039;%3E%3Cpath d=&#039;M0,6c6,0,6,13,12,13S18,6,24,6&#039;\/%3E%3C\/svg%3E&quot;);\">\n\t\t\t<span class=\"elementor-divider-separator\">\n\t\t\t\t\t\t<\/span>\n\t\t<\/div>\n\t\t\t\t\t\t<\/div>\n\t\t\t\t<div class=\"elementor-element elementor-element-389b40a2 elementor-widget elementor-widget-text-editor\" data-id=\"389b40a2\" data-element_type=\"widget\" data-e-type=\"widget\" data-widget_type=\"text-editor.default\">\n\t\t\t\t\t\t\t\t\t<p>Ablakp\u00e1rk\u00e1nyok, j\u00e1r\u00f3lapok, sz\u00f6k\u0151kutak,\u00a0szobrok\u00a0\u2026<\/p>\t\t\t\t\t\t\t\t<\/div>\n\t\t\t\t<\/a>\n\t\t\t\t\t<\/div>\n\t\t\t\t<\/div>\n\t\t\t\t<\/div>\n\t\t","protected":false},"excerpt":{"rendered":"<p>Egy kis eleganci\u00e1t szeretne adni az\u00a0otthon\u00e1nak vagy sz\u00e9p\u00edteni a k\u00fclter\u00e9t? Seg\u00edt\u00fcnk megval\u00f3s\u00edtani \u00f6tleteit. Belt\u00e9ri \u00e9p\u00edt\u00e9szet Kandall\u00f3k,\u00a0munkalapok,\u00a0j\u00e1r\u00f3lapok\u00a0\u2026 K\u00fclt\u00e9ri \u00e9p\u00edt\u00e9szet Ablakp\u00e1rk\u00e1nyok, j\u00e1r\u00f3lapok, sz\u00f6k\u0151kutak,\u00a0szobrok\u00a0\u2026<\/p>\n","protected":false},"author":2,"featured_media":0,"parent":0,"menu_order":0,"comment_status":"closed","ping_status":"closed","template":"elementor_header_footer","meta":{"footnotes":""},"class_list":["post-207","page","type-page","status-publish","hentry"],"yoast_head":"<!-- This site is optimized with the Yoast SEO plugin v27.2 - https:\/\/yoast.com\/product\/yoast-seo-wordpress\/ -->\n<title>\u00c9p\u00edt\u0151ipari munk\u00e1k - IdealStone<\/title>\n<meta name=\"robots\" content=\"index, follow, max-snippet:-1, max-image-preview:large, max-video-preview:-1\" \/>\n<link rel=\"canonical\" href=\"https:\/\/idealstone.sk\/hu\/epitoipari-munkak\/\" \/>\n<meta property=\"og:locale\" content=\"hu_HU\" \/>\n<meta property=\"og:type\" content=\"article\" \/>\n<meta property=\"og:title\" content=\"\u00c9p\u00edt\u0151ipari munk\u00e1k - IdealStone\" \/>\n<meta property=\"og:description\" content=\"Egy kis eleganci\u00e1t szeretne adni az\u00a0otthon\u00e1nak vagy sz\u00e9p\u00edteni a k\u00fclter\u00e9t? Seg\u00edt\u00fcnk megval\u00f3s\u00edtani \u00f6tleteit. Belt\u00e9ri \u00e9p\u00edt\u00e9szet Kandall\u00f3k,\u00a0munkalapok,\u00a0j\u00e1r\u00f3lapok\u00a0\u2026 K\u00fclt\u00e9ri \u00e9p\u00edt\u00e9szet Ablakp\u00e1rk\u00e1nyok, j\u00e1r\u00f3lapok, sz\u00f6k\u0151kutak,\u00a0szobrok\u00a0\u2026\" \/>\n<meta property=\"og:url\" content=\"https:\/\/idealstone.sk\/hu\/epitoipari-munkak\/\" \/>\n<meta property=\"og:site_name\" content=\"IdealStone\" \/>\n<meta property=\"article:modified_time\" content=\"2026-03-23T19:16:52+00:00\" \/>\n<meta property=\"og:image\" content=\"https:\/\/idealstone.sk\/wp-content\/uploads\/2015\/03\/int1.jpg\" \/>\n\t<meta property=\"og:image:width\" content=\"427\" \/>\n\t<meta property=\"og:image:height\" content=\"230\" \/>\n\t<meta property=\"og:image:type\" content=\"image\/jpeg\" \/>\n<meta name=\"twitter:label1\" content=\"Becs\u00fclt olvas\u00e1si id\u0151\" \/>\n\t<meta name=\"twitter:data1\" content=\"1 perc\" \/>\n<script type=\"application\/ld+json\" class=\"yoast-schema-graph\">{\"@context\":\"https:\/\/schema.org\",\"@graph\":[{\"@type\":\"WebPage\",\"@id\":\"https:\/\/idealstone.sk\/hu\/epitoipari-munkak\/\",\"url\":\"https:\/\/idealstone.sk\/hu\/epitoipari-munkak\/\",\"name\":\"\u00c9p\u00edt\u0151ipari munk\u00e1k - IdealStone\",\"isPartOf\":{\"@id\":\"https:\/\/idealstone.sk\/hu\/#website\"},\"primaryImageOfPage\":{\"@id\":\"https:\/\/idealstone.sk\/hu\/epitoipari-munkak\/#primaryimage\"},\"image\":{\"@id\":\"https:\/\/idealstone.sk\/hu\/epitoipari-munkak\/#primaryimage\"},\"thumbnailUrl\":\"https:\/\/idealstone.sk\/wp-content\/uploads\/2015\/03\/int1.jpg\",\"datePublished\":\"2015-03-02T10:35:15+00:00\",\"dateModified\":\"2026-03-23T19:16:52+00:00\",\"breadcrumb\":{\"@id\":\"https:\/\/idealstone.sk\/hu\/epitoipari-munkak\/#breadcrumb\"},\"inLanguage\":\"hu\",\"potentialAction\":[{\"@type\":\"ReadAction\",\"target\":[\"https:\/\/idealstone.sk\/hu\/epitoipari-munkak\/\"]}]},{\"@type\":\"ImageObject\",\"inLanguage\":\"hu\",\"@id\":\"https:\/\/idealstone.sk\/hu\/epitoipari-munkak\/#primaryimage\",\"url\":\"https:\/\/idealstone.sk\/wp-content\/uploads\/2015\/03\/int1.jpg\",\"contentUrl\":\"https:\/\/idealstone.sk\/wp-content\/uploads\/2015\/03\/int1.jpg\"},{\"@type\":\"BreadcrumbList\",\"@id\":\"https:\/\/idealstone.sk\/hu\/epitoipari-munkak\/#breadcrumb\",\"itemListElement\":[{\"@type\":\"ListItem\",\"position\":1,\"name\":\"Kezd\u0151lap\",\"item\":\"https:\/\/idealstone.sk\/hu\/\"},{\"@type\":\"ListItem\",\"position\":2,\"name\":\"\u00c9p\u00edt\u0151ipari munk\u00e1k\"}]},{\"@type\":\"WebSite\",\"@id\":\"https:\/\/idealstone.sk\/hu\/#website\",\"url\":\"https:\/\/idealstone.sk\/hu\/\",\"name\":\"IdealStone\",\"description\":\"Kamen\u00e1rstvo \u2013 v\u00fdroba, predaj a mont\u00e1\u017e v\u00fdrobkov z granitu, mramoru a umel\u00e9ho kame\u0148a\",\"publisher\":{\"@id\":\"https:\/\/idealstone.sk\/hu\/#organization\"},\"potentialAction\":[{\"@type\":\"SearchAction\",\"target\":{\"@type\":\"EntryPoint\",\"urlTemplate\":\"https:\/\/idealstone.sk\/hu\/?s={search_term_string}\"},\"query-input\":{\"@type\":\"PropertyValueSpecification\",\"valueRequired\":true,\"valueName\":\"search_term_string\"}}],\"inLanguage\":\"hu\"},{\"@type\":\"Organization\",\"@id\":\"https:\/\/idealstone.sk\/hu\/#organization\",\"name\":\"IdealStone\",\"url\":\"https:\/\/idealstone.sk\/hu\/\",\"logo\":{\"@type\":\"ImageObject\",\"inLanguage\":\"hu\",\"@id\":\"https:\/\/idealstone.sk\/hu\/#\/schema\/logo\/image\/\",\"url\":\"https:\/\/idealstone.sk\/wp-content\/uploads\/2026\/03\/Logo-1.png\",\"contentUrl\":\"https:\/\/idealstone.sk\/wp-content\/uploads\/2026\/03\/Logo-1.png\",\"width\":1603,\"height\":228,\"caption\":\"IdealStone\"},\"image\":{\"@id\":\"https:\/\/idealstone.sk\/hu\/#\/schema\/logo\/image\/\"}}]}<\/script>\n<!-- \/ Yoast SEO plugin. -->","yoast_head_json":{"title":"\u00c9p\u00edt\u0151ipari munk\u00e1k - IdealStone","robots":{"index":"index","follow":"follow","max-snippet":"max-snippet:-1","max-image-preview":"max-image-preview:large","max-video-preview":"max-video-preview:-1"},"canonical":"https:\/\/idealstone.sk\/hu\/epitoipari-munkak\/","og_locale":"hu_HU","og_type":"article","og_title":"\u00c9p\u00edt\u0151ipari munk\u00e1k - IdealStone","og_description":"Egy kis eleganci\u00e1t szeretne adni az\u00a0otthon\u00e1nak vagy sz\u00e9p\u00edteni a k\u00fclter\u00e9t? Seg\u00edt\u00fcnk megval\u00f3s\u00edtani \u00f6tleteit. Belt\u00e9ri \u00e9p\u00edt\u00e9szet Kandall\u00f3k,\u00a0munkalapok,\u00a0j\u00e1r\u00f3lapok\u00a0\u2026 K\u00fclt\u00e9ri \u00e9p\u00edt\u00e9szet Ablakp\u00e1rk\u00e1nyok, j\u00e1r\u00f3lapok, sz\u00f6k\u0151kutak,\u00a0szobrok\u00a0\u2026","og_url":"https:\/\/idealstone.sk\/hu\/epitoipari-munkak\/","og_site_name":"IdealStone","article_modified_time":"2026-03-23T19:16:52+00:00","og_image":[{"width":427,"height":230,"url":"https:\/\/idealstone.sk\/wp-content\/uploads\/2015\/03\/int1.jpg","type":"image\/jpeg"}],"twitter_misc":{"Becs\u00fclt olvas\u00e1si id\u0151":"1 perc"},"schema":{"@context":"https:\/\/schema.org","@graph":[{"@type":"WebPage","@id":"https:\/\/idealstone.sk\/hu\/epitoipari-munkak\/","url":"https:\/\/idealstone.sk\/hu\/epitoipari-munkak\/","name":"\u00c9p\u00edt\u0151ipari munk\u00e1k - IdealStone","isPartOf":{"@id":"https:\/\/idealstone.sk\/hu\/#website"},"primaryImageOfPage":{"@id":"https:\/\/idealstone.sk\/hu\/epitoipari-munkak\/#primaryimage"},"image":{"@id":"https:\/\/idealstone.sk\/hu\/epitoipari-munkak\/#primaryimage"},"thumbnailUrl":"https:\/\/idealstone.sk\/wp-content\/uploads\/2015\/03\/int1.jpg","datePublished":"2015-03-02T10:35:15+00:00","dateModified":"2026-03-23T19:16:52+00:00","breadcrumb":{"@id":"https:\/\/idealstone.sk\/hu\/epitoipari-munkak\/#breadcrumb"},"inLanguage":"hu","potentialAction":[{"@type":"ReadAction","target":["https:\/\/idealstone.sk\/hu\/epitoipari-munkak\/"]}]},{"@type":"ImageObject","inLanguage":"hu","@id":"https:\/\/idealstone.sk\/hu\/epitoipari-munkak\/#primaryimage","url":"https:\/\/idealstone.sk\/wp-content\/uploads\/2015\/03\/int1.jpg","contentUrl":"https:\/\/idealstone.sk\/wp-content\/uploads\/2015\/03\/int1.jpg"},{"@type":"BreadcrumbList","@id":"https:\/\/idealstone.sk\/hu\/epitoipari-munkak\/#breadcrumb","itemListElement":[{"@type":"ListItem","position":1,"name":"Kezd\u0151lap","item":"https:\/\/idealstone.sk\/hu\/"},{"@type":"ListItem","position":2,"name":"\u00c9p\u00edt\u0151ipari munk\u00e1k"}]},{"@type":"WebSite","@id":"https:\/\/idealstone.sk\/hu\/#website","url":"https:\/\/idealstone.sk\/hu\/","name":"IdealStone","description":"Kamen\u00e1rstvo \u2013 v\u00fdroba, predaj a mont\u00e1\u017e v\u00fdrobkov z granitu, mramoru a umel\u00e9ho kame\u0148a","publisher":{"@id":"https:\/\/idealstone.sk\/hu\/#organization"},"potentialAction":[{"@type":"SearchAction","target":{"@type":"EntryPoint","urlTemplate":"https:\/\/idealstone.sk\/hu\/?s={search_term_string}"},"query-input":{"@type":"PropertyValueSpecification","valueRequired":true,"valueName":"search_term_string"}}],"inLanguage":"hu"},{"@type":"Organization","@id":"https:\/\/idealstone.sk\/hu\/#organization","name":"IdealStone","url":"https:\/\/idealstone.sk\/hu\/","logo":{"@type":"ImageObject","inLanguage":"hu","@id":"https:\/\/idealstone.sk\/hu\/#\/schema\/logo\/image\/","url":"https:\/\/idealstone.sk\/wp-content\/uploads\/2026\/03\/Logo-1.png","contentUrl":"https:\/\/idealstone.sk\/wp-content\/uploads\/2026\/03\/Logo-1.png","width":1603,"height":228,"caption":"IdealStone"},"image":{"@id":"https:\/\/idealstone.sk\/hu\/#\/schema\/logo\/image\/"}}]}},"_links":{"self":[{"href":"https:\/\/idealstone.sk\/hu\/wp-json\/wp\/v2\/pages\/207","targetHints":{"allow":["GET"]}}],"collection":[{"href":"https:\/\/idealstone.sk\/hu\/wp-json\/wp\/v2\/pages"}],"about":[{"href":"https:\/\/idealstone.sk\/hu\/wp-json\/wp\/v2\/types\/page"}],"author":[{"embeddable":true,"href":"https:\/\/idealstone.sk\/hu\/wp-json\/wp\/v2\/users\/2"}],"replies":[{"embeddable":true,"href":"https:\/\/idealstone.sk\/hu\/wp-json\/wp\/v2\/comments?post=207"}],"version-history":[{"count":5,"href":"https:\/\/idealstone.sk\/hu\/wp-json\/wp\/v2\/pages\/207\/revisions"}],"predecessor-version":[{"id":3587,"href":"https:\/\/idealstone.sk\/hu\/wp-json\/wp\/v2\/pages\/207\/revisions\/3587"}],"wp:attachment":[{"href":"https:\/\/idealstone.sk\/hu\/wp-json\/wp\/v2\/media?parent=207"}],"curies":[{"name":"wp","href":"https:\/\/api.w.org\/{rel}","templated":true}]}}