{"id":1603,"date":"2015-03-05T09:43:21","date_gmt":"2015-03-05T08:43:21","guid":{"rendered":"http:\/\/idealstone.sk\/parapety-2\/"},"modified":"2026-03-23T21:20:30","modified_gmt":"2026-03-23T20:20:30","slug":"ablakparkanyok","status":"publish","type":"page","link":"https:\/\/idealstone.sk\/hu\/epitoipari-munkak\/kulteri-epiteszet\/ablakparkanyok\/","title":{"rendered":"Ablakp\u00e1rk\u00e1nyok"},"content":{"rendered":"\t\t<div data-elementor-type=\"wp-page\" data-elementor-id=\"1603\" class=\"elementor elementor-1603 elementor-763\" data-elementor-post-type=\"page\">\n\t\t\t\t<div class=\"elementor-element elementor-element-4674933 e-flex e-con-boxed e-con e-parent\" data-id=\"4674933\" data-element_type=\"container\" data-e-type=\"container\">\n\t\t\t\t\t<div class=\"e-con-inner\">\n\t\t\t\t<div class=\"elementor-element elementor-element-3e0544a uael-img-grid__column-3 uael-img-grid-tablet__column-3 uael-img-grid-mobile__column-2 uael-ins-normal elementor-widget elementor-widget-uael-image-gallery\" data-id=\"3e0544a\" data-element_type=\"widget\" data-e-type=\"widget\" data-settings=\"{&quot;gallery_columns&quot;:&quot;3&quot;,&quot;column_gap&quot;:{&quot;unit&quot;:&quot;px&quot;,&quot;size&quot;:0,&quot;sizes&quot;:[]},&quot;column_gap_laptop&quot;:{&quot;unit&quot;:&quot;px&quot;,&quot;size&quot;:0,&quot;sizes&quot;:[]},&quot;row_gap&quot;:{&quot;unit&quot;:&quot;px&quot;,&quot;size&quot;:0,&quot;sizes&quot;:[]},&quot;gallery_columns_tablet&quot;:&quot;3&quot;,&quot;gallery_columns_mobile&quot;:&quot;2&quot;,&quot;column_gap_tablet&quot;:{&quot;unit&quot;:&quot;px&quot;,&quot;size&quot;:&quot;&quot;,&quot;sizes&quot;:[]},&quot;column_gap_mobile&quot;:{&quot;unit&quot;:&quot;px&quot;,&quot;size&quot;:&quot;&quot;,&quot;sizes&quot;:[]},&quot;row_gap_laptop&quot;:{&quot;unit&quot;:&quot;px&quot;,&quot;size&quot;:&quot;&quot;,&quot;sizes&quot;:[]},&quot;row_gap_tablet&quot;:{&quot;unit&quot;:&quot;px&quot;,&quot;size&quot;:&quot;&quot;,&quot;sizes&quot;:[]},&quot;row_gap_mobile&quot;:{&quot;unit&quot;:&quot;px&quot;,&quot;size&quot;:&quot;&quot;,&quot;sizes&quot;:[]},&quot;images_valign&quot;:&quot;flex-start&quot;}\" data-widget_type=\"uael-image-gallery.default\">\n\t\t\t\t<div class=\"elementor-widget-container\">\n\t\t\t\t\t<div class=\"uael-gallery-parent uael-caption- uael-gallery-unjustified\"><div class=\"uael-img-gallery-wrap uael-img-grid-wrap uael-img-grid-masonry-wrap uael-image-lightbox-wrap\" data-filter-default=\"All\" data-lightbox_actions=\"[&quot;close&quot;]\" data-lightbox-gallery-loop=\"\"><div class=\"uael-grid-item  uael-img-gallery-item-1\"><div class=\"uael-grid-item-content\"><a class=\"uael-grid-img uael-grid-gallery-img uael-ins-hover elementor-clickable\" data-fancybox=\"uael-gallery\" href=\"https:\/\/idealstone.sk\/wp-content\/uploads\/2015\/03\/parapetn\u00e1-doska-zo-\u017euly_2.jpeg\" data-elementor-open-lightbox=\"no\"><div class=\"uael-grid-img-thumbnail uael-ins-target\"><img fetchpriority=\"high\" decoding=\"async\" width=\"330\" height=\"297\" src=\"https:\/\/idealstone.sk\/wp-content\/uploads\/2015\/03\/parapetn\u00e1-doska-zo-\u017euly_2.jpeg\" class=\"attachment-medium_large size-medium_large wp-image-1679\" alt=\"\" srcset=\"https:\/\/idealstone.sk\/wp-content\/uploads\/2015\/03\/parapetn\u00e1-doska-zo-\u017euly_2.jpeg 330w, https:\/\/idealstone.sk\/wp-content\/uploads\/2015\/03\/parapetn\u00e1-doska-zo-\u017euly_2-300x270.jpeg 300w\" sizes=\"(max-width: 330px) 100vw, 330px\" \/><\/div><div class=\"uael-grid-img-overlay\"><\/div><\/a><\/div><\/div><div class=\"uael-grid-item  uael-img-gallery-item-2\"><div class=\"uael-grid-item-content\"><a class=\"uael-grid-img uael-grid-gallery-img uael-ins-hover elementor-clickable\" data-fancybox=\"uael-gallery\" href=\"https:\/\/idealstone.sk\/wp-content\/uploads\/2015\/03\/parapetn\u00e1-doska-zo-\u017euly.jpg\" data-elementor-open-lightbox=\"no\"><div class=\"uael-grid-img-thumbnail uael-ins-target\"><img decoding=\"async\" width=\"640\" height=\"480\" src=\"https:\/\/idealstone.sk\/wp-content\/uploads\/2015\/03\/parapetn\u00e1-doska-zo-\u017euly.jpg\" class=\"attachment-medium_large size-medium_large wp-image-1677\" alt=\"\" srcset=\"https:\/\/idealstone.sk\/wp-content\/uploads\/2015\/03\/parapetn\u00e1-doska-zo-\u017euly.jpg 640w, https:\/\/idealstone.sk\/wp-content\/uploads\/2015\/03\/parapetn\u00e1-doska-zo-\u017euly-300x225.jpg 300w\" sizes=\"auto, (max-width: 640px) 100vw, 640px\" loading=\"lazy\" \/><\/div><div class=\"uael-grid-img-overlay\"><\/div><\/a><\/div><\/div><div class=\"uael-grid-item  uael-img-gallery-item-3\"><div class=\"uael-grid-item-content\"><a class=\"uael-grid-img uael-grid-gallery-img uael-ins-hover elementor-clickable\" data-fancybox=\"uael-gallery\" href=\"https:\/\/idealstone.sk\/wp-content\/uploads\/2015\/03\/parapetn\u00e1-doska-zo-\u017euly_1.jpg\" data-elementor-open-lightbox=\"no\"><div class=\"uael-grid-img-thumbnail uael-ins-target\"><img decoding=\"async\" width=\"660\" height=\"516\" src=\"https:\/\/idealstone.sk\/wp-content\/uploads\/2015\/03\/parapetn\u00e1-doska-zo-\u017euly_1.jpg\" class=\"attachment-medium_large size-medium_large wp-image-1678\" alt=\"\" srcset=\"https:\/\/idealstone.sk\/wp-content\/uploads\/2015\/03\/parapetn\u00e1-doska-zo-\u017euly_1.jpg 660w, https:\/\/idealstone.sk\/wp-content\/uploads\/2015\/03\/parapetn\u00e1-doska-zo-\u017euly_1-300x235.jpg 300w\" sizes=\"auto, (max-width: 660px) 100vw, 660px\" loading=\"lazy\" \/><\/div><div class=\"uael-grid-img-overlay\"><\/div><\/a><\/div><\/div><\/div><\/div>\t\t\t\t<\/div>\n\t\t\t\t<\/div>\n\t\t\t\t\t<\/div>\n\t\t\t\t<\/div>\n\t\t\t\t<\/div>\n\t\t","protected":false},"excerpt":{"rendered":"","protected":false},"author":2,"featured_media":0,"parent":232,"menu_order":0,"comment_status":"closed","ping_status":"closed","template":"","meta":{"footnotes":""},"class_list":["post-1603","page","type-page","status-publish","hentry"],"yoast_head":"<!-- This site is optimized with the Yoast SEO plugin v27.3 - https:\/\/yoast.com\/product\/yoast-seo-wordpress\/ -->\n<title>Ablakp\u00e1rk\u00e1nyok - IdealStone<\/title>\n<meta name=\"robots\" content=\"index, follow, max-snippet:-1, max-image-preview:large, max-video-preview:-1\" \/>\n<link rel=\"canonical\" href=\"https:\/\/idealstone.sk\/hu\/epitoipari-munkak\/kulteri-epiteszet\/ablakparkanyok\/\" \/>\n<meta property=\"og:locale\" content=\"hu_HU\" \/>\n<meta property=\"og:type\" content=\"article\" \/>\n<meta property=\"og:title\" content=\"Ablakp\u00e1rk\u00e1nyok - IdealStone\" \/>\n<meta property=\"og:url\" content=\"https:\/\/idealstone.sk\/hu\/epitoipari-munkak\/kulteri-epiteszet\/ablakparkanyok\/\" \/>\n<meta property=\"og:site_name\" content=\"IdealStone\" \/>\n<meta property=\"article:modified_time\" content=\"2026-03-23T20:20:30+00:00\" \/>\n<script type=\"application\/ld+json\" class=\"yoast-schema-graph\">{\"@context\":\"https:\\\/\\\/schema.org\",\"@graph\":[{\"@type\":\"WebPage\",\"@id\":\"https:\\\/\\\/idealstone.sk\\\/hu\\\/epitoipari-munkak\\\/kulteri-epiteszet\\\/ablakparkanyok\\\/\",\"url\":\"https:\\\/\\\/idealstone.sk\\\/hu\\\/epitoipari-munkak\\\/kulteri-epiteszet\\\/ablakparkanyok\\\/\",\"name\":\"Ablakp\u00e1rk\u00e1nyok - IdealStone\",\"isPartOf\":{\"@id\":\"https:\\\/\\\/idealstone.sk\\\/hu\\\/#website\"},\"datePublished\":\"2015-03-05T08:43:21+00:00\",\"dateModified\":\"2026-03-23T20:20:30+00:00\",\"breadcrumb\":{\"@id\":\"https:\\\/\\\/idealstone.sk\\\/hu\\\/epitoipari-munkak\\\/kulteri-epiteszet\\\/ablakparkanyok\\\/#breadcrumb\"},\"inLanguage\":\"hu\",\"potentialAction\":[{\"@type\":\"ReadAction\",\"target\":[\"https:\\\/\\\/idealstone.sk\\\/hu\\\/epitoipari-munkak\\\/kulteri-epiteszet\\\/ablakparkanyok\\\/\"]}]},{\"@type\":\"BreadcrumbList\",\"@id\":\"https:\\\/\\\/idealstone.sk\\\/hu\\\/epitoipari-munkak\\\/kulteri-epiteszet\\\/ablakparkanyok\\\/#breadcrumb\",\"itemListElement\":[{\"@type\":\"ListItem\",\"position\":1,\"name\":\"Kezd\u0151lap\",\"item\":\"https:\\\/\\\/idealstone.sk\\\/hu\\\/\"},{\"@type\":\"ListItem\",\"position\":2,\"name\":\"\u00c9p\u00edt\u0151ipari munk\u00e1k\",\"item\":\"https:\\\/\\\/idealstone.sk\\\/hu\\\/epitoipari-munkak\\\/\"},{\"@type\":\"ListItem\",\"position\":3,\"name\":\"K\u00fclt\u00e9ri \u00e9p\u00edt\u00e9szet\",\"item\":\"https:\\\/\\\/idealstone.sk\\\/hu\\\/epitoipari-munkak\\\/kulteri-epiteszet\\\/\"},{\"@type\":\"ListItem\",\"position\":4,\"name\":\"Ablakp\u00e1rk\u00e1nyok\"}]},{\"@type\":\"WebSite\",\"@id\":\"https:\\\/\\\/idealstone.sk\\\/hu\\\/#website\",\"url\":\"https:\\\/\\\/idealstone.sk\\\/hu\\\/\",\"name\":\"IdealStone\",\"description\":\"Kamen\u00e1rstvo \u2013 v\u00fdroba, predaj a mont\u00e1\u017e v\u00fdrobkov z granitu, mramoru a umel\u00e9ho kame\u0148a\",\"publisher\":{\"@id\":\"https:\\\/\\\/idealstone.sk\\\/hu\\\/#organization\"},\"potentialAction\":[{\"@type\":\"SearchAction\",\"target\":{\"@type\":\"EntryPoint\",\"urlTemplate\":\"https:\\\/\\\/idealstone.sk\\\/hu\\\/?s={search_term_string}\"},\"query-input\":{\"@type\":\"PropertyValueSpecification\",\"valueRequired\":true,\"valueName\":\"search_term_string\"}}],\"inLanguage\":\"hu\"},{\"@type\":\"Organization\",\"@id\":\"https:\\\/\\\/idealstone.sk\\\/hu\\\/#organization\",\"name\":\"IdealStone\",\"url\":\"https:\\\/\\\/idealstone.sk\\\/hu\\\/\",\"logo\":{\"@type\":\"ImageObject\",\"inLanguage\":\"hu\",\"@id\":\"https:\\\/\\\/idealstone.sk\\\/hu\\\/#\\\/schema\\\/logo\\\/image\\\/\",\"url\":\"https:\\\/\\\/idealstone.sk\\\/wp-content\\\/uploads\\\/2026\\\/03\\\/Logo-1.png\",\"contentUrl\":\"https:\\\/\\\/idealstone.sk\\\/wp-content\\\/uploads\\\/2026\\\/03\\\/Logo-1.png\",\"width\":1603,\"height\":228,\"caption\":\"IdealStone\"},\"image\":{\"@id\":\"https:\\\/\\\/idealstone.sk\\\/hu\\\/#\\\/schema\\\/logo\\\/image\\\/\"}}]}<\/script>\n<!-- \/ Yoast SEO plugin. -->","yoast_head_json":{"title":"Ablakp\u00e1rk\u00e1nyok - IdealStone","robots":{"index":"index","follow":"follow","max-snippet":"max-snippet:-1","max-image-preview":"max-image-preview:large","max-video-preview":"max-video-preview:-1"},"canonical":"https:\/\/idealstone.sk\/hu\/epitoipari-munkak\/kulteri-epiteszet\/ablakparkanyok\/","og_locale":"hu_HU","og_type":"article","og_title":"Ablakp\u00e1rk\u00e1nyok - IdealStone","og_url":"https:\/\/idealstone.sk\/hu\/epitoipari-munkak\/kulteri-epiteszet\/ablakparkanyok\/","og_site_name":"IdealStone","article_modified_time":"2026-03-23T20:20:30+00:00","schema":{"@context":"https:\/\/schema.org","@graph":[{"@type":"WebPage","@id":"https:\/\/idealstone.sk\/hu\/epitoipari-munkak\/kulteri-epiteszet\/ablakparkanyok\/","url":"https:\/\/idealstone.sk\/hu\/epitoipari-munkak\/kulteri-epiteszet\/ablakparkanyok\/","name":"Ablakp\u00e1rk\u00e1nyok - IdealStone","isPartOf":{"@id":"https:\/\/idealstone.sk\/hu\/#website"},"datePublished":"2015-03-05T08:43:21+00:00","dateModified":"2026-03-23T20:20:30+00:00","breadcrumb":{"@id":"https:\/\/idealstone.sk\/hu\/epitoipari-munkak\/kulteri-epiteszet\/ablakparkanyok\/#breadcrumb"},"inLanguage":"hu","potentialAction":[{"@type":"ReadAction","target":["https:\/\/idealstone.sk\/hu\/epitoipari-munkak\/kulteri-epiteszet\/ablakparkanyok\/"]}]},{"@type":"BreadcrumbList","@id":"https:\/\/idealstone.sk\/hu\/epitoipari-munkak\/kulteri-epiteszet\/ablakparkanyok\/#breadcrumb","itemListElement":[{"@type":"ListItem","position":1,"name":"Kezd\u0151lap","item":"https:\/\/idealstone.sk\/hu\/"},{"@type":"ListItem","position":2,"name":"\u00c9p\u00edt\u0151ipari munk\u00e1k","item":"https:\/\/idealstone.sk\/hu\/epitoipari-munkak\/"},{"@type":"ListItem","position":3,"name":"K\u00fclt\u00e9ri \u00e9p\u00edt\u00e9szet","item":"https:\/\/idealstone.sk\/hu\/epitoipari-munkak\/kulteri-epiteszet\/"},{"@type":"ListItem","position":4,"name":"Ablakp\u00e1rk\u00e1nyok"}]},{"@type":"WebSite","@id":"https:\/\/idealstone.sk\/hu\/#website","url":"https:\/\/idealstone.sk\/hu\/","name":"IdealStone","description":"Kamen\u00e1rstvo \u2013 v\u00fdroba, predaj a mont\u00e1\u017e v\u00fdrobkov z granitu, mramoru a umel\u00e9ho kame\u0148a","publisher":{"@id":"https:\/\/idealstone.sk\/hu\/#organization"},"potentialAction":[{"@type":"SearchAction","target":{"@type":"EntryPoint","urlTemplate":"https:\/\/idealstone.sk\/hu\/?s={search_term_string}"},"query-input":{"@type":"PropertyValueSpecification","valueRequired":true,"valueName":"search_term_string"}}],"inLanguage":"hu"},{"@type":"Organization","@id":"https:\/\/idealstone.sk\/hu\/#organization","name":"IdealStone","url":"https:\/\/idealstone.sk\/hu\/","logo":{"@type":"ImageObject","inLanguage":"hu","@id":"https:\/\/idealstone.sk\/hu\/#\/schema\/logo\/image\/","url":"https:\/\/idealstone.sk\/wp-content\/uploads\/2026\/03\/Logo-1.png","contentUrl":"https:\/\/idealstone.sk\/wp-content\/uploads\/2026\/03\/Logo-1.png","width":1603,"height":228,"caption":"IdealStone"},"image":{"@id":"https:\/\/idealstone.sk\/hu\/#\/schema\/logo\/image\/"}}]}},"_links":{"self":[{"href":"https:\/\/idealstone.sk\/hu\/wp-json\/wp\/v2\/pages\/1603","targetHints":{"allow":["GET"]}}],"collection":[{"href":"https:\/\/idealstone.sk\/hu\/wp-json\/wp\/v2\/pages"}],"about":[{"href":"https:\/\/idealstone.sk\/hu\/wp-json\/wp\/v2\/types\/page"}],"author":[{"embeddable":true,"href":"https:\/\/idealstone.sk\/hu\/wp-json\/wp\/v2\/users\/2"}],"replies":[{"embeddable":true,"href":"https:\/\/idealstone.sk\/hu\/wp-json\/wp\/v2\/comments?post=1603"}],"version-history":[{"count":5,"href":"https:\/\/idealstone.sk\/hu\/wp-json\/wp\/v2\/pages\/1603\/revisions"}],"predecessor-version":[{"id":3645,"href":"https:\/\/idealstone.sk\/hu\/wp-json\/wp\/v2\/pages\/1603\/revisions\/3645"}],"up":[{"embeddable":true,"href":"https:\/\/idealstone.sk\/hu\/wp-json\/wp\/v2\/pages\/232"}],"wp:attachment":[{"href":"https:\/\/idealstone.sk\/hu\/wp-json\/wp\/v2\/media?parent=1603"}],"curies":[{"name":"wp","href":"https:\/\/api.w.org\/{rel}","templated":true}]}}