{"id":1568,"date":"2015-03-05T09:45:48","date_gmt":"2015-03-05T08:45:48","guid":{"rendered":"http:\/\/idealstone.sk\/?page_id=1568"},"modified":"2026-03-28T00:13:50","modified_gmt":"2026-03-27T23:13:50","slug":"medence-jarolapok","status":"publish","type":"page","link":"https:\/\/idealstone.sk\/hu\/epitoipari-munkak\/kulteri-epiteszet\/medence-jarolapok\/","title":{"rendered":"Medence j\u00e1r\u00f3lapok"},"content":{"rendered":"\t\t<div data-elementor-type=\"wp-page\" data-elementor-id=\"1568\" class=\"elementor elementor-1568 elementor-773\" data-elementor-post-type=\"page\">\n\t\t\t\t<div class=\"elementor-element elementor-element-7b7d700 e-flex e-con-boxed e-con e-parent\" data-id=\"7b7d700\" data-element_type=\"container\" data-e-type=\"container\">\n\t\t\t\t\t<div class=\"e-con-inner\">\n\t\t\t\t<div class=\"elementor-element elementor-element-36cedc2 uael-img-grid__column-4 uael-img-grid-tablet__column-3 uael-img-grid-mobile__column-2 uael-ins-normal elementor-widget elementor-widget-uael-image-gallery\" data-id=\"36cedc2\" data-element_type=\"widget\" data-e-type=\"widget\" data-settings=\"{&quot;column_gap&quot;:{&quot;unit&quot;:&quot;px&quot;,&quot;size&quot;:0,&quot;sizes&quot;:[]},&quot;column_gap_laptop&quot;:{&quot;unit&quot;:&quot;px&quot;,&quot;size&quot;:0,&quot;sizes&quot;:[]},&quot;row_gap&quot;:{&quot;unit&quot;:&quot;px&quot;,&quot;size&quot;:0,&quot;sizes&quot;:[]},&quot;gallery_columns&quot;:&quot;4&quot;,&quot;gallery_columns_tablet&quot;:&quot;3&quot;,&quot;gallery_columns_mobile&quot;:&quot;2&quot;,&quot;column_gap_tablet&quot;:{&quot;unit&quot;:&quot;px&quot;,&quot;size&quot;:&quot;&quot;,&quot;sizes&quot;:[]},&quot;column_gap_mobile&quot;:{&quot;unit&quot;:&quot;px&quot;,&quot;size&quot;:&quot;&quot;,&quot;sizes&quot;:[]},&quot;row_gap_laptop&quot;:{&quot;unit&quot;:&quot;px&quot;,&quot;size&quot;:&quot;&quot;,&quot;sizes&quot;:[]},&quot;row_gap_tablet&quot;:{&quot;unit&quot;:&quot;px&quot;,&quot;size&quot;:&quot;&quot;,&quot;sizes&quot;:[]},&quot;row_gap_mobile&quot;:{&quot;unit&quot;:&quot;px&quot;,&quot;size&quot;:&quot;&quot;,&quot;sizes&quot;:[]}}\" data-widget_type=\"uael-image-gallery.default\">\n\t\t\t\t<div class=\"elementor-widget-container\">\n\t\t\t\t\t<div class=\"uael-gallery-parent uael-caption- uael-gallery-unjustified\"><div class=\"uael-img-gallery-wrap uael-img-masonry-wrap uael-img-grid-masonry-wrap uael-masonry uael-image-lightbox-wrap\" data-filter-default=\"All\" data-lightbox_actions=\"[&quot;close&quot;]\" data-lightbox-gallery-loop=\"\"><div class=\"uael-grid-item  uael-img-gallery-item-1\"><div class=\"uael-grid-item-content\"><a class=\"uael-grid-img uael-grid-gallery-img uael-ins-hover elementor-clickable\" data-fancybox=\"uael-gallery\" href=\"https:\/\/idealstone.sk\/wp-content\/uploads\/2026\/03\/obklad-1.jpg\" data-elementor-open-lightbox=\"no\"><div class=\"uael-grid-img-thumbnail uael-ins-target\"><img fetchpriority=\"high\" decoding=\"async\" width=\"768\" height=\"768\" src=\"https:\/\/idealstone.sk\/wp-content\/uploads\/2026\/03\/obklad-1-768x768.jpg\" class=\"attachment-medium_large size-medium_large wp-image-5330\" alt=\"\" srcset=\"https:\/\/idealstone.sk\/wp-content\/uploads\/2026\/03\/obklad-1-768x768.jpg 768w, https:\/\/idealstone.sk\/wp-content\/uploads\/2026\/03\/obklad-1-300x300.jpg 300w, https:\/\/idealstone.sk\/wp-content\/uploads\/2026\/03\/obklad-1-1024x1024.jpg 1024w, https:\/\/idealstone.sk\/wp-content\/uploads\/2026\/03\/obklad-1-150x150.jpg 150w, https:\/\/idealstone.sk\/wp-content\/uploads\/2026\/03\/obklad-1.jpg 1417w\" sizes=\"(max-width: 768px) 100vw, 768px\" \/><\/div><div class=\"uael-grid-img-overlay\"><\/div><\/a><\/div><\/div><div class=\"uael-grid-item  uael-img-gallery-item-2\"><div class=\"uael-grid-item-content\"><a class=\"uael-grid-img uael-grid-gallery-img uael-ins-hover elementor-clickable\" data-fancybox=\"uael-gallery\" href=\"https:\/\/idealstone.sk\/wp-content\/uploads\/2026\/03\/obklad-1a.jpg\" data-elementor-open-lightbox=\"no\"><div class=\"uael-grid-img-thumbnail uael-ins-target\"><img decoding=\"async\" width=\"768\" height=\"945\" src=\"https:\/\/idealstone.sk\/wp-content\/uploads\/2026\/03\/obklad-1a-768x945.jpg\" class=\"attachment-medium_large size-medium_large wp-image-5332\" alt=\"\" srcset=\"https:\/\/idealstone.sk\/wp-content\/uploads\/2026\/03\/obklad-1a-768x945.jpg 768w, https:\/\/idealstone.sk\/wp-content\/uploads\/2026\/03\/obklad-1a-244x300.jpg 244w, https:\/\/idealstone.sk\/wp-content\/uploads\/2026\/03\/obklad-1a-832x1024.jpg 832w, https:\/\/idealstone.sk\/wp-content\/uploads\/2026\/03\/obklad-1a-1248x1536.jpg 1248w, https:\/\/idealstone.sk\/wp-content\/uploads\/2026\/03\/obklad-1a.jpg 1219w\" sizes=\"auto, (max-width: 768px) 100vw, 768px\" loading=\"lazy\" \/><\/div><div class=\"uael-grid-img-overlay\"><\/div><\/a><\/div><\/div><div class=\"uael-grid-item  uael-img-gallery-item-3\"><div class=\"uael-grid-item-content\"><a class=\"uael-grid-img uael-grid-gallery-img uael-ins-hover elementor-clickable\" data-fancybox=\"uael-gallery\" href=\"https:\/\/idealstone.sk\/wp-content\/uploads\/2026\/03\/obklad-2.avif\" data-elementor-open-lightbox=\"no\"><div class=\"uael-grid-img-thumbnail uael-ins-target\"><img decoding=\"async\" width=\"640\" height=\"396\" src=\"https:\/\/idealstone.sk\/wp-content\/uploads\/2026\/03\/obklad-2.avif\" class=\"attachment-medium_large size-medium_large wp-image-5334\" alt=\"\" srcset=\"https:\/\/idealstone.sk\/wp-content\/uploads\/2026\/03\/obklad-2.avif 640w, https:\/\/idealstone.sk\/wp-content\/uploads\/2026\/03\/obklad-2-300x186.avif 300w\" sizes=\"(max-width: 640px) 100vw, 640px\" \/><\/div><div class=\"uael-grid-img-overlay\"><\/div><\/a><\/div><\/div><div class=\"uael-grid-item  uael-img-gallery-item-4\"><div class=\"uael-grid-item-content\"><a class=\"uael-grid-img uael-grid-gallery-img uael-ins-hover elementor-clickable\" data-fancybox=\"uael-gallery\" href=\"https:\/\/idealstone.sk\/wp-content\/uploads\/2026\/03\/obklad-3.jpg\" data-elementor-open-lightbox=\"no\"><div class=\"uael-grid-img-thumbnail uael-ins-target\"><img loading=\"lazy\" decoding=\"async\" width=\"600\" height=\"600\" src=\"https:\/\/idealstone.sk\/wp-content\/uploads\/2026\/03\/obklad-3.jpg\" class=\"attachment-medium_large size-medium_large wp-image-5336\" alt=\"\" srcset=\"https:\/\/idealstone.sk\/wp-content\/uploads\/2026\/03\/obklad-3.jpg 600w, https:\/\/idealstone.sk\/wp-content\/uploads\/2026\/03\/obklad-3-300x300.jpg 300w, https:\/\/idealstone.sk\/wp-content\/uploads\/2026\/03\/obklad-3-150x150.jpg 150w\" sizes=\"auto, (max-width: 600px) 100vw, 600px\" \/><\/div><div class=\"uael-grid-img-overlay\"><\/div><\/a><\/div><\/div><div class=\"uael-grid-item  uael-img-gallery-item-5\"><div class=\"uael-grid-item-content\"><a class=\"uael-grid-img uael-grid-gallery-img uael-ins-hover elementor-clickable\" data-fancybox=\"uael-gallery\" href=\"https:\/\/idealstone.sk\/wp-content\/uploads\/2026\/03\/obklad-4.jpg\" data-elementor-open-lightbox=\"no\"><div class=\"uael-grid-img-thumbnail uael-ins-target\"><img loading=\"lazy\" decoding=\"async\" width=\"600\" height=\"500\" src=\"https:\/\/idealstone.sk\/wp-content\/uploads\/2026\/03\/obklad-4.jpg\" class=\"attachment-medium_large size-medium_large wp-image-5338\" alt=\"\" srcset=\"https:\/\/idealstone.sk\/wp-content\/uploads\/2026\/03\/obklad-4.jpg 600w, https:\/\/idealstone.sk\/wp-content\/uploads\/2026\/03\/obklad-4-300x250.jpg 300w\" sizes=\"auto, (max-width: 600px) 100vw, 600px\" \/><\/div><div class=\"uael-grid-img-overlay\"><\/div><\/a><\/div><\/div><div class=\"uael-grid-item  uael-img-gallery-item-6\"><div class=\"uael-grid-item-content\"><a class=\"uael-grid-img uael-grid-gallery-img uael-ins-hover elementor-clickable\" data-fancybox=\"uael-gallery\" href=\"https:\/\/idealstone.sk\/wp-content\/uploads\/2026\/03\/obklad-5.jpg\" data-elementor-open-lightbox=\"no\"><div class=\"uael-grid-img-thumbnail uael-ins-target\"><img loading=\"lazy\" decoding=\"async\" width=\"768\" height=\"512\" src=\"https:\/\/idealstone.sk\/wp-content\/uploads\/2026\/03\/obklad-5-768x512.jpg\" class=\"attachment-medium_large size-medium_large wp-image-5340\" alt=\"\" srcset=\"https:\/\/idealstone.sk\/wp-content\/uploads\/2026\/03\/obklad-5-768x512.jpg 768w, https:\/\/idealstone.sk\/wp-content\/uploads\/2026\/03\/obklad-5-300x200.jpg 300w, https:\/\/idealstone.sk\/wp-content\/uploads\/2026\/03\/obklad-5-1024x683.jpg 1024w, https:\/\/idealstone.sk\/wp-content\/uploads\/2026\/03\/obklad-5-1536x1024.jpg 1536w, https:\/\/idealstone.sk\/wp-content\/uploads\/2026\/03\/obklad-5.jpg 1680w\" sizes=\"auto, (max-width: 768px) 100vw, 768px\" \/><\/div><div class=\"uael-grid-img-overlay\"><\/div><\/a><\/div><\/div><div class=\"uael-grid-item  uael-img-gallery-item-7\"><div class=\"uael-grid-item-content\"><a class=\"uael-grid-img uael-grid-gallery-img uael-ins-hover elementor-clickable\" data-fancybox=\"uael-gallery\" href=\"https:\/\/idealstone.sk\/wp-content\/uploads\/2026\/03\/obklad-6.jpg\" data-elementor-open-lightbox=\"no\"><div class=\"uael-grid-img-thumbnail uael-ins-target\"><img loading=\"lazy\" decoding=\"async\" width=\"768\" height=\"512\" src=\"https:\/\/idealstone.sk\/wp-content\/uploads\/2026\/03\/obklad-6-768x512.jpg\" class=\"attachment-medium_large size-medium_large wp-image-5342\" alt=\"\" srcset=\"https:\/\/idealstone.sk\/wp-content\/uploads\/2026\/03\/obklad-6-768x512.jpg 768w, https:\/\/idealstone.sk\/wp-content\/uploads\/2026\/03\/obklad-6-300x200.jpg 300w, https:\/\/idealstone.sk\/wp-content\/uploads\/2026\/03\/obklad-6-1024x683.jpg 1024w, https:\/\/idealstone.sk\/wp-content\/uploads\/2026\/03\/obklad-6-1536x1024.jpg 1536w, https:\/\/idealstone.sk\/wp-content\/uploads\/2026\/03\/obklad-6.jpg 1680w\" sizes=\"auto, (max-width: 768px) 100vw, 768px\" \/><\/div><div class=\"uael-grid-img-overlay\"><\/div><\/a><\/div><\/div><div class=\"uael-grid-item  uael-img-gallery-item-8\"><div class=\"uael-grid-item-content\"><a class=\"uael-grid-img uael-grid-gallery-img uael-ins-hover elementor-clickable\" data-fancybox=\"uael-gallery\" href=\"https:\/\/idealstone.sk\/wp-content\/uploads\/2026\/03\/Sinai-Pearl-obklad-1.jpg\" data-elementor-open-lightbox=\"no\"><div class=\"uael-grid-img-thumbnail uael-ins-target\"><img loading=\"lazy\" decoding=\"async\" width=\"768\" height=\"768\" src=\"https:\/\/idealstone.sk\/wp-content\/uploads\/2026\/03\/Sinai-Pearl-obklad-1-768x768.jpg\" class=\"attachment-medium_large size-medium_large wp-image-5344\" alt=\"\" srcset=\"https:\/\/idealstone.sk\/wp-content\/uploads\/2026\/03\/Sinai-Pearl-obklad-1-768x768.jpg 768w, https:\/\/idealstone.sk\/wp-content\/uploads\/2026\/03\/Sinai-Pearl-obklad-1-300x300.jpg 300w, https:\/\/idealstone.sk\/wp-content\/uploads\/2026\/03\/Sinai-Pearl-obklad-1-150x150.jpg 150w, https:\/\/idealstone.sk\/wp-content\/uploads\/2026\/03\/Sinai-Pearl-obklad-1.jpg 1000w\" sizes=\"auto, (max-width: 768px) 100vw, 768px\" \/><\/div><div class=\"uael-grid-img-overlay\"><\/div><\/a><\/div><\/div><div class=\"uael-grid-item  uael-img-gallery-item-9\"><div class=\"uael-grid-item-content\"><a class=\"uael-grid-img uael-grid-gallery-img uael-ins-hover elementor-clickable\" data-fancybox=\"uael-gallery\" href=\"https:\/\/idealstone.sk\/wp-content\/uploads\/2026\/03\/Sinai-Pearl-obklad-2.jpg\" data-elementor-open-lightbox=\"no\"><div class=\"uael-grid-img-thumbnail uael-ins-target\"><img loading=\"lazy\" decoding=\"async\" width=\"768\" height=\"768\" src=\"https:\/\/idealstone.sk\/wp-content\/uploads\/2026\/03\/Sinai-Pearl-obklad-2-768x768.jpg\" class=\"attachment-medium_large size-medium_large wp-image-5346\" alt=\"\" srcset=\"https:\/\/idealstone.sk\/wp-content\/uploads\/2026\/03\/Sinai-Pearl-obklad-2-768x768.jpg 768w, https:\/\/idealstone.sk\/wp-content\/uploads\/2026\/03\/Sinai-Pearl-obklad-2-300x300.jpg 300w, https:\/\/idealstone.sk\/wp-content\/uploads\/2026\/03\/Sinai-Pearl-obklad-2-150x150.jpg 150w, https:\/\/idealstone.sk\/wp-content\/uploads\/2026\/03\/Sinai-Pearl-obklad-2.jpg 905w\" sizes=\"auto, (max-width: 768px) 100vw, 768px\" \/><\/div><div class=\"uael-grid-img-overlay\"><\/div><\/a><\/div><\/div><div class=\"uael-grid-item  uael-img-gallery-item-10\"><div class=\"uael-grid-item-content\"><a class=\"uael-grid-img uael-grid-gallery-img uael-ins-hover elementor-clickable\" data-fancybox=\"uael-gallery\" href=\"https:\/\/idealstone.sk\/wp-content\/uploads\/2026\/03\/Sinai-Pearl-obklad.jpg\" data-elementor-open-lightbox=\"no\"><div class=\"uael-grid-img-thumbnail uael-ins-target\"><img loading=\"lazy\" decoding=\"async\" width=\"768\" height=\"768\" src=\"https:\/\/idealstone.sk\/wp-content\/uploads\/2026\/03\/Sinai-Pearl-obklad-768x768.jpg\" class=\"attachment-medium_large size-medium_large wp-image-5348\" alt=\"\" srcset=\"https:\/\/idealstone.sk\/wp-content\/uploads\/2026\/03\/Sinai-Pearl-obklad-768x768.jpg 768w, https:\/\/idealstone.sk\/wp-content\/uploads\/2026\/03\/Sinai-Pearl-obklad-300x300.jpg 300w, https:\/\/idealstone.sk\/wp-content\/uploads\/2026\/03\/Sinai-Pearl-obklad-1024x1024.jpg 1024w, https:\/\/idealstone.sk\/wp-content\/uploads\/2026\/03\/Sinai-Pearl-obklad-150x150.jpg 150w, https:\/\/idealstone.sk\/wp-content\/uploads\/2026\/03\/Sinai-Pearl-obklad.jpg 1500w\" sizes=\"auto, (max-width: 768px) 100vw, 768px\" \/><\/div><div class=\"uael-grid-img-overlay\"><\/div><\/a><\/div><\/div><div class=\"uael-grid-item  uael-img-gallery-item-11\"><div class=\"uael-grid-item-content\"><a class=\"uael-grid-img uael-grid-gallery-img uael-ins-hover elementor-clickable\" data-fancybox=\"uael-gallery\" href=\"https:\/\/idealstone.sk\/wp-content\/uploads\/2026\/03\/Sinai-Pearl.jpeg\" data-elementor-open-lightbox=\"no\"><div class=\"uael-grid-img-thumbnail uael-ins-target\"><img loading=\"lazy\" decoding=\"async\" width=\"510\" height=\"510\" src=\"https:\/\/idealstone.sk\/wp-content\/uploads\/2026\/03\/Sinai-Pearl.jpeg\" class=\"attachment-medium_large size-medium_large wp-image-5350\" alt=\"\" srcset=\"https:\/\/idealstone.sk\/wp-content\/uploads\/2026\/03\/Sinai-Pearl.jpeg 510w, https:\/\/idealstone.sk\/wp-content\/uploads\/2026\/03\/Sinai-Pearl-300x300.jpeg 300w, https:\/\/idealstone.sk\/wp-content\/uploads\/2026\/03\/Sinai-Pearl-150x150.jpeg 150w\" sizes=\"auto, (max-width: 510px) 100vw, 510px\" \/><\/div><div class=\"uael-grid-img-overlay\"><\/div><\/a><\/div><\/div><div class=\"uael-grid-item  uael-img-gallery-item-12\"><div class=\"uael-grid-item-content\"><a class=\"uael-grid-img uael-grid-gallery-img uael-ins-hover elementor-clickable\" data-fancybox=\"uael-gallery\" href=\"https:\/\/idealstone.sk\/wp-content\/uploads\/2026\/03\/Sinnai-Pearl-obklad-3.jpg\" data-elementor-open-lightbox=\"no\"><div class=\"uael-grid-img-thumbnail uael-ins-target\"><img loading=\"lazy\" decoding=\"async\" width=\"768\" height=\"768\" src=\"https:\/\/idealstone.sk\/wp-content\/uploads\/2026\/03\/Sinnai-Pearl-obklad-3-768x768.jpg\" class=\"attachment-medium_large size-medium_large wp-image-5352\" alt=\"\" srcset=\"https:\/\/idealstone.sk\/wp-content\/uploads\/2026\/03\/Sinnai-Pearl-obklad-3-768x768.jpg 768w, https:\/\/idealstone.sk\/wp-content\/uploads\/2026\/03\/Sinnai-Pearl-obklad-3-300x300.jpg 300w, https:\/\/idealstone.sk\/wp-content\/uploads\/2026\/03\/Sinnai-Pearl-obklad-3-150x150.jpg 150w, https:\/\/idealstone.sk\/wp-content\/uploads\/2026\/03\/Sinnai-Pearl-obklad-3.jpg 800w\" sizes=\"auto, (max-width: 768px) 100vw, 768px\" \/><\/div><div class=\"uael-grid-img-overlay\"><\/div><\/a><\/div><\/div><div class=\"uael-grid-item  uael-img-gallery-item-13\"><div class=\"uael-grid-item-content\"><a class=\"uael-grid-img uael-grid-gallery-img uael-ins-hover elementor-clickable\" data-fancybox=\"uael-gallery\" href=\"https:\/\/idealstone.sk\/wp-content\/uploads\/2026\/03\/Sunny-menia.jpeg\" data-elementor-open-lightbox=\"no\"><div class=\"uael-grid-img-thumbnail uael-ins-target\"><img loading=\"lazy\" decoding=\"async\" width=\"510\" height=\"510\" src=\"https:\/\/idealstone.sk\/wp-content\/uploads\/2026\/03\/Sunny-menia.jpeg\" class=\"attachment-medium_large size-medium_large wp-image-5354\" alt=\"\" srcset=\"https:\/\/idealstone.sk\/wp-content\/uploads\/2026\/03\/Sunny-menia.jpeg 510w, https:\/\/idealstone.sk\/wp-content\/uploads\/2026\/03\/Sunny-menia-300x300.jpeg 300w, https:\/\/idealstone.sk\/wp-content\/uploads\/2026\/03\/Sunny-menia-150x150.jpeg 150w\" sizes=\"auto, (max-width: 510px) 100vw, 510px\" \/><\/div><div class=\"uael-grid-img-overlay\"><\/div><\/a><\/div><\/div><\/div><\/div>\t\t\t\t<\/div>\n\t\t\t\t<\/div>\n\t\t\t\t\t<\/div>\n\t\t\t\t<\/div>\n\t\t\t\t<\/div>\n\t\t","protected":false},"excerpt":{"rendered":"","protected":false},"author":2,"featured_media":0,"parent":232,"menu_order":0,"comment_status":"closed","ping_status":"closed","template":"","meta":{"footnotes":""},"class_list":["post-1568","page","type-page","status-publish","hentry"],"yoast_head":"<!-- This site is optimized with the Yoast SEO plugin v27.3 - https:\/\/yoast.com\/product\/yoast-seo-wordpress\/ -->\n<title>Medence j\u00e1r\u00f3lapok - IdealStone<\/title>\n<meta name=\"robots\" content=\"index, follow, max-snippet:-1, max-image-preview:large, max-video-preview:-1\" \/>\n<link rel=\"canonical\" href=\"https:\/\/idealstone.sk\/hu\/epitoipari-munkak\/kulteri-epiteszet\/medence-jarolapok\/\" \/>\n<meta property=\"og:locale\" content=\"hu_HU\" \/>\n<meta property=\"og:type\" content=\"article\" \/>\n<meta property=\"og:title\" content=\"Medence j\u00e1r\u00f3lapok - IdealStone\" \/>\n<meta property=\"og:url\" content=\"https:\/\/idealstone.sk\/hu\/epitoipari-munkak\/kulteri-epiteszet\/medence-jarolapok\/\" \/>\n<meta property=\"og:site_name\" content=\"IdealStone\" \/>\n<meta property=\"article:modified_time\" content=\"2026-03-27T23:13:50+00:00\" \/>\n<meta property=\"og:image\" content=\"https:\/\/idealstone.sk\/wp-content\/uploads\/2026\/03\/obklad-1.jpg\" \/>\n\t<meta property=\"og:image:width\" content=\"1417\" \/>\n\t<meta property=\"og:image:height\" content=\"1417\" \/>\n\t<meta property=\"og:image:type\" content=\"image\/jpeg\" \/>\n<script type=\"application\/ld+json\" class=\"yoast-schema-graph\">{\"@context\":\"https:\\\/\\\/schema.org\",\"@graph\":[{\"@type\":\"WebPage\",\"@id\":\"https:\\\/\\\/idealstone.sk\\\/hu\\\/epitoipari-munkak\\\/kulteri-epiteszet\\\/medence-jarolapok\\\/\",\"url\":\"https:\\\/\\\/idealstone.sk\\\/hu\\\/epitoipari-munkak\\\/kulteri-epiteszet\\\/medence-jarolapok\\\/\",\"name\":\"Medence j\u00e1r\u00f3lapok - IdealStone\",\"isPartOf\":{\"@id\":\"https:\\\/\\\/idealstone.sk\\\/hu\\\/#website\"},\"primaryImageOfPage\":{\"@id\":\"https:\\\/\\\/idealstone.sk\\\/hu\\\/epitoipari-munkak\\\/kulteri-epiteszet\\\/medence-jarolapok\\\/#primaryimage\"},\"image\":{\"@id\":\"https:\\\/\\\/idealstone.sk\\\/hu\\\/epitoipari-munkak\\\/kulteri-epiteszet\\\/medence-jarolapok\\\/#primaryimage\"},\"thumbnailUrl\":\"https:\\\/\\\/idealstone.sk\\\/wp-content\\\/uploads\\\/2026\\\/03\\\/obklad-1-768x768.jpg\",\"datePublished\":\"2015-03-05T08:45:48+00:00\",\"dateModified\":\"2026-03-27T23:13:50+00:00\",\"breadcrumb\":{\"@id\":\"https:\\\/\\\/idealstone.sk\\\/hu\\\/epitoipari-munkak\\\/kulteri-epiteszet\\\/medence-jarolapok\\\/#breadcrumb\"},\"inLanguage\":\"hu\",\"potentialAction\":[{\"@type\":\"ReadAction\",\"target\":[\"https:\\\/\\\/idealstone.sk\\\/hu\\\/epitoipari-munkak\\\/kulteri-epiteszet\\\/medence-jarolapok\\\/\"]}]},{\"@type\":\"ImageObject\",\"inLanguage\":\"hu\",\"@id\":\"https:\\\/\\\/idealstone.sk\\\/hu\\\/epitoipari-munkak\\\/kulteri-epiteszet\\\/medence-jarolapok\\\/#primaryimage\",\"url\":\"https:\\\/\\\/idealstone.sk\\\/wp-content\\\/uploads\\\/2026\\\/03\\\/obklad-1-768x768.jpg\",\"contentUrl\":\"https:\\\/\\\/idealstone.sk\\\/wp-content\\\/uploads\\\/2026\\\/03\\\/obklad-1-768x768.jpg\"},{\"@type\":\"BreadcrumbList\",\"@id\":\"https:\\\/\\\/idealstone.sk\\\/hu\\\/epitoipari-munkak\\\/kulteri-epiteszet\\\/medence-jarolapok\\\/#breadcrumb\",\"itemListElement\":[{\"@type\":\"ListItem\",\"position\":1,\"name\":\"Kezd\u0151lap\",\"item\":\"https:\\\/\\\/idealstone.sk\\\/hu\\\/\"},{\"@type\":\"ListItem\",\"position\":2,\"name\":\"\u00c9p\u00edt\u0151ipari munk\u00e1k\",\"item\":\"https:\\\/\\\/idealstone.sk\\\/hu\\\/epitoipari-munkak\\\/\"},{\"@type\":\"ListItem\",\"position\":3,\"name\":\"K\u00fclt\u00e9ri \u00e9p\u00edt\u00e9szet\",\"item\":\"https:\\\/\\\/idealstone.sk\\\/hu\\\/epitoipari-munkak\\\/kulteri-epiteszet\\\/\"},{\"@type\":\"ListItem\",\"position\":4,\"name\":\"Medence j\u00e1r\u00f3lapok\"}]},{\"@type\":\"WebSite\",\"@id\":\"https:\\\/\\\/idealstone.sk\\\/hu\\\/#website\",\"url\":\"https:\\\/\\\/idealstone.sk\\\/hu\\\/\",\"name\":\"IdealStone\",\"description\":\"Kamen\u00e1rstvo \u2013 v\u00fdroba, predaj a mont\u00e1\u017e v\u00fdrobkov z granitu, mramoru a umel\u00e9ho kame\u0148a\",\"publisher\":{\"@id\":\"https:\\\/\\\/idealstone.sk\\\/hu\\\/#organization\"},\"potentialAction\":[{\"@type\":\"SearchAction\",\"target\":{\"@type\":\"EntryPoint\",\"urlTemplate\":\"https:\\\/\\\/idealstone.sk\\\/hu\\\/?s={search_term_string}\"},\"query-input\":{\"@type\":\"PropertyValueSpecification\",\"valueRequired\":true,\"valueName\":\"search_term_string\"}}],\"inLanguage\":\"hu\"},{\"@type\":\"Organization\",\"@id\":\"https:\\\/\\\/idealstone.sk\\\/hu\\\/#organization\",\"name\":\"IdealStone\",\"url\":\"https:\\\/\\\/idealstone.sk\\\/hu\\\/\",\"logo\":{\"@type\":\"ImageObject\",\"inLanguage\":\"hu\",\"@id\":\"https:\\\/\\\/idealstone.sk\\\/hu\\\/#\\\/schema\\\/logo\\\/image\\\/\",\"url\":\"https:\\\/\\\/idealstone.sk\\\/wp-content\\\/uploads\\\/2026\\\/03\\\/Logo-1.png\",\"contentUrl\":\"https:\\\/\\\/idealstone.sk\\\/wp-content\\\/uploads\\\/2026\\\/03\\\/Logo-1.png\",\"width\":1603,\"height\":228,\"caption\":\"IdealStone\"},\"image\":{\"@id\":\"https:\\\/\\\/idealstone.sk\\\/hu\\\/#\\\/schema\\\/logo\\\/image\\\/\"}}]}<\/script>\n<!-- \/ Yoast SEO plugin. -->","yoast_head_json":{"title":"Medence j\u00e1r\u00f3lapok - IdealStone","robots":{"index":"index","follow":"follow","max-snippet":"max-snippet:-1","max-image-preview":"max-image-preview:large","max-video-preview":"max-video-preview:-1"},"canonical":"https:\/\/idealstone.sk\/hu\/epitoipari-munkak\/kulteri-epiteszet\/medence-jarolapok\/","og_locale":"hu_HU","og_type":"article","og_title":"Medence j\u00e1r\u00f3lapok - IdealStone","og_url":"https:\/\/idealstone.sk\/hu\/epitoipari-munkak\/kulteri-epiteszet\/medence-jarolapok\/","og_site_name":"IdealStone","article_modified_time":"2026-03-27T23:13:50+00:00","og_image":[{"width":1417,"height":1417,"url":"https:\/\/idealstone.sk\/wp-content\/uploads\/2026\/03\/obklad-1.jpg","type":"image\/jpeg"}],"schema":{"@context":"https:\/\/schema.org","@graph":[{"@type":"WebPage","@id":"https:\/\/idealstone.sk\/hu\/epitoipari-munkak\/kulteri-epiteszet\/medence-jarolapok\/","url":"https:\/\/idealstone.sk\/hu\/epitoipari-munkak\/kulteri-epiteszet\/medence-jarolapok\/","name":"Medence j\u00e1r\u00f3lapok - IdealStone","isPartOf":{"@id":"https:\/\/idealstone.sk\/hu\/#website"},"primaryImageOfPage":{"@id":"https:\/\/idealstone.sk\/hu\/epitoipari-munkak\/kulteri-epiteszet\/medence-jarolapok\/#primaryimage"},"image":{"@id":"https:\/\/idealstone.sk\/hu\/epitoipari-munkak\/kulteri-epiteszet\/medence-jarolapok\/#primaryimage"},"thumbnailUrl":"https:\/\/idealstone.sk\/wp-content\/uploads\/2026\/03\/obklad-1-768x768.jpg","datePublished":"2015-03-05T08:45:48+00:00","dateModified":"2026-03-27T23:13:50+00:00","breadcrumb":{"@id":"https:\/\/idealstone.sk\/hu\/epitoipari-munkak\/kulteri-epiteszet\/medence-jarolapok\/#breadcrumb"},"inLanguage":"hu","potentialAction":[{"@type":"ReadAction","target":["https:\/\/idealstone.sk\/hu\/epitoipari-munkak\/kulteri-epiteszet\/medence-jarolapok\/"]}]},{"@type":"ImageObject","inLanguage":"hu","@id":"https:\/\/idealstone.sk\/hu\/epitoipari-munkak\/kulteri-epiteszet\/medence-jarolapok\/#primaryimage","url":"https:\/\/idealstone.sk\/wp-content\/uploads\/2026\/03\/obklad-1-768x768.jpg","contentUrl":"https:\/\/idealstone.sk\/wp-content\/uploads\/2026\/03\/obklad-1-768x768.jpg"},{"@type":"BreadcrumbList","@id":"https:\/\/idealstone.sk\/hu\/epitoipari-munkak\/kulteri-epiteszet\/medence-jarolapok\/#breadcrumb","itemListElement":[{"@type":"ListItem","position":1,"name":"Kezd\u0151lap","item":"https:\/\/idealstone.sk\/hu\/"},{"@type":"ListItem","position":2,"name":"\u00c9p\u00edt\u0151ipari munk\u00e1k","item":"https:\/\/idealstone.sk\/hu\/epitoipari-munkak\/"},{"@type":"ListItem","position":3,"name":"K\u00fclt\u00e9ri \u00e9p\u00edt\u00e9szet","item":"https:\/\/idealstone.sk\/hu\/epitoipari-munkak\/kulteri-epiteszet\/"},{"@type":"ListItem","position":4,"name":"Medence j\u00e1r\u00f3lapok"}]},{"@type":"WebSite","@id":"https:\/\/idealstone.sk\/hu\/#website","url":"https:\/\/idealstone.sk\/hu\/","name":"IdealStone","description":"Kamen\u00e1rstvo \u2013 v\u00fdroba, predaj a mont\u00e1\u017e v\u00fdrobkov z granitu, mramoru a umel\u00e9ho kame\u0148a","publisher":{"@id":"https:\/\/idealstone.sk\/hu\/#organization"},"potentialAction":[{"@type":"SearchAction","target":{"@type":"EntryPoint","urlTemplate":"https:\/\/idealstone.sk\/hu\/?s={search_term_string}"},"query-input":{"@type":"PropertyValueSpecification","valueRequired":true,"valueName":"search_term_string"}}],"inLanguage":"hu"},{"@type":"Organization","@id":"https:\/\/idealstone.sk\/hu\/#organization","name":"IdealStone","url":"https:\/\/idealstone.sk\/hu\/","logo":{"@type":"ImageObject","inLanguage":"hu","@id":"https:\/\/idealstone.sk\/hu\/#\/schema\/logo\/image\/","url":"https:\/\/idealstone.sk\/wp-content\/uploads\/2026\/03\/Logo-1.png","contentUrl":"https:\/\/idealstone.sk\/wp-content\/uploads\/2026\/03\/Logo-1.png","width":1603,"height":228,"caption":"IdealStone"},"image":{"@id":"https:\/\/idealstone.sk\/hu\/#\/schema\/logo\/image\/"}}]}},"_links":{"self":[{"href":"https:\/\/idealstone.sk\/hu\/wp-json\/wp\/v2\/pages\/1568","targetHints":{"allow":["GET"]}}],"collection":[{"href":"https:\/\/idealstone.sk\/hu\/wp-json\/wp\/v2\/pages"}],"about":[{"href":"https:\/\/idealstone.sk\/hu\/wp-json\/wp\/v2\/types\/page"}],"author":[{"embeddable":true,"href":"https:\/\/idealstone.sk\/hu\/wp-json\/wp\/v2\/users\/2"}],"replies":[{"embeddable":true,"href":"https:\/\/idealstone.sk\/hu\/wp-json\/wp\/v2\/comments?post=1568"}],"version-history":[{"count":5,"href":"https:\/\/idealstone.sk\/hu\/wp-json\/wp\/v2\/pages\/1568\/revisions"}],"predecessor-version":[{"id":5359,"href":"https:\/\/idealstone.sk\/hu\/wp-json\/wp\/v2\/pages\/1568\/revisions\/5359"}],"up":[{"embeddable":true,"href":"https:\/\/idealstone.sk\/hu\/wp-json\/wp\/v2\/pages\/232"}],"wp:attachment":[{"href":"https:\/\/idealstone.sk\/hu\/wp-json\/wp\/v2\/media?parent=1568"}],"curies":[{"name":"wp","href":"https:\/\/api.w.org\/{rel}","templated":true}]}}